{"id":123820,"date":"2022-02-20T00:00:00","date_gmt":"2022-02-20T05:00:00","guid":{"rendered":"https:\/\/gpl-love.com\/es\/producto\/elmastudio-suidobashi-wordpress-theme\/"},"modified":"2026-03-13T17:20:17","modified_gmt":"2026-03-13T22:20:17","slug":"elmastudio-suidobashi-wordpress-theme","status":"publish","type":"product","link":"https:\/\/gpl-love.com\/es\/producto\/elmastudio-suidobashi-wordpress-theme\/","title":{"rendered":"ElmaStudio Suidobashi WordPress Theme 1.0.11"},"content":{"rendered":"<h3>ElmaStudio Suidobashi WordPress Theme Caracteristicas<\/h3>\n<p>El tema Elmastudio Suidobashi WordPress se presenta como un tema altamente vers\u00e1til y f\u00e1cil de usar, con un dise\u00f1o elegante y moderno que atiende a una amplia gama de tipos de sitios web. Su dise\u00f1o totalmente receptivo garantiza que su sitio mantendr\u00e1 su atractivo visual en todos los dispositivos. Adem\u00e1s, este tema ofrece una gran cantidad de opciones de personalizaci\u00f3n, incluidos m\u00faltiples esquemas de color y opciones de fuentes, lo que le permite personalizar verdaderamente su sitio. Adem\u00e1s, el tema Suidobashi proporciona varias plantillas de p\u00e1gina preconstruidas, asegurando que incluso las personas que carecen de experiencia t\u00e9cnica extensa puedan crear sin esfuerzo un sitio web de aspecto profesional. En particular, la optimizaci\u00f3n de este tema para la velocidad y el SEO garantiza tiempos de carga r\u00e1pida y una mayor visibilidad en los motores de b\u00fasqueda. En resumen, el tema Elmastudio Suidobashi WordPress sirve como una soluci\u00f3n excepcional para cualquier persona en busca de un tema robusto y adaptable para su sitio de WordPress.<\/p>\n<ul>\n<li>Dise\u00f1o elegante y moderno, perfecto para una variedad de sitios web<\/li>\n<li>El dise\u00f1o totalmente receptivo garantiza que su sitio web se vea muy bien en cualquier dispositivo<\/li>\n<li>Los esquemas de color personalizables y la tipograf\u00eda permiten una personalizaci\u00f3n \u00fanica<\/li>\n<li>Integraci\u00f3n con complementos populares de WordPress como formularios de gravedad y Formulario de contacto 7<\/li>\n<li>Soporte incorporado para WooCommerce, lo que facilita la creaci\u00f3n de una tienda en l\u00ednea<\/li>\n<li>Panel de opciones de tema f\u00e1cil de usar para una personalizaci\u00f3n r\u00e1pida y f\u00e1cil<\/li>\n<li>Traducci\u00f3n lista con archivos incluidos .po y .mo para una f\u00e1cil localizaci\u00f3n<\/li>\n<li>Documentaci\u00f3n extensa y equipo de apoyo dedicado para cualquier pregunta o problema<\/li>\n<li>Actualizado regularmente para garantizar la compatibilidad con la \u00faltima versi\u00f3n de WordPress<\/li>\n<\/ul>\n","protected":false},"excerpt":{"rendered":"<p>Elmastudio Suidobashi, un tema de WordPress caracterizado por su dise\u00f1o elegante y moderno, ha sido meticulosamente elaborado para satisfacer las necesidades de blogueros y profesionales creativos por igual. Su dise\u00f1o limpio y bien organizado, junto con su amplia gama de caracter\u00edsticas personalizables, permite a los usuarios exhibir sin esfuerzo su contenido y establecer una impresionante presencia en l\u00ednea. Adem\u00e1s, este tema cuenta con plena capacidad de respuesta, asegurando una experiencia de usuario perfecta en varios dispositivos, al tiempo que est\u00e1 altamente optimizado para fines de optimizaci\u00f3n de motores de b\u00fasqueda (SEO). Adem\u00e1s, Suidobashi se integra perfectamente con complementos populares como WooCommerce y el Formulario de contacto 7, lo que permite a los usuarios incorporar sin esfuerzo la funcionalidad de comercio electr\u00f3nico y crear formularios de contacto interactivos. Adem\u00e1s, el compromiso inquebrantable de Elmastudio de proporcionar apoyo excepcional y actualizaciones regulares refuerza el estado de Suidobashi como la mejor opci\u00f3n para las personas que buscan trascender los l\u00edmites de su sitio web y lograr niveles de excelencia incomparables.<\/p>\n","protected":false},"featured_media":165965,"comment_status":"open","ping_status":"open","template":"","meta":[],"product_brand":[2439],"product_cat":[1267,1237,1238],"product_tag":[2253],"class_list":{"0":"post-123820","1":"product","2":"type-product","3":"status-publish","4":"has-post-thumbnail","6":"product_brand-elma-studio","7":"product_cat-creativo","8":"product_cat-temas","9":"product_cat-wordpress-temas","10":"product_tag-elma-studio","11":"member-discount","12":"discount-restricted","14":"first","15":"instock","16":"sale","17":"downloadable","18":"virtual","19":"sold-individually","20":"purchasable","21":"product-type-simple"},"_links":{"self":[{"href":"https:\/\/gpl-love.com\/es\/wp-json\/wp\/v2\/product\/123820","targetHints":{"allow":["GET"]}}],"collection":[{"href":"https:\/\/gpl-love.com\/es\/wp-json\/wp\/v2\/product"}],"about":[{"href":"https:\/\/gpl-love.com\/es\/wp-json\/wp\/v2\/types\/product"}],"replies":[{"embeddable":true,"href":"https:\/\/gpl-love.com\/es\/wp-json\/wp\/v2\/comments?post=123820"}],"wp:featuredmedia":[{"embeddable":true,"href":"https:\/\/gpl-love.com\/es\/wp-json\/wp\/v2\/media\/165965"}],"wp:attachment":[{"href":"https:\/\/gpl-love.com\/es\/wp-json\/wp\/v2\/media?parent=123820"}],"wp:term":[{"taxonomy":"product_brand","embeddable":true,"href":"https:\/\/gpl-love.com\/es\/wp-json\/wp\/v2\/product_brand?post=123820"},{"taxonomy":"product_cat","embeddable":true,"href":"https:\/\/gpl-love.com\/es\/wp-json\/wp\/v2\/product_cat?post=123820"},{"taxonomy":"product_tag","embeddable":true,"href":"https:\/\/gpl-love.com\/es\/wp-json\/wp\/v2\/product_tag?post=123820"}],"curies":[{"name":"wp","href":"https:\/\/api.w.org\/{rel}","templated":true}]}}