{"id":123818,"date":"2021-02-09T00:00:00","date_gmt":"2021-02-09T05:00:00","guid":{"rendered":"https:\/\/gpl-love.com\/es\/producto\/elmastudio-renkon-wordpress-theme\/"},"modified":"2026-03-13T17:20:16","modified_gmt":"2026-03-13T22:20:16","slug":"elmastudio-renkon-wordpress-theme","status":"publish","type":"product","link":"https:\/\/gpl-love.com\/es\/producto\/elmastudio-renkon-wordpress-theme\/","title":{"rendered":"ElmaStudio Renkon WordPress Theme 1.0.11"},"content":{"rendered":"<h3>ElmaStudio Renkon WordPress Theme Caracteristicas<\/h3>\n<p>El tema de Elmastudio Renkon WordPress, amado por bloggers y profesionales creativos, es una maravilla de la personalizaci\u00f3n y la facilidad de uso. Su dise\u00f1o elegante y discreto proporciona un exquisito tel\u00f3n de fondo para que los usuarios exhiban con orgullo su contenido de manera contempor\u00e1nea y cautivadora. Este tema notable no solo es totalmente receptivo, lo que garantiza una experiencia de visualizaci\u00f3n \u00f3ptima en todos los dispositivos, sino que tambi\u00e9n est\u00e1 meticulosamente optimizado para la optimizaci\u00f3n de motores de b\u00fasqueda (SEO), lo que otorga a los usuarios la mejor posibilidad posible de ser descubierto en l\u00ednea. Adem\u00e1s, este tema excepcional cuenta con una impresionante variedad de opciones personalizables, que van desde una multitud de la p\u00e1gina de inicio y los dise\u00f1os de blog hasta una gran cantidad de formatos de publicaci\u00f3n \u00fanicos e incluso la capacidad de ajustar los esquemas de color hasta el deseo del coraz\u00f3n de uno. Como si eso no fuera suficiente, el tema Elmastudio Renkon WordPress tambi\u00e9n incorpora una selecci\u00f3n diversa de widgets y complementos, incluida la integraci\u00f3n perfecta con varias plataformas de redes sociales y un encabezado que se puede adaptar para adaptarse a las preferencias individuales. Ya sea que sea un estimado blogger, un entusiasta de la fotograf\u00eda o un artista talentoso, el tema Elmastudio Renkon WordPress es inequ\u00edvocamente la opci\u00f3n ideal para crear un sitio web que sea est\u00e9ticamente agradable y funcionalmente eficiente.<\/p>\n<ul>\n<li>Tema de WordPress personalizable y vers\u00e1til perfecto para bloggers, creativos y negocios<\/li>\n<li>Dise\u00f1o moderno y limpio con elementos de inspiraci\u00f3n japonesa como flores de cerezo y tonos de madera<\/li>\n<li>Responsivo y amigable con los dispositivos m\u00f3viles, asegurando una experiencia de usuario perfecta en todos los dispositivos<\/li>\n<li>M\u00faltiples variaciones de la p\u00e1gina de inicio y opciones de dise\u00f1o para elegir<\/li>\n<li>Opciones de dise\u00f1o de ancho completo o en caja disponibles<\/li>\n<li>WooCommerce compatible para una f\u00e1cil integraci\u00f3n de comercio electr\u00f3nico<\/li>\n<li>\u00c1reas personalizables de encabezado y pie de p\u00e1gina para satisfacer sus necesidades de marca<\/li>\n<li>Integraci\u00f3n con complementos populares como Jetpack y Yoast SEO para una funcionalidad mejorada<\/li>\n<li>Documentaci\u00f3n y apoyo extenso proporcionado por el equipo de Elmastudio<\/li>\n<li>Actualizaciones y mejoras regulares para garantizar un rendimiento y compatibilidad \u00f3ptimos<\/li>\n<\/ul>\n","protected":false},"excerpt":{"rendered":"<p>El tema de Renkon WordPress, desarrollado por Elmastudio, presenta un dise\u00f1o exquisito y contempor\u00e1neo que exuda perfecci\u00f3n para una amplia gama de personas, incluidos blogueros, artistas, fot\u00f3grafos y otros profesionales creativos. A trav\u00e9s de su dise\u00f1o notablemente elegante y minimalista, Renkon ofrece sin esfuerzo una plataforma sofisticada y utilitaria que muestra perfectamente sus creaciones art\u00edsticas al tiempo que facilita la difusi\u00f3n de sus pensamientos innovadores. Adem\u00e1s, este tema abarca una variedad de opciones personalizables, que abarca una mir\u00edada de esquemas de color, alternativas de fuente y configuraciones de dise\u00f1o, lo que le permite adaptar meticulosamente su blog o sitio web para reflejar su estilo distintivo y cumplir con sus requisitos espec\u00edficos. Independientemente de si usted es un aspirante a blogger que se embarca en su viaje o un artista consumado con una reputaci\u00f3n bien establecida, Renkon lo equipa impecablemente con todas las herramientas necesarias necesarias para establecer una presencia en l\u00ednea pulida y cautivadora que resuene el profesionalismo.<\/p>\n","protected":false},"featured_media":165964,"comment_status":"open","ping_status":"open","template":"","meta":[],"product_brand":[2439],"product_cat":[1267,1237,1238],"product_tag":[2253],"class_list":{"0":"post-123818","1":"product","2":"type-product","3":"status-publish","4":"has-post-thumbnail","6":"product_brand-elma-studio","7":"product_cat-creativo","8":"product_cat-temas","9":"product_cat-wordpress-temas","10":"product_tag-elma-studio","11":"member-discount","12":"discount-restricted","14":"first","15":"instock","16":"sale","17":"downloadable","18":"virtual","19":"sold-individually","20":"purchasable","21":"product-type-simple"},"_links":{"self":[{"href":"https:\/\/gpl-love.com\/es\/wp-json\/wp\/v2\/product\/123818","targetHints":{"allow":["GET"]}}],"collection":[{"href":"https:\/\/gpl-love.com\/es\/wp-json\/wp\/v2\/product"}],"about":[{"href":"https:\/\/gpl-love.com\/es\/wp-json\/wp\/v2\/types\/product"}],"replies":[{"embeddable":true,"href":"https:\/\/gpl-love.com\/es\/wp-json\/wp\/v2\/comments?post=123818"}],"wp:featuredmedia":[{"embeddable":true,"href":"https:\/\/gpl-love.com\/es\/wp-json\/wp\/v2\/media\/165964"}],"wp:attachment":[{"href":"https:\/\/gpl-love.com\/es\/wp-json\/wp\/v2\/media?parent=123818"}],"wp:term":[{"taxonomy":"product_brand","embeddable":true,"href":"https:\/\/gpl-love.com\/es\/wp-json\/wp\/v2\/product_brand?post=123818"},{"taxonomy":"product_cat","embeddable":true,"href":"https:\/\/gpl-love.com\/es\/wp-json\/wp\/v2\/product_cat?post=123818"},{"taxonomy":"product_tag","embeddable":true,"href":"https:\/\/gpl-love.com\/es\/wp-json\/wp\/v2\/product_tag?post=123818"}],"curies":[{"name":"wp","href":"https:\/\/api.w.org\/{rel}","templated":true}]}}