{"id":123816,"date":"2022-02-20T00:00:00","date_gmt":"2022-02-20T05:00:00","guid":{"rendered":"https:\/\/gpl-love.com\/es\/producto\/elmastudio-pukeko-wordpress-theme\/"},"modified":"2026-03-13T17:20:16","modified_gmt":"2026-03-13T22:20:16","slug":"elmastudio-pukeko-wordpress-theme","status":"publish","type":"product","link":"https:\/\/gpl-love.com\/es\/producto\/elmastudio-pukeko-wordpress-theme\/","title":{"rendered":"ElmaStudio Pukeko WordPress Theme 1.2.4"},"content":{"rendered":"<h3>ElmaStudio Pukeko WordPress Theme Caracteristicas<\/h3>\n<p>El tema de WordPress Elmastudio Pukeko se presenta como una opci\u00f3n ideal para las personas en el campo de los blogs, la fotograf\u00eda y cualquier persona que busque mostrar sus trabajos creativos en Internet. Este notable tema ha sido meticulosamente dise\u00f1ado para acentuar su contenido y permitir que su sitio web se distinga en medio de la gran cantidad de plataformas en l\u00ednea. Poseer una interfaz limpia y contempor\u00e1nea, Pukeko ofrece una experiencia de usuario sin esfuerzo e instintiva que le otorga la capacidad de adaptar su sitio web a sus preferencias. Adem\u00e1s, este tema es totalmente receptivo, asegurando que su sitio web mantenga su atractivo visual independientemente del dispositivo desde el que se acceda. Adem\u00e1s, abarca una gran cantidad de caracter\u00edsticas pr\u00e1cticas que incluyen widgets personalizados, entrelazados con plataformas de redes sociales y optimizaci\u00f3n para la clasificaci\u00f3n de motores de b\u00fasqueda, facilitando as\u00ed la administraci\u00f3n de su sitio web. Ya sea que aspira a construir una cartera profesional, inaugurar un blog o promover su negocio, el tema de WordPress Elmastudio Pukeko indudablemente demuestra ser una opci\u00f3n vers\u00e1til y potente que lo ayuda efectivamente a realizar sus objetivos.<\/p>\n<ul>\n<li>Dise\u00f1o moderno y minimalista<\/li>\n<li>Dise\u00f1o totalmente receptivo y amigable para m\u00f3viles<\/li>\n<li>Opciones de personalizaci\u00f3n para colores, fuentes y fondos<\/li>\n<li>Herramienta de personalizaci\u00f3n f\u00e1cil de usar para una vista previa y ajustes en vivo<\/li>\n<li>Opciones de dise\u00f1o de m\u00faltiples p\u00e1ginas de inicio y blog<\/li>\n<li>Iconos de redes sociales integrados para compartir f\u00e1cilmente<\/li>\n<li>Compatibilidad con complementos populares como WooCommerce y el Formulario de contacto 7<\/li>\n<li>Lista de traducci\u00f3n para audiencia global<\/li>\n<li>Apoyo dedicado del equipo de Elmastudio<\/li>\n<li>Actualizaciones y mejoras regulares para garantizar un rendimiento \u00f3ptimo<\/li>\n<\/ul>\n","protected":false},"excerpt":{"rendered":"<p>El tema de Pukeko WordPress, desarrollado por Elmastudio, es un tema exquisitamente elaborado y contempor\u00e1neo que demuestra ser una soluci\u00f3n ideal para blogueros, creativos y negocios por igual. Su dise\u00f1o elegante y moderno no solo cautiva la atenci\u00f3n del espectador, sino que tambi\u00e9n permite que el contenido sea el punto focal. Adem\u00e1s, este tema ofrece una impresionante variedad de opciones de personalizaci\u00f3n que permite a los usuarios crear un sitio web que sea realmente \u00fanico en su tipo. Adem\u00e1s, el tema es totalmente receptivo, asegurando que se muestre perfectamente en todos los dispositivos. Adem\u00e1s, cuenta con una variedad de caracter\u00edsticas como una p\u00e1gina de inicio personalizable, varios dise\u00f1os de blog, as\u00ed como una integraci\u00f3n perfecta con las plataformas de redes sociales. Por \u00faltimo, este tema es f\u00e1cil de usar y puede instalarse sin esfuerzo, por lo que es la mejor opci\u00f3n para las personas que buscan establecer una presencia en l\u00ednea est\u00e9ticamente agradable y pulida.<\/p>\n","protected":false},"featured_media":165963,"comment_status":"open","ping_status":"open","template":"","meta":[],"product_brand":[2439],"product_cat":[1239,1237,1238],"product_tag":[2253],"class_list":{"0":"post-123816","1":"product","2":"type-product","3":"status-publish","4":"has-post-thumbnail","6":"product_brand-elma-studio","7":"product_cat-de-multiples-fines","8":"product_cat-temas","9":"product_cat-wordpress-temas","10":"product_tag-elma-studio","11":"member-discount","12":"discount-restricted","14":"first","15":"instock","16":"sale","17":"downloadable","18":"virtual","19":"sold-individually","20":"purchasable","21":"product-type-simple"},"_links":{"self":[{"href":"https:\/\/gpl-love.com\/es\/wp-json\/wp\/v2\/product\/123816","targetHints":{"allow":["GET"]}}],"collection":[{"href":"https:\/\/gpl-love.com\/es\/wp-json\/wp\/v2\/product"}],"about":[{"href":"https:\/\/gpl-love.com\/es\/wp-json\/wp\/v2\/types\/product"}],"replies":[{"embeddable":true,"href":"https:\/\/gpl-love.com\/es\/wp-json\/wp\/v2\/comments?post=123816"}],"wp:featuredmedia":[{"embeddable":true,"href":"https:\/\/gpl-love.com\/es\/wp-json\/wp\/v2\/media\/165963"}],"wp:attachment":[{"href":"https:\/\/gpl-love.com\/es\/wp-json\/wp\/v2\/media?parent=123816"}],"wp:term":[{"taxonomy":"product_brand","embeddable":true,"href":"https:\/\/gpl-love.com\/es\/wp-json\/wp\/v2\/product_brand?post=123816"},{"taxonomy":"product_cat","embeddable":true,"href":"https:\/\/gpl-love.com\/es\/wp-json\/wp\/v2\/product_cat?post=123816"},{"taxonomy":"product_tag","embeddable":true,"href":"https:\/\/gpl-love.com\/es\/wp-json\/wp\/v2\/product_tag?post=123816"}],"curies":[{"name":"wp","href":"https:\/\/api.w.org\/{rel}","templated":true}]}}