{"id":123814,"date":"2022-02-20T00:00:00","date_gmt":"2022-02-20T05:00:00","guid":{"rendered":"https:\/\/gpl-love.com\/es\/producto\/elmastudio-ponsonby-wordpress-theme\/"},"modified":"2026-03-13T17:20:15","modified_gmt":"2026-03-13T22:20:15","slug":"elmastudio-ponsonby-wordpress-theme","status":"publish","type":"product","link":"https:\/\/gpl-love.com\/es\/producto\/elmastudio-ponsonby-wordpress-theme\/","title":{"rendered":"ElmaStudio Ponsonby WordPress Theme 1.1.8"},"content":{"rendered":"<h3>ElmaStudio Ponsonby WordPress Theme Caracteristicas<\/h3>\n<p>El tema de WordPress Elmastudio Ponsonby muestra una apariencia est\u00e9ticamente fascinante y sofisticada, lo que lo convierte en una opci\u00f3n impecable para blogueros, creativos y propietarios de peque\u00f1as empresas por igual. Con un dise\u00f1o pr\u00edstino y simplista, este tema facilita la personalizaci\u00f3n sin esfuerzo, atendiendo as\u00ed a las personas que desean una plataforma en l\u00ednea exclusiva y personalizada. Acompa\u00f1ado de un marco receptivo, el tema se ajusta perfectamente a una mir\u00edada de tama\u00f1os y variaciones de pantalla, asegurando un sitio web visualmente atractivo en todos los dispositivos. Adem\u00e1s, una extensa gama de caracter\u00edsticas y funcionalidades, incluidos widgets personalizados, integraci\u00f3n con plataformas de redes sociales y soporte de traducci\u00f3n de idiomas, entre otros, se abarcan dentro de este tema. Al amalgamando un dise\u00f1o contempor\u00e1neo con atributos robustos, el tema de WordPress Elmastudio Ponsonby es indiscutiblemente como una opci\u00f3n excepcional para las personas que buscan establecer una existencia en l\u00ednea de buena reputaci\u00f3n y cautivadora.<\/p>\n<ul>\n<li>Elmastudio Ponsonby es un tema premium de WordPress que es perfecto para blogueros, trabajadores independientes y propietarios de peque\u00f1as empresas.<\/li>\n<li>El tema est\u00e1 dise\u00f1ado para ser completamente receptivo, lo que significa que se ver\u00e1 muy bien en cualquier dispositivo, incluidos tel\u00e9fonos y tabletas.<\/li>\n<li>El dise\u00f1o limpio y elegante del tema Ponsonby es perfecto para aquellos que desean un aspecto moderno y profesional para su sitio web.<\/li>\n<li>El tema incluye una variedad de widgets personalizados, incluidos widgets para mostrar publicaciones recientes, enlaces de redes sociales y una secci\u00f3n sobre m\u00ed.<\/li>\n<li>Ponsonby tambi\u00e9n incluye un poderoso control deslizante incorporado que le permite mostrar f\u00e1cilmente su contenido y promociones m\u00e1s populares en la p\u00e1gina de inicio de su sitio web.<\/li>\n<li>El tema es altamente personalizable, con opciones para cambiar colores, fuentes y una variedad de otros elementos de dise\u00f1o.<\/li>\n<li>Elmastudio proporciona una amplia documentaci\u00f3n y soporte para el tema de Ponsonby, asegurando que pueda poner en funcionamiento su sitio web de manera r\u00e1pida y f\u00e1cil.<\/li>\n<li>Con su dise\u00f1o moderno y caracter\u00edsticas potentes, el tema Ponsonby es una gran opci\u00f3n para cualquiera que busque crear un sitio web profesional y atractivo de WordPress.<\/li>\n<\/ul>\n","protected":false},"excerpt":{"rendered":"<p>El tema de WordPress Elmastudio Ponsonby es una opci\u00f3n excepcional para las personas en busca de un dise\u00f1o ideal de sitios web, particularmente bloggers, fot\u00f3grafos y profesionales creativos. Su atractivo y flexibilidad son evidentes en su dise\u00f1o elegante y minimalista, lo que permite a los usuarios personalizar varios aspectos, como dise\u00f1os de p\u00e1gina de inicio, esquemas de color, estilos de fuente y opciones de cuadr\u00edcula. Adem\u00e1s, su instalaci\u00f3n y experiencia en uso son sin esfuerzo, y se integra sin problemas con las actualizaciones m\u00e1s recientes de WordPress. Desatara su creatividad y eleva su sitio web a nuevas alturas adoptando el tema de Ponsonby.<\/p>\n","protected":false},"featured_media":165962,"comment_status":"open","ping_status":"open","template":"","meta":[],"product_brand":[2439],"product_cat":[1245,1237,1238],"product_tag":[2253],"class_list":{"0":"post-123814","1":"product","2":"type-product","3":"status-publish","4":"has-post-thumbnail","6":"product_brand-elma-studio","7":"product_cat-blog-revista","8":"product_cat-temas","9":"product_cat-wordpress-temas","10":"product_tag-elma-studio","11":"member-discount","12":"discount-restricted","14":"first","15":"instock","16":"sale","17":"downloadable","18":"virtual","19":"sold-individually","20":"purchasable","21":"product-type-simple"},"_links":{"self":[{"href":"https:\/\/gpl-love.com\/es\/wp-json\/wp\/v2\/product\/123814","targetHints":{"allow":["GET"]}}],"collection":[{"href":"https:\/\/gpl-love.com\/es\/wp-json\/wp\/v2\/product"}],"about":[{"href":"https:\/\/gpl-love.com\/es\/wp-json\/wp\/v2\/types\/product"}],"replies":[{"embeddable":true,"href":"https:\/\/gpl-love.com\/es\/wp-json\/wp\/v2\/comments?post=123814"}],"wp:featuredmedia":[{"embeddable":true,"href":"https:\/\/gpl-love.com\/es\/wp-json\/wp\/v2\/media\/165962"}],"wp:attachment":[{"href":"https:\/\/gpl-love.com\/es\/wp-json\/wp\/v2\/media?parent=123814"}],"wp:term":[{"taxonomy":"product_brand","embeddable":true,"href":"https:\/\/gpl-love.com\/es\/wp-json\/wp\/v2\/product_brand?post=123814"},{"taxonomy":"product_cat","embeddable":true,"href":"https:\/\/gpl-love.com\/es\/wp-json\/wp\/v2\/product_cat?post=123814"},{"taxonomy":"product_tag","embeddable":true,"href":"https:\/\/gpl-love.com\/es\/wp-json\/wp\/v2\/product_tag?post=123814"}],"curies":[{"name":"wp","href":"https:\/\/api.w.org\/{rel}","templated":true}]}}