{"id":123812,"date":"2021-02-09T00:00:00","date_gmt":"2021-02-09T05:00:00","guid":{"rendered":"https:\/\/gpl-love.com\/es\/producto\/elegant-themes-vertex-wordpress-theme\/"},"modified":"2026-03-13T17:20:00","modified_gmt":"2026-03-13T22:20:00","slug":"elegant-themes-vertex-wordpress-theme","status":"publish","type":"product","link":"https:\/\/gpl-love.com\/es\/producto\/elegant-themes-vertex-wordpress-theme\/","title":{"rendered":"Elegant Themes Vertex WordPress Theme 1.8.15"},"content":{"rendered":"<h3>Elegant Themes Vertex WordPress Theme Caracteristicas<\/h3>\n<p>El elegante tema de WordPress de v\u00e9rtices, con su dise\u00f1o exquisitamente elaborado y sus caracter\u00edsticas abundantes, atiende a aquellos que buscan refinamiento y sofisticaci\u00f3n. Este tema es una opci\u00f3n ideal para empresas y profesionales con el objetivo de exhibir sus ofertas de manera que exude estilo y profesionalismo. Su est\u00e9tica contempor\u00e1nea, junto con su dise\u00f1o personalizable y sus atributos receptivos, garantiza una experiencia de usuario perfecta en todos los dispositivos. Adem\u00e1s, este tema cuenta con una variedad de funcionalidades incorporadas, como m\u00faltiples plantillas de p\u00e1ginas, widgets personalizados y un potente constructor de p\u00e1ginas que capacita a los usuarios para curar dise\u00f1os y dise\u00f1os distintivos. En particular, su compatibilidad con complementos de renombre como WooCommerce y Forms de gravedad expande su utilidad. En esencia, el tema elegante de Vertex WordPress sirve como una opci\u00f3n excepcional para las personas que anhelan un tema vers\u00e1til y refinado capaz de impulsar su sitio web a nuevas alturas.<\/p>\n<ul>\n<li>Dise\u00f1o elegante y moderno para sitios web profesionales<\/li>\n<li>Personalizaci\u00f3n f\u00e1cil con el creador de p\u00e1ginas de arrastrar y soltar<\/li>\n<li>M\u00faltiples dise\u00f1os predise\u00f1ados para varios tipos de negocios<\/li>\n<li>Opci\u00f3n para ancho completo o dise\u00f1o en caja<\/li>\n<li>Integraci\u00f3n con complementos populares de WordPress para una funcionalidad adicional<\/li>\n<li>Dise\u00f1o de respuesta m\u00f3vil para una visualizaci\u00f3n sin problemas en cualquier dispositivo<\/li>\n<li>Optimizaci\u00f3n de motores de b\u00fasqueda incorporado para mejorar la visibilidad en l\u00ednea<\/li>\n<li>Excelente soporte al cliente y documentaci\u00f3n para la resoluci\u00f3n de problemas y asistencia<\/li>\n<li>Actualizaciones y mejoras regulares para la mejora continua de las caracter\u00edsticas<\/li>\n<li>Acceso a la biblioteca completa de temas premium de los temas elegantes con una sola compra.<\/li>\n<\/ul>\n","protected":false},"excerpt":{"rendered":"<p>El tema de Vertex WordPress, desarrollado por temas elegantes, es un exquisito ejemplo de dise\u00f1o refinado, que exhibe versatilidad y capacidad de respuesta completa, lo que lo hace ideal para una multiplicidad de sitios web. Con una apariencia contempor\u00e1nea y pulida, cuenta con una amplia gama de caracter\u00edsticas y opciones personalizables, facilitando la creaci\u00f3n de una presencia en l\u00ednea distintiva y cautivadora que seguramente dejar\u00e1 una impresi\u00f3n duradera en sus estimados visitantes. Su dise\u00f1o flexible, junto con su amplia gama de funcionalidades, lo convierte en la selecci\u00f3n por excelencia para empresas, blogueros, artistas e individuos que buscan mostrar sus esfuerzos en el reino digital. Ya sea que su esfuerzo implique establecer una cartera, crear un blog o erigir una plataforma de comercio electr\u00f3nico, el tema del v\u00e9rtice est\u00e1 indudablemente listo para ayudarlo a alcanzar sus objetivos y materializar un sitio web exquisitamente hermoso y de primer nivel que eclipsa sin esfuerzo a sus competidores.<\/p>\n","protected":false},"featured_media":165934,"comment_status":"open","ping_status":"open","template":"","meta":[],"product_brand":[2415],"product_cat":[1267,1237,1238],"product_tag":[1286],"class_list":{"0":"post-123812","1":"product","2":"type-product","3":"status-publish","4":"has-post-thumbnail","6":"product_brand-elegant-themes","7":"product_cat-creativo","8":"product_cat-temas","9":"product_cat-wordpress-temas","10":"product_tag-elegant-themes","11":"member-discount","12":"discount-restricted","14":"first","15":"instock","16":"sale","17":"downloadable","18":"virtual","19":"sold-individually","20":"purchasable","21":"product-type-simple"},"_links":{"self":[{"href":"https:\/\/gpl-love.com\/es\/wp-json\/wp\/v2\/product\/123812","targetHints":{"allow":["GET"]}}],"collection":[{"href":"https:\/\/gpl-love.com\/es\/wp-json\/wp\/v2\/product"}],"about":[{"href":"https:\/\/gpl-love.com\/es\/wp-json\/wp\/v2\/types\/product"}],"replies":[{"embeddable":true,"href":"https:\/\/gpl-love.com\/es\/wp-json\/wp\/v2\/comments?post=123812"}],"wp:featuredmedia":[{"embeddable":true,"href":"https:\/\/gpl-love.com\/es\/wp-json\/wp\/v2\/media\/165934"}],"wp:attachment":[{"href":"https:\/\/gpl-love.com\/es\/wp-json\/wp\/v2\/media?parent=123812"}],"wp:term":[{"taxonomy":"product_brand","embeddable":true,"href":"https:\/\/gpl-love.com\/es\/wp-json\/wp\/v2\/product_brand?post=123812"},{"taxonomy":"product_cat","embeddable":true,"href":"https:\/\/gpl-love.com\/es\/wp-json\/wp\/v2\/product_cat?post=123812"},{"taxonomy":"product_tag","embeddable":true,"href":"https:\/\/gpl-love.com\/es\/wp-json\/wp\/v2\/product_tag?post=123812"}],"curies":[{"name":"wp","href":"https:\/\/api.w.org\/{rel}","templated":true}]}}