{"id":123810,"date":"2021-02-09T00:00:00","date_gmt":"2021-02-09T05:00:00","guid":{"rendered":"https:\/\/gpl-love.com\/es\/producto\/easy-digital-downloads-xero\/"},"modified":"2026-03-09T07:29:49","modified_gmt":"2026-03-09T12:29:49","slug":"easy-digital-downloads-xero","status":"publish","type":"product","link":"https:\/\/gpl-love.com\/es\/producto\/easy-digital-downloads-xero\/","title":{"rendered":"Easy Digital Downloads Xero 1.2.12"},"content":{"rendered":"<h3>Easy Digital Downloads Xero Caracteristicas<\/h3>\n<p>Easy Digital Descargas Xero es una herramienta extremadamente robusta y eficaz que se ha desarrollado espec\u00edficamente para satisfacer las necesidades de los empresarios y los propietarios de negocios en l\u00ednea, lo que los ayuda a la facilitaci\u00f3n de la gesti\u00f3n de sus actividades financieras con la mayor comodidad. Este software de vanguardia y pionero se integra impecablemente con la plataforma de contabilidad muy popular y ampliamente utilizada Xero, proporcionando as\u00ed a los usuarios una soluci\u00f3n hol\u00edstica y de abarrotaci\u00f3n que aborda h\u00e1bilmente los requisitos de realizar un seguimiento de las ventas y los gastos, administrando eficientemente las inventario y las inventario y sin costura. procesamiento de pagos. Al aprovechar el poder y las funcionalidades ofrecidas por las descargas digitales f\u00e1ciles de Xero, las personas pueden automatizar sin esfuerzo sus tareas de contabilidad, lo que disminuye significativamente la probabilidad de encontrar errores, al tiempo que racionaliza sus operaciones financieras, lo que finalmente conduce a una utilizaci\u00f3n de tiempo optimizada y una precisi\u00f3n mejorada. Independientemente de si uno es un diminuto propietario de un negocio o un emprendedor consumado y experimentado, la indispensabilidad de incorporar este software invaluable al repertorio de uno no puede ser exagerado, ya que sin duda servir\u00e1 como una herramienta invaluable que aumenta inequ\u00edvocamente la eficiencia financiera de uno y estimula la expansi\u00f3n de sus esfuerzos comerciales.<\/p>\n<ul>\n<li>Integra sin problemas los datos de ventas de descarga digital en el software de contabilidad Xero<\/li>\n<li>Sincracci\u00f3n automatizada de datos para un f\u00e1cil seguimiento financiero y gesti\u00f3n<\/li>\n<li>Permite una simple reconciliaci\u00f3n de los datos de ventas e ingresos<\/li>\n<li>Configuraci\u00f3n personalizable para gestionar f\u00e1cilmente la configuraci\u00f3n de impuestos y otras contabilidad<\/li>\n<li>Ahorra tiempo y reduce los errores con la entrada de datos automatizada y la reconciliaci\u00f3n<\/li>\n<li>Proporciona informaci\u00f3n valiosa sobre el rendimiento de las ventas y las tendencias de ingresos<\/li>\n<li>F\u00e1cil de configurar y usar, con documentaci\u00f3n y apoyo integrales<\/li>\n<li>Compatible con una amplia gama de plataformas de ventas de descarga digital<\/li>\n<li>Ayuda a garantizar el cumplimiento de las leyes fiscales y las regulaciones contables.<\/li>\n<li>Permite a las empresas racionalizar los procesos financieros y centrarse en el crecimiento y la rentabilidad.<\/li>\n<\/ul>\n","protected":false},"excerpt":{"rendered":"<p>Las descargas digitales f\u00e1ciles de integraci\u00f3n Xero ofrecen una impresionante variedad de funciones destinadas a racionalizar y simplificar las tareas de contabilidad y contabilidad asociadas con las empresas en l\u00ednea. Esta herramienta robusta fusiona sin problemas sus datos de ventas digitales con Xero, eliminando la necesidad de un seguimiento manual de ingresos, impuestos y gastos. Adem\u00e1s, le permite conciliar las transacciones sin esfuerzo, otorg\u00e1ndole acceso a informaci\u00f3n financiera actualizada, lo que a su vez facilita la toma de decisiones bien informada cuando se trata de administrar su negocio. Adem\u00e1s, este complemento es compatible con los dispositivos de escritorio y m\u00f3viles, lo que lo convierte en una soluci\u00f3n atractiva para peque\u00f1as y medianas empresas que buscan optimizar sus procesos de gesti\u00f3n financiera.<\/p>\n","protected":false},"featured_media":165894,"comment_status":"open","ping_status":"open","template":"","meta":[],"product_brand":[2427],"product_cat":[1207,1248,1206],"product_tag":[1280],"class_list":{"0":"post-123810","1":"product","2":"type-product","3":"status-publish","4":"has-post-thumbnail","6":"product_brand-easy-digital-downloads","7":"product_cat-comercio-electronico-plugins","8":"product_cat-personalizacion-comercio-electronico-plugins","9":"product_cat-plugins","10":"product_tag-easy-digital-downloads","11":"member-discount","12":"discount-restricted","14":"first","15":"instock","16":"sale","17":"downloadable","18":"virtual","19":"sold-individually","20":"purchasable","21":"product-type-simple"},"_links":{"self":[{"href":"https:\/\/gpl-love.com\/es\/wp-json\/wp\/v2\/product\/123810","targetHints":{"allow":["GET"]}}],"collection":[{"href":"https:\/\/gpl-love.com\/es\/wp-json\/wp\/v2\/product"}],"about":[{"href":"https:\/\/gpl-love.com\/es\/wp-json\/wp\/v2\/types\/product"}],"replies":[{"embeddable":true,"href":"https:\/\/gpl-love.com\/es\/wp-json\/wp\/v2\/comments?post=123810"}],"wp:featuredmedia":[{"embeddable":true,"href":"https:\/\/gpl-love.com\/es\/wp-json\/wp\/v2\/media\/165894"}],"wp:attachment":[{"href":"https:\/\/gpl-love.com\/es\/wp-json\/wp\/v2\/media?parent=123810"}],"wp:term":[{"taxonomy":"product_brand","embeddable":true,"href":"https:\/\/gpl-love.com\/es\/wp-json\/wp\/v2\/product_brand?post=123810"},{"taxonomy":"product_cat","embeddable":true,"href":"https:\/\/gpl-love.com\/es\/wp-json\/wp\/v2\/product_cat?post=123810"},{"taxonomy":"product_tag","embeddable":true,"href":"https:\/\/gpl-love.com\/es\/wp-json\/wp\/v2\/product_tag?post=123810"}],"curies":[{"name":"wp","href":"https:\/\/api.w.org\/{rel}","templated":true}]}}