{"id":123809,"date":"2025-09-24T00:00:00","date_gmt":"2025-09-24T05:00:00","guid":{"rendered":"https:\/\/gpl-love.com\/es\/producto\/css-igniter-zermatt-wordpress-theme\/"},"modified":"2026-03-13T17:18:56","modified_gmt":"2026-03-13T22:18:56","slug":"css-igniter-zermatt-wordpress-theme","status":"publish","type":"product","link":"https:\/\/gpl-love.com\/es\/producto\/css-igniter-zermatt-wordpress-theme\/","title":{"rendered":"CSS Igniter Zermatt WordPress Theme 1.2.4"},"content":{"rendered":"<h3>CSS Igniter Zermatt WordPress Theme Caracteristicas<\/h3>\n<p>El tema de WordPress de CSS Igniter Zermatt es un tema extraordinario que se jacta no solo de su atractivo visual cautivador, sino tambi\u00e9n de su notable personalizaci\u00f3n, por lo que es una opci\u00f3n ideal para las personas que buscan exhibir su destreza creativa. Descansado de un dise\u00f1o limpio y contempor\u00e1neo, Zermatt atiende a las necesidades de blogueros, fot\u00f3grafos y artistas que aspiran a mostrar sus esfuerzos art\u00edsticos de una manera sofisticada y elegante. Adem\u00e1s, este tema es totalmente receptivo, garantiza una pantalla perfecta en cualquier dispositivo y se jacta de una amplia gama de opciones de personalizaci\u00f3n, lo que permite a los usuarios personalizar el dise\u00f1o de acuerdo con sus requisitos precisos. Ya sea que uno tenga la intenci\u00f3n de dise\u00f1ar una cartera, un blog o una tienda en l\u00ednea, Zermatt se erige como una opci\u00f3n excepcional que seguramente dejar\u00e1 una impresi\u00f3n duradera.<\/p>\n<ul>\n<li>Dise\u00f1o moderno y elegante que es perfecto para bloggers de viajes, fot\u00f3grafos y creativos<\/li>\n<li>Totalmente receptivo y amigable para los dispositivos m\u00f3viles para que su sitio web se vea muy bien en todos los dispositivos<\/li>\n<li>Dise\u00f1os personalizables y opciones de dise\u00f1o para que su sitio web sea \u00fanico<\/li>\n<li>Construido en la plataforma de WordPress potente y f\u00e1cil de usar<\/li>\n<li>F\u00e1cil de usar y personalizar incluso para principiantes<\/li>\n<li>Equipo de apoyo dedicado para ayudar con cualquier pregunta o problema<\/li>\n<li>SEO optimizado para ayudar a su sitio web a clasificar m\u00e1s alto en los motores de b\u00fasqueda<\/li>\n<li>Integraci\u00f3n con complementos populares como WooCommerce y Formularios de gravedad<\/li>\n<li>Actualizaciones y mejoras peri\u00f3dicas para garantizar que su sitio web se mantenga actualizado y seguro<\/li>\n<li>Compra \u00fanica con acceso y actualizaciones de por vida.<\/li>\n<\/ul>\n","protected":false},"excerpt":{"rendered":"<p>Experimente una transformaci\u00f3n extraordinaria en el dise\u00f1o y la funcionalidad de su sitio web con el tema CSS Igniter Zermatt WordPress. Este tema es perfecto para hoteles, resorts y otras empresas de hospitalidad que buscan causar una impresi\u00f3n digital sorprendente.<\/p>\n<p>Zermatt es un tema de WordPress visualmente impresionante y rico en caracter\u00edsticas que ofrece una combinaci\u00f3n \u00fanica de est\u00e9tica y practicidad. Su dise\u00f1o flexible permite la personalizaci\u00f3n perfecta para adaptarse al estilo y necesidades distintivas de su negocio. El tema incorpora una funci\u00f3n din\u00e1mica de informes meteorol\u00f3gicos, una herramienta crucial para que las empresas en la industria hotelera mantengan informados a sus clientes sobre las condiciones clim\u00e1ticas locales.<\/p>\n<p>Con Zermatt, puede exhibir sus habitaciones disponibles de manera elegante e interactiva, gracias a su robusto sistema de gesti\u00f3n de habitaciones. El tema tambi\u00e9n incluye un atractivo calendario de eventos, perfecto para mantener a sus invitados actualizados sobre los pr\u00f3ximos eventos y actividades.<\/p>\n<p>El formulario de reserva avanzada de Zermatt optimiza su proceso de reserva, lo que facilita a los hu\u00e9spedes reservar habitaciones directamente desde su sitio web. El tema tambi\u00e9n es compatible con WooCommerce, por lo que es f\u00e1cil establecer un<\/p>\n","protected":false},"featured_media":165736,"comment_status":"open","ping_status":"open","template":"","meta":[],"product_brand":[2403],"product_cat":[1548,1237,1238],"product_tag":[2134],"class_list":{"0":"post-123809","1":"product","2":"type-product","3":"status-publish","4":"has-post-thumbnail","6":"product_brand-css-igniter","7":"product_cat-resort-hotel","8":"product_cat-temas","9":"product_cat-wordpress-temas","10":"product_tag-css-igniter","11":"member-discount","12":"discount-restricted","14":"first","15":"instock","16":"sale","17":"downloadable","18":"virtual","19":"sold-individually","20":"purchasable","21":"product-type-simple"},"_links":{"self":[{"href":"https:\/\/gpl-love.com\/es\/wp-json\/wp\/v2\/product\/123809","targetHints":{"allow":["GET"]}}],"collection":[{"href":"https:\/\/gpl-love.com\/es\/wp-json\/wp\/v2\/product"}],"about":[{"href":"https:\/\/gpl-love.com\/es\/wp-json\/wp\/v2\/types\/product"}],"replies":[{"embeddable":true,"href":"https:\/\/gpl-love.com\/es\/wp-json\/wp\/v2\/comments?post=123809"}],"wp:featuredmedia":[{"embeddable":true,"href":"https:\/\/gpl-love.com\/es\/wp-json\/wp\/v2\/media\/165736"}],"wp:attachment":[{"href":"https:\/\/gpl-love.com\/es\/wp-json\/wp\/v2\/media?parent=123809"}],"wp:term":[{"taxonomy":"product_brand","embeddable":true,"href":"https:\/\/gpl-love.com\/es\/wp-json\/wp\/v2\/product_brand?post=123809"},{"taxonomy":"product_cat","embeddable":true,"href":"https:\/\/gpl-love.com\/es\/wp-json\/wp\/v2\/product_cat?post=123809"},{"taxonomy":"product_tag","embeddable":true,"href":"https:\/\/gpl-love.com\/es\/wp-json\/wp\/v2\/product_tag?post=123809"}],"curies":[{"name":"wp","href":"https:\/\/api.w.org\/{rel}","templated":true}]}}