{"id":123808,"date":"2023-01-28T00:00:00","date_gmt":"2023-01-28T05:00:00","guid":{"rendered":"https:\/\/gpl-love.com\/es\/producto\/css-igniter-vignette-wordpress-theme\/"},"modified":"2026-03-13T17:18:54","modified_gmt":"2026-03-13T22:18:54","slug":"css-igniter-vignette-wordpress-theme","status":"publish","type":"product","link":"https:\/\/gpl-love.com\/es\/producto\/css-igniter-vignette-wordpress-theme\/","title":{"rendered":"CSS Igniter Vignette WordPress Theme 1.9.3"},"content":{"rendered":"<h3>CSS Igniter Vignette WordPress Theme Caracteristicas<\/h3>\n<p>El tema CSS Igniter Vignette WordPress es un tema exquisito y contempor\u00e1neo a medida para bloggers, fot\u00f3grafos o cualquier profesional art\u00edstico que busque exhibir sus esfuerzos creativos. Este tema cuenta con un dise\u00f1o elegante y minimalista, caracterizado por sus l\u00edneas limpias y un gran \u00e9nfasis en la tipograf\u00eda, asegurando as\u00ed una experiencia de lectura perfecta y una navegaci\u00f3n sin esfuerzo para los usuarios. Adem\u00e1s, ofrece una amplia gama de esquemas de color, junto con la opci\u00f3n de incorporar widgets personalizados y un panel de opciones de temas potentes, que le brinda la libertad de personalizar la apariencia y el ambiente de su sitio web para adaptarse a sus preferencias individuales. Adem\u00e1s, este tema excepcional es totalmente receptivo, lo que lo hace perfectamente compatible con todos los dispositivos, al tiempo que est\u00e1 meticulosamente optimizado para los motores de b\u00fasqueda, aumentando as\u00ed su visibilidad y mejorando la probabilidad de atraer un mayor volumen de tr\u00e1fico. Al aprovechar las capacidades notables de CSS Igniter Vignette, puede crear sin esfuerzo un sitio web realmente fascinante que est\u00e9 destinado a dejar una impresi\u00f3n indeleble en sus estimados visitantes.<\/p>\n<ul>\n<li>Dise\u00f1o profesional y limpio<\/li>\n<li>Dise\u00f1o totalmente receptivo perfecto para todos los dispositivos<\/li>\n<li>Opciones de personalizaci\u00f3n con vista previa en vivo<\/li>\n<li>Constructor de p\u00e1gina de inicio \u00fanico<\/li>\n<li>Compatible con complementos populares y constructores de p\u00e1ginas<\/li>\n<li>Importaci\u00f3n de demostraci\u00f3n de un solo clic para configurar r\u00e1pidamente el sitio web<\/li>\n<li>Incluye varias plantillas de p\u00e1gina, incluido el dise\u00f1o del blog<\/li>\n<li>F\u00e1cil de usar y para principiantes<\/li>\n<li>Actualizaciones y soporte regulares del equipo CSS Igniter<\/li>\n<li>SEO optimizado para una mejor clasificaci\u00f3n de motores de b\u00fasqueda<\/li>\n<\/ul>\n","protected":false},"excerpt":{"rendered":"<p>El tema de WordPress de Vignette CSS Igniter est\u00e1 dise\u00f1ado con una est\u00e9tica elegante y profesional en mente. Es una elecci\u00f3n perfecta para fot\u00f3grafos, dise\u00f1adores y creadores que desean que su trabajo se destaque en la web. Este tema tiene un conjunto robusto de caracter\u00edsticas que le permitir\u00e1n crear un sitio web \u00fanico y elegante. Desde dise\u00f1os personalizables hasta una integraci\u00f3n perfecta con complementos populares de WordPress, el tema de Vignette ofrece una soluci\u00f3n integral para su presencia en l\u00ednea. Con su dise\u00f1o receptivo, su sitio web se ver\u00e1 genial en todos los dispositivos. Adem\u00e1s, viene con documentaci\u00f3n detallada y soporte dedicado para garantizar un proceso de configuraci\u00f3n sin problemas. El tema de WordPress de Vignette CSS Igniter Vignette no se trata solo de looks; Se trata de proporcionarle las herramientas para mostrar efectivamente su trabajo e involucrar a su audiencia.<\/p>\n","protected":false},"featured_media":165734,"comment_status":"open","ping_status":"open","template":"","meta":[],"product_brand":[2403],"product_cat":[1267,1237,1238],"product_tag":[2134],"class_list":{"0":"post-123808","1":"product","2":"type-product","3":"status-publish","4":"has-post-thumbnail","6":"product_brand-css-igniter","7":"product_cat-creativo","8":"product_cat-temas","9":"product_cat-wordpress-temas","10":"product_tag-css-igniter","11":"member-discount","12":"discount-restricted","14":"first","15":"instock","16":"sale","17":"downloadable","18":"virtual","19":"sold-individually","20":"purchasable","21":"product-type-simple"},"_links":{"self":[{"href":"https:\/\/gpl-love.com\/es\/wp-json\/wp\/v2\/product\/123808","targetHints":{"allow":["GET"]}}],"collection":[{"href":"https:\/\/gpl-love.com\/es\/wp-json\/wp\/v2\/product"}],"about":[{"href":"https:\/\/gpl-love.com\/es\/wp-json\/wp\/v2\/types\/product"}],"replies":[{"embeddable":true,"href":"https:\/\/gpl-love.com\/es\/wp-json\/wp\/v2\/comments?post=123808"}],"wp:featuredmedia":[{"embeddable":true,"href":"https:\/\/gpl-love.com\/es\/wp-json\/wp\/v2\/media\/165734"}],"wp:attachment":[{"href":"https:\/\/gpl-love.com\/es\/wp-json\/wp\/v2\/media?parent=123808"}],"wp:term":[{"taxonomy":"product_brand","embeddable":true,"href":"https:\/\/gpl-love.com\/es\/wp-json\/wp\/v2\/product_brand?post=123808"},{"taxonomy":"product_cat","embeddable":true,"href":"https:\/\/gpl-love.com\/es\/wp-json\/wp\/v2\/product_cat?post=123808"},{"taxonomy":"product_tag","embeddable":true,"href":"https:\/\/gpl-love.com\/es\/wp-json\/wp\/v2\/product_tag?post=123808"}],"curies":[{"name":"wp","href":"https:\/\/api.w.org\/{rel}","templated":true}]}}