{"id":123807,"date":"2023-01-27T00:00:00","date_gmt":"2023-01-27T05:00:00","guid":{"rendered":"https:\/\/gpl-love.com\/es\/producto\/css-igniter-vidiho-pro-theme\/"},"modified":"2026-03-13T17:18:53","modified_gmt":"2026-03-13T22:18:53","slug":"css-igniter-vidiho-pro-theme","status":"publish","type":"product","link":"https:\/\/gpl-love.com\/es\/producto\/css-igniter-vidiho-pro-theme\/","title":{"rendered":"CSS Igniter Vidiho Pro Theme 1.4.5"},"content":{"rendered":"<h3>CSS Igniter Vidiho Pro Theme Caracteristicas<\/h3>\n<p>El tema CSS Igniter Vidiho Pro, repleto de sus atributos altamente funcionales y personalizables, es un tema de WordPress extremadamente notable que se ha dise\u00f1ado especialmente para satisfacer las necesidades y preferencias de los video bloggers y creadores de contenido. Exhibiendo un dise\u00f1o suave y contempor\u00e1neo, este tema cuenta con una gran cantidad de opciones de personalizaci\u00f3n que permiten a los usuarios dise\u00f1ar un ambiente \u00fanico y personalizado para su sitio web. Adem\u00e1s, este tema proporciona una multitud de plantillas y widgets preconstruidos, lo que hace que los usuarios incorporen sin problemas los elementos de contenido y multimedia en su morada virtual. Adem\u00e1s, es importante tener en cuenta que el tema Vidiho Pro est\u00e1 dotado de plena capacidad de respuesta y ha sido meticulosamente optimizado para dispositivos m\u00f3viles, asegurando as\u00ed que su sitio web mantenga su atractivo visual y atractivo en pantallas de todos los tama\u00f1os. Independientemente de si eres un video blogger experimentado o un novato que da tus primeros pasos en el cautivador mundo de la creaci\u00f3n de contenido en l\u00ednea, el tema CSS Igniter Vidiho Pro indudablemente es una elecci\u00f3n \u00f3ptima para cultivar una presencia en l\u00ednea profesional y cautivadora.<\/p>\n<ul>\n<li>Tema del sitio web de transmisi\u00f3n de video profesional y visualmente impresionante<\/li>\n<li>Construido con principios de dise\u00f1o limpios y modernos<\/li>\n<li>Dise\u00f1o totalmente receptivo y amigable para los dispositivos m\u00f3viles para una experiencia de usuario perfecta<\/li>\n<li>Viene con reproductor de video predise\u00f1ado y m\u00faltiples opciones de dise\u00f1o<\/li>\n<li>Compatibilidad con complementos populares como YouTube, Vimeo y archivos de video autohospedados<\/li>\n<li>Opciones de personalizaci\u00f3n f\u00e1ciles con personalizador integrado de temas en vivo<\/li>\n<li>Rendimiento \u00f3ptimo del sitio web con velocidad de carga r\u00e1pida y arquitectura amigable con SEO<\/li>\n<li>Excelente atenci\u00f3n al cliente y una amplia documentaci\u00f3n para uso sin problemas<\/li>\n<\/ul>\n","protected":false},"excerpt":{"rendered":"<p>El tema Vidiho Pro de CSS Igniter es un tema de WordPress de alta calidad y de alta calidad dise\u00f1ado espec\u00edficamente para blogs de video y creadores de contenido de video. El dise\u00f1o din\u00e1mico y vibrante del tema aprovecha el poder de HTML5 y CSS para dar vida a sus videos. Con su control deslizante de video incorporado, puede mostrar su mejor contenido directamente en la p\u00e1gina de inicio. Adem\u00e1s, el tema permite una f\u00e1cil personalizaci\u00f3n de colores, fuentes y dise\u00f1os para que su sitio sea realmente \u00fanico. El tema Vidiho Pro tambi\u00e9n cuenta con un dise\u00f1o amigable con SEO, por lo que su contenido se puede encontrar f\u00e1cilmente en los motores de b\u00fasqueda. No es solo un tema, es una herramienta integral para encender su creatividad e involucrar a su audiencia.<\/p>\n","protected":false},"featured_media":165733,"comment_status":"open","ping_status":"open","template":"","meta":[],"product_brand":[2403],"product_cat":[1267,1237,1238],"product_tag":[2134],"class_list":{"0":"post-123807","1":"product","2":"type-product","3":"status-publish","4":"has-post-thumbnail","6":"product_brand-css-igniter","7":"product_cat-creativo","8":"product_cat-temas","9":"product_cat-wordpress-temas","10":"product_tag-css-igniter","11":"member-discount","12":"discount-restricted","14":"first","15":"instock","16":"sale","17":"downloadable","18":"virtual","19":"sold-individually","20":"purchasable","21":"product-type-simple"},"_links":{"self":[{"href":"https:\/\/gpl-love.com\/es\/wp-json\/wp\/v2\/product\/123807","targetHints":{"allow":["GET"]}}],"collection":[{"href":"https:\/\/gpl-love.com\/es\/wp-json\/wp\/v2\/product"}],"about":[{"href":"https:\/\/gpl-love.com\/es\/wp-json\/wp\/v2\/types\/product"}],"replies":[{"embeddable":true,"href":"https:\/\/gpl-love.com\/es\/wp-json\/wp\/v2\/comments?post=123807"}],"wp:featuredmedia":[{"embeddable":true,"href":"https:\/\/gpl-love.com\/es\/wp-json\/wp\/v2\/media\/165733"}],"wp:attachment":[{"href":"https:\/\/gpl-love.com\/es\/wp-json\/wp\/v2\/media?parent=123807"}],"wp:term":[{"taxonomy":"product_brand","embeddable":true,"href":"https:\/\/gpl-love.com\/es\/wp-json\/wp\/v2\/product_brand?post=123807"},{"taxonomy":"product_cat","embeddable":true,"href":"https:\/\/gpl-love.com\/es\/wp-json\/wp\/v2\/product_cat?post=123807"},{"taxonomy":"product_tag","embeddable":true,"href":"https:\/\/gpl-love.com\/es\/wp-json\/wp\/v2\/product_tag?post=123807"}],"curies":[{"name":"wp","href":"https:\/\/api.w.org\/{rel}","templated":true}]}}