{"id":123806,"date":"2023-01-28T00:00:00","date_gmt":"2023-01-28T05:00:00","guid":{"rendered":"https:\/\/gpl-love.com\/es\/producto\/css-igniter-ultraseven-wordpress-theme\/"},"modified":"2026-03-13T17:18:52","modified_gmt":"2026-03-13T22:18:52","slug":"css-igniter-ultraseven-wordpress-theme","status":"publish","type":"product","link":"https:\/\/gpl-love.com\/es\/producto\/css-igniter-ultraseven-wordpress-theme\/","title":{"rendered":"CSS Igniter Ultraseven WordPress Theme 2.9.4"},"content":{"rendered":"<h3>CSS Igniter Ultraseven WordPress Theme Caracteristicas<\/h3>\n<p>El tema CSS Igniter Ultraseven WordPress, con su est\u00e9tica elegante y moderna, se presenta como una opci\u00f3n ideal para los sitios web con el objetivo de establecer una presencia sorprendente. Con un dise\u00f1o que est\u00e1 despejado y minimalista, este tema ofrece a los usuarios una experiencia sin problemas y al mismo tiempo brindarles la libertad de personalizar su identidad en l\u00ednea al contenido de su coraz\u00f3n. Adem\u00e1s, su capacidad de respuesta garantiza que su sitio web exude excelencia, independientemente del dispositivo desde el que se acceda. Caracter\u00edsticas notables, como encabezados personalizables, widgets personalizados y numerosas opciones de dise\u00f1o, permiten a los usuarios dise\u00f1ar sin esfuerzo un sitio web adaptado a sus requisitos espec\u00edficos. Ya sea un blog personal o una plataforma web profesional, el tema CSS Igniter Ultraseven WordPress surge como una elecci\u00f3n perfecta.<\/p>\n<ul>\n<li>Dise\u00f1o profesional y moderno con un dise\u00f1o limpio y n\u00edtido<\/li>\n<li>Responsivo y amigable para el tel\u00e9fono m\u00f3vil, optimizado para un rendimiento suave en cualquier dispositivo<\/li>\n<li>F\u00e1cil de personalizar con el panel de opciones de temas y constructor de p\u00e1ginas<\/li>\n<li>Integraci\u00f3n con complementos populares que incluyen WooCommerce y WPML<\/li>\n<li>Opciones de dise\u00f1o m\u00faltiples para p\u00e1ginas, publicaciones y carteras<\/li>\n<li>Soporte r\u00e1pido y eficiente del equipo CSS Igniter dedicado<\/li>\n<li>Actualizaciones y mantenimiento regulares para garantizar la compatibilidad con las actualizaciones de WordPress<\/li>\n<li>Optimizaci\u00f3n de SEO incorporada para una mejor visibilidad del motor de b\u00fasqueda<\/li>\n<li>Compatible con todos los principales navegadores, incluidos Chrome, Firefox, Safari e Internet Explorer<\/li>\n<li>Contenido de demostraci\u00f3n incluido para una f\u00e1cil configuraci\u00f3n y personalizaci\u00f3n<\/li>\n<\/ul>\n","protected":false},"excerpt":{"rendered":"<p>Nuestro tema CSS Igniter Ultraseven WordPress es perfecto para personas que buscan un dise\u00f1o de sitio web \u00fanico y totalmente personalizable. Este tema de WordPress es incre\u00edblemente f\u00e1cil de usar, ofreciendo una interfaz intuitiva que permite una navegaci\u00f3n perfecta. Con Ultraseven, puede adaptar f\u00e1cilmente su sitio web para reflejar la personalidad de su marca, utilizando las opciones disponibles para ajustar los colores, la tipograf\u00eda y los dise\u00f1os.<\/p>\n<p>El tema tambi\u00e9n viene con un poderoso conjunto de herramientas SEO que ayuda a aumentar su presencia y visibilidad en l\u00ednea. Es totalmente receptivo, asegurando que su sitio web se vea impresionante en todos los dispositivos, desde escritorio hasta dispositivos m\u00f3viles. Para mejorar la experiencia del usuario, Ultraseven presenta velocidades de carga r\u00e1pidas, por lo que los visitantes no se dejar\u00e1n esperar.<\/p>\n<p>Para colmo, el tema CSS Igniter Ultraseven WordPress es compatible con WooCommerce, lo que le permite convertir su sitio web en una tienda en l\u00ednea sin esfuerzo. El tema ofrece documentaci\u00f3n integral y soporte dedicado para garantizar que pueda configurar y personalizar su sitio sin ninguna molestia.<\/p>\n<p>Ultraseven es m\u00e1s que un tema de WordPress; es un<\/p>\n","protected":false},"featured_media":165732,"comment_status":"open","ping_status":"open","template":"","meta":[],"product_brand":[2403],"product_cat":[1267,1237,1238],"product_tag":[2134],"class_list":{"0":"post-123806","1":"product","2":"type-product","3":"status-publish","4":"has-post-thumbnail","6":"product_brand-css-igniter","7":"product_cat-creativo","8":"product_cat-temas","9":"product_cat-wordpress-temas","10":"product_tag-css-igniter","11":"member-discount","12":"discount-restricted","14":"first","15":"instock","16":"sale","17":"downloadable","18":"virtual","19":"sold-individually","20":"purchasable","21":"product-type-simple"},"_links":{"self":[{"href":"https:\/\/gpl-love.com\/es\/wp-json\/wp\/v2\/product\/123806","targetHints":{"allow":["GET"]}}],"collection":[{"href":"https:\/\/gpl-love.com\/es\/wp-json\/wp\/v2\/product"}],"about":[{"href":"https:\/\/gpl-love.com\/es\/wp-json\/wp\/v2\/types\/product"}],"replies":[{"embeddable":true,"href":"https:\/\/gpl-love.com\/es\/wp-json\/wp\/v2\/comments?post=123806"}],"wp:featuredmedia":[{"embeddable":true,"href":"https:\/\/gpl-love.com\/es\/wp-json\/wp\/v2\/media\/165732"}],"wp:attachment":[{"href":"https:\/\/gpl-love.com\/es\/wp-json\/wp\/v2\/media?parent=123806"}],"wp:term":[{"taxonomy":"product_brand","embeddable":true,"href":"https:\/\/gpl-love.com\/es\/wp-json\/wp\/v2\/product_brand?post=123806"},{"taxonomy":"product_cat","embeddable":true,"href":"https:\/\/gpl-love.com\/es\/wp-json\/wp\/v2\/product_cat?post=123806"},{"taxonomy":"product_tag","embeddable":true,"href":"https:\/\/gpl-love.com\/es\/wp-json\/wp\/v2\/product_tag?post=123806"}],"curies":[{"name":"wp","href":"https:\/\/api.w.org\/{rel}","templated":true}]}}