{"id":123805,"date":"2025-09-24T00:00:00","date_gmt":"2025-09-24T05:00:00","guid":{"rendered":"https:\/\/gpl-love.com\/es\/producto\/css-igniter-tinos-wordpress-theme\/"},"modified":"2026-03-13T17:18:51","modified_gmt":"2026-03-13T22:18:51","slug":"css-igniter-tinos-wordpress-theme","status":"publish","type":"product","link":"https:\/\/gpl-love.com\/es\/producto\/css-igniter-tinos-wordpress-theme\/","title":{"rendered":"CSS Igniter Tinos WordPress Theme 1.2.0"},"content":{"rendered":"<h3>CSS Igniter Tinos WordPress Theme Caracteristicas<\/h3>\n<p>El tema CSS Igniter Tinos WordPress surge como una alternativa altamente vers\u00e1til y contempor\u00e1nea para las personas que buscan construir un sitio web profesional y elegante. Con un dise\u00f1o inmaculado y refinado, Tinos demuestra ser excepcional cuando se trata de mostrar diversas formas de contenido, ya sea publicaciones de blog o productos de comercio electr\u00f3nico. Adem\u00e1s, este tema es totalmente receptivo, lo que permite una adaptabilidad perfecta a diferentes dispositivos, y ofrece un proceso de personalizaci\u00f3n sin esfuerzo, presentando a los usuarios una mir\u00edada de opciones en t\u00e9rminos de esquemas de color, fuentes y dise\u00f1os. Adem\u00e1s, TINOS est\u00e1 optimizado diligentemente para la optimizaci\u00f3n de motores de b\u00fasqueda (SEO) y la velocidad, lo que garantiza un rendimiento \u00f3ptimo y la capacidad de aclarar cantidades considerables de tr\u00e1fico en su sitio web. Independientemente de si se clasifica como blogger, profesional independiente o propietario de negocios, es innegable que el tema CSS Igniter Tinos WordPress sobresale para ayudarlo a fabricar un sitio web visualmente impresionante y funcionalmente robusto.<\/p>\n<ul>\n<li>Dise\u00f1o elegante y moderno que es perfecto para blogueros, escritores y negocios<\/li>\n<li>P\u00e1gina de inicio personalizable y opciones de encabezado que permiten un aspecto \u00fanico<\/li>\n<li>Integraci\u00f3n con complementos populares como WooCommerce, el Formulario de contacto 7 y Yoast SEO<\/li>\n<li>Dise\u00f1o de respuesta m\u00f3vil para una experiencia de navegaci\u00f3n perfecta en cualquier dispositivo<\/li>\n<li>Traducci\u00f3n lista y compatible con el complemento WPML para sitios web multiling\u00fces<\/li>\n<li>Documentaci\u00f3n extensa y configuraci\u00f3n f\u00e1cil con una importaci\u00f3n de demostraci\u00f3n de un solo clic<\/li>\n<li>Retina lista y optimizada para velocidades de carga r\u00e1pidas<\/li>\n<li>Botones de intercambio de redes sociales incorporados para aumentar el alcance de su sitio web<\/li>\n<li>Actualizaciones regulares y soporte dedicado de CSS Igniter.<\/li>\n<\/ul>\n","protected":false},"excerpt":{"rendered":"<p>El tema CSS Igniter Tinos WordPress es una plataforma \u00fanica y vers\u00e1til que permite a los usuarios crear y personalizar sus sitios web con facilidad. Este tema es ideal para blogueros, fot\u00f3grafos, trabajadores independientes y due\u00f1os de negocios que buscan una presencia profesional y est\u00e9tica en l\u00ednea. Las caracter\u00edsticas clave de TINOS incluyen dise\u00f1o receptivo, optimizaci\u00f3n de SEO y widgets personalizados que proporcionan una experiencia web perfecta e interactiva. El tema tambi\u00e9n viene con una amplia documentaci\u00f3n y un equipo de soporte dedicado para ayudarlo con cualquier problema t\u00e9cnico. Adem\u00e1s, Tinos es totalmente compatible con los complementos populares y ha sido dise\u00f1ado con c\u00f3digo limpio para garantizar el m\u00e1ximo rendimiento. Si est\u00e1 en busca de un tema que combine la funcionalidad y el estilo, el tema CSS Igniter Tinos WordPress es la opci\u00f3n perfecta para usted.<\/p>\n","protected":false},"featured_media":165731,"comment_status":"open","ping_status":"open","template":"","meta":[],"product_brand":[2403],"product_cat":[1267,1237,1238],"product_tag":[2134],"class_list":{"0":"post-123805","1":"product","2":"type-product","3":"status-publish","4":"has-post-thumbnail","6":"product_brand-css-igniter","7":"product_cat-creativo","8":"product_cat-temas","9":"product_cat-wordpress-temas","10":"product_tag-css-igniter","11":"member-discount","12":"discount-restricted","14":"first","15":"instock","16":"sale","17":"downloadable","18":"virtual","19":"sold-individually","20":"purchasable","21":"product-type-simple"},"_links":{"self":[{"href":"https:\/\/gpl-love.com\/es\/wp-json\/wp\/v2\/product\/123805","targetHints":{"allow":["GET"]}}],"collection":[{"href":"https:\/\/gpl-love.com\/es\/wp-json\/wp\/v2\/product"}],"about":[{"href":"https:\/\/gpl-love.com\/es\/wp-json\/wp\/v2\/types\/product"}],"replies":[{"embeddable":true,"href":"https:\/\/gpl-love.com\/es\/wp-json\/wp\/v2\/comments?post=123805"}],"wp:featuredmedia":[{"embeddable":true,"href":"https:\/\/gpl-love.com\/es\/wp-json\/wp\/v2\/media\/165731"}],"wp:attachment":[{"href":"https:\/\/gpl-love.com\/es\/wp-json\/wp\/v2\/media?parent=123805"}],"wp:term":[{"taxonomy":"product_brand","embeddable":true,"href":"https:\/\/gpl-love.com\/es\/wp-json\/wp\/v2\/product_brand?post=123805"},{"taxonomy":"product_cat","embeddable":true,"href":"https:\/\/gpl-love.com\/es\/wp-json\/wp\/v2\/product_cat?post=123805"},{"taxonomy":"product_tag","embeddable":true,"href":"https:\/\/gpl-love.com\/es\/wp-json\/wp\/v2\/product_tag?post=123805"}],"curies":[{"name":"wp","href":"https:\/\/api.w.org\/{rel}","templated":true}]}}