{"id":123796,"date":"2026-02-18T00:00:00","date_gmt":"2026-02-18T05:00:00","guid":{"rendered":"https:\/\/gpl-love.com\/es\/producto\/shop-engine-pro\/"},"modified":"2026-04-10T11:24:34","modified_gmt":"2026-04-10T16:24:34","slug":"shop-engine-pro","status":"publish","type":"product","link":"https:\/\/gpl-love.com\/es\/producto\/shop-engine-pro\/","title":{"rendered":"ShopEngine Pro 2.7.2"},"content":{"rendered":"<h3>ShopEngine Pro Caracteristicas<\/h3>\n<p>ShopEngine Pro, una herramienta impresionante y altamente eficiente, se ha desarrollado espec\u00edficamente para mejorar y optimizar las operaciones de su empresa de comercio electr\u00f3nico. Esta soluci\u00f3n de vanguardia cuenta con una variedad de caracter\u00edsticas avanzadas, como la capacidad de personalizar los escaparates, optimizar el SEO sin esfuerzo y presentar a los usuarios una interfaz intuitiva. Con ShopEngine Pro a su disposici\u00f3n, administrar su tienda en l\u00ednea se convierte en un esfuerzo sin esfuerzo. Adem\u00e1s, su sistema integral de gesti\u00f3n de inventario le permite monitorear sin esfuerzo los niveles de existencias, manejar efectivamente los pedidos y procesar los pagos sin problemas. Adem\u00e1s, las notables herramientas de an\u00e1lisis integradas dentro de Shopengine Pro proporcionan ideas invaluables sobre el comportamiento del cliente, lo que le permite tomar decisiones informadas basadas en datos y expandir efectivamente su negocio. Independientemente de si se est\u00e1 embarcando en su viaje de comercio electr\u00f3nico o aspira a elevar su empresa actual a nuevas alturas, Shopengine Pro sirve como una soluci\u00f3n \u00f3ptima.<\/p>\n<ul>\n<li>Plataforma avanzada de comercio electr\u00f3nico para ejecutar tiendas en l\u00ednea<\/li>\n<li>Ofrece una gama de plantillas y opciones de dise\u00f1o personalizables<\/li>\n<li>Optimizar el proceso de gesti\u00f3n de productos, pedidos y clientes<\/li>\n<li>Integraci\u00f3n perfecta con pasarelas de pago de terceros<\/li>\n<li>Proporciona an\u00e1lisis detallados e ideas sobre el rendimiento de la tienda<\/li>\n<li>Planes de precios flexibles que atienden a empresas de todos los tama\u00f1os<\/li>\n<li>Ofrece herramientas de SEO integrales para aumentar la visibilidad en l\u00ednea<\/li>\n<li>Proporciona una f\u00e1cil integraci\u00f3n con las redes sociales populares<\/li>\n<li>Ofrece una gama de herramientas de marketing y promoci\u00f3n para impulsar las ventas<\/li>\n<li>Atenci\u00f3n al cliente 24\/7, garantizando una operaci\u00f3n sin problemas y una experiencia de usuario perfecta<\/li>\n<\/ul>\n","protected":false},"excerpt":{"rendered":"<p>ShopEngine Pro es una plataforma innovadora y avanzada de comercio electr\u00f3nico que se ha creado meticulosamente para satisfacer las necesidades de las empresas para administrar de manera efectiva sus tiendas en l\u00ednea. Esta herramienta de \u00faltima generaci\u00f3n y altamente sofisticada cuenta con una variedad de caracter\u00edsticas altamente personalizables que est\u00e1n espec\u00edficamente dise\u00f1adas para racionalizar a la perfecci\u00f3n diversas facetas operativas, incluida la gesti\u00f3n de productos, el procesamiento de pedidos, el env\u00edo y el procesamiento de pagos. Al aprovechar las capacidades excepcionales de ShopEngine Pro, tiene la capacidad de elaborar sin esfuerzo una tienda virtual llamativa y f\u00e1cil de usar que no solo atrae con \u00e9xito a los clientes, sino que tambi\u00e9n los conserva, aumentando en gran medida su generaci\u00f3n de ingresos y aumentando significativamente la presencia en l\u00ednea de su marca de su marca. . Independientemente de si usted es una empresa emergente a peque\u00f1a escala que se embarca en el viaje del lanzamiento de su tienda digital inaugural o un minorista astuto y experimentado que se esfuerza por optimizar su operaci\u00f3n existente, ShopEngine Pro ofrece un amplio repertorio de recursos, herramientas y funcionalidades indispensables que son Indispensable para lograr un \u00e9xito rotundo en sus esfuerzos de comercio electr\u00f3nico.<\/p>\n","protected":false},"featured_media":167470,"comment_status":"open","ping_status":"open","template":"","meta":[],"product_brand":[2498],"product_cat":[1207,1248,1206],"product_tag":[2115],"class_list":{"0":"post-123796","1":"product","2":"type-product","3":"status-publish","4":"has-post-thumbnail","6":"product_brand-wpmet","7":"product_cat-comercio-electronico-plugins","8":"product_cat-personalizacion-comercio-electronico-plugins","9":"product_cat-plugins","10":"product_tag-wpmet","11":"member-discount","12":"discount-restricted","14":"first","15":"instock","16":"sale","17":"downloadable","18":"virtual","19":"sold-individually","20":"purchasable","21":"product-type-simple"},"_links":{"self":[{"href":"https:\/\/gpl-love.com\/es\/wp-json\/wp\/v2\/product\/123796","targetHints":{"allow":["GET"]}}],"collection":[{"href":"https:\/\/gpl-love.com\/es\/wp-json\/wp\/v2\/product"}],"about":[{"href":"https:\/\/gpl-love.com\/es\/wp-json\/wp\/v2\/types\/product"}],"replies":[{"embeddable":true,"href":"https:\/\/gpl-love.com\/es\/wp-json\/wp\/v2\/comments?post=123796"}],"wp:featuredmedia":[{"embeddable":true,"href":"https:\/\/gpl-love.com\/es\/wp-json\/wp\/v2\/media\/167470"}],"wp:attachment":[{"href":"https:\/\/gpl-love.com\/es\/wp-json\/wp\/v2\/media?parent=123796"}],"wp:term":[{"taxonomy":"product_brand","embeddable":true,"href":"https:\/\/gpl-love.com\/es\/wp-json\/wp\/v2\/product_brand?post=123796"},{"taxonomy":"product_cat","embeddable":true,"href":"https:\/\/gpl-love.com\/es\/wp-json\/wp\/v2\/product_cat?post=123796"},{"taxonomy":"product_tag","embeddable":true,"href":"https:\/\/gpl-love.com\/es\/wp-json\/wp\/v2\/product_tag?post=123796"}],"curies":[{"name":"wp","href":"https:\/\/api.w.org\/{rel}","templated":true}]}}