{"id":123794,"date":"2022-02-19T00:00:00","date_gmt":"2022-02-19T05:00:00","guid":{"rendered":"https:\/\/gpl-love.com\/es\/producto\/studiopress-studio-pro-genesis-wordpress-theme\/"},"modified":"2026-04-10T11:26:31","modified_gmt":"2026-04-10T16:26:31","slug":"studiopress-studio-pro-genesis-wordpress-theme","status":"publish","type":"product","link":"https:\/\/gpl-love.com\/es\/producto\/studiopress-studio-pro-genesis-wordpress-theme\/","title":{"rendered":"StudioPress Studio Pro Genesis WordPress Theme 2.3.0"},"content":{"rendered":"<h3>StudioPress Studio Pro Genesis WordPress Theme Caracteristicas<\/h3>\n<p>El tema de WordPress de StudioPress Studio Pro Genesis, un tema de alta gama meticulosamente dise\u00f1ado para otorgar una apariencia profesional y sofisticada en su sitio web de WordPress, sirve como un modelo ejemplar en el \u00e1mbito de los temas premium. Al mostrar un dise\u00f1o impecablemente suave y minimalista, presenta una plataforma vers\u00e1til y adaptable que se puede adaptar para satisfacer las necesidades de cualquier empresa comercial o marca personal. Este tema, construido ingeniosamente sobre el ilustre marco de Genesis, integra sin esfuerzo la usabilidad con la velocidad de rayo y la funcionalidad incomparable. Cuenta con una gran cantidad de opciones de personalizaci\u00f3n, incluida la inclusi\u00f3n de encabezados personalizados, una variedad de colores vibrantes y dise\u00f1os meticulosamente dispuestos, todos los cuales facilitan la creaci\u00f3n de un sitio web verdaderamente distintivo y cautivador. Adem\u00e1s, el tema StudioPress Studio Pro Genesis est\u00e1 ingeniosamente dise\u00f1ado para responder completamente en dispositivos m\u00f3viles, asegurando que su sitio web sea visualmente atractivo y sin problemas en todos los tama\u00f1os de pantalla. En su totalidad, este tema es innegable como el ep\u00edtome de la excelencia para las personas que buscan establecer una presencia en l\u00ednea que exude profesionalismo, encanto est\u00e9tico y navegaci\u00f3n f\u00e1cil de usar.<\/p>\n<ul>\n<li>Tema de WordPress de alta calidad dise\u00f1ado espec\u00edficamente para estudios profesionales y agencias creativas<\/li>\n<li>P\u00e1gina de inicio personalizable con \u00e1reas de widgets para exhibir piezas de cartera y servicios destacados destacados<\/li>\n<li>Dise\u00f1o elegante y moderno con un enfoque en la facilidad de uso y la tipograf\u00eda limpia y legible<\/li>\n<li>Construido en el marco de Genesis de confianza, asegurando el rendimiento y la seguridad de primer nivel<\/li>\n<li>Totalmente receptivo y amigable con los dispositivos m\u00f3vil<\/li>\n<li>Instalaci\u00f3n de temas de un solo clic y actualizaciones autom\u00e1ticas hacen que comenzar sea una brisa<\/li>\n<li>Viene con acceso a la Vast StudioPress Theme Library, con docenas de temas adicionales disponibles para su uso<\/li>\n<li>Foro de soporte robusto y equipo de servicio al cliente experto disponible para ayudar con cualquier problema<\/li>\n<li>Documentaci\u00f3n y tutoriales integrales disponibles para ayudarlo a aprovechar al m\u00e1ximo su tema<\/li>\n<li>La generosa garant\u00eda de devoluci\u00f3n de dinero de 30 d\u00edas asegura que pueda comprar con confianza.<\/li>\n<\/ul>\n","protected":false},"excerpt":{"rendered":"<p>StudioPress Studio Pro es un tema ejemplar de Genesis WordPress que ha sido compatible exclusivamente para profesionales creativos que buscan una plataforma notable para exhibir sus esfuerzos creativos en la vasta extensi\u00f3n de Internet. Con un dise\u00f1o elegante y simplista, junto con una variedad de caracter\u00edsticas f\u00e1ciles de usar, este tema extraordinario le permite la capacidad de adaptar sin esfuerzo su sitio web para reflejar su identidad de marca \u00fanica, asegurando as\u00ed que se eleve sin esfuerzo por encima del mar de sitios web mundanos. Independientemente de si usted es un fot\u00f3grafo apasionado, un profundo blogger o un ambicioso emprendedor, Studio Pro ofrece una soluci\u00f3n incomparable y multifac\u00e9tica que le permitir\u00e1 forjar una presencia profesional en l\u00ednea que comete atenci\u00f3n y respeto.<\/p>\n","protected":false},"featured_media":167631,"comment_status":"open","ping_status":"open","template":"","meta":[],"product_brand":[2358],"product_cat":[1267,1237,1238],"product_tag":[1383],"class_list":{"0":"post-123794","1":"product","2":"type-product","3":"status-publish","4":"has-post-thumbnail","6":"product_brand-studiopress","7":"product_cat-creativo","8":"product_cat-temas","9":"product_cat-wordpress-temas","10":"product_tag-studiopress","11":"member-discount","12":"discount-restricted","14":"first","15":"instock","16":"sale","17":"downloadable","18":"virtual","19":"sold-individually","20":"purchasable","21":"product-type-simple"},"_links":{"self":[{"href":"https:\/\/gpl-love.com\/es\/wp-json\/wp\/v2\/product\/123794","targetHints":{"allow":["GET"]}}],"collection":[{"href":"https:\/\/gpl-love.com\/es\/wp-json\/wp\/v2\/product"}],"about":[{"href":"https:\/\/gpl-love.com\/es\/wp-json\/wp\/v2\/types\/product"}],"replies":[{"embeddable":true,"href":"https:\/\/gpl-love.com\/es\/wp-json\/wp\/v2\/comments?post=123794"}],"wp:featuredmedia":[{"embeddable":true,"href":"https:\/\/gpl-love.com\/es\/wp-json\/wp\/v2\/media\/167631"}],"wp:attachment":[{"href":"https:\/\/gpl-love.com\/es\/wp-json\/wp\/v2\/media?parent=123794"}],"wp:term":[{"taxonomy":"product_brand","embeddable":true,"href":"https:\/\/gpl-love.com\/es\/wp-json\/wp\/v2\/product_brand?post=123794"},{"taxonomy":"product_cat","embeddable":true,"href":"https:\/\/gpl-love.com\/es\/wp-json\/wp\/v2\/product_cat?post=123794"},{"taxonomy":"product_tag","embeddable":true,"href":"https:\/\/gpl-love.com\/es\/wp-json\/wp\/v2\/product_tag?post=123794"}],"curies":[{"name":"wp","href":"https:\/\/api.w.org\/{rel}","templated":true}]}}