{"id":123790,"date":"2022-02-19T00:00:00","date_gmt":"2022-02-19T05:00:00","guid":{"rendered":"https:\/\/gpl-love.com\/es\/producto\/studiopress-refined-pro-genesis-wordpress-theme\/"},"modified":"2026-04-10T11:26:29","modified_gmt":"2026-04-10T16:26:29","slug":"studiopress-refined-pro-genesis-wordpress-theme","status":"publish","type":"product","link":"https:\/\/gpl-love.com\/es\/producto\/studiopress-refined-pro-genesis-wordpress-theme\/","title":{"rendered":"StudioPress Refined Pro Genesis WordPress Theme 1.1.0"},"content":{"rendered":"<h3>StudioPress Refined Pro Genesis WordPress Theme Caracteristicas<\/h3>\n<p>El tema de WordPress de Pro Genesis refinado de StudioPress, conocido por sus atributos receptivos y elegantes, est\u00e1 meticulosamente elaborado para otorgar a los usuarios una presencia en l\u00ednea lujosa y pulida. Este tema es excepcionalmente adecuado para bloggers, empresarios y propietarios de peque\u00f1as empresas que aspiran a exhibir su marca y mercanc\u00eda de una manera sofisticada y refinada. El tema Pro Refined Pro cuenta con un dise\u00f1o inmaculado y preciso, facilitando la creaci\u00f3n sin esfuerzo de un sitio web excepcionalmente profesional de aspecto profesional que es f\u00e1cil de usar y cautivador para su audiencia. Ofrece una gran cantidad de widgets personalizables, men\u00fas f\u00e1cilmente afilados y una variedad de opciones de dise\u00f1o, lo que permite a los usuarios personalizar su sitio web de acuerdo con sus requisitos \u00fanicos. Independientemente de si usted es un novato o un usuario experto, el tema de WordPress de Pro Genesis refinado de StudioPress es una selecci\u00f3n impecable para las personas que buscan crear un sitio web visualmente llamativo y altamente funcional.<\/p>\n<ul>\n<li>Un tema premium de WordPress dise\u00f1ado para empresas y bloggers profesionales<\/li>\n<li>Construido sobre el poderoso marco de Genesis, asegurando la fiabilidad y la velocidad<\/li>\n<li>Viene con m\u00faltiples opciones de p\u00e1gina de inicio y dise\u00f1o para la personalizaci\u00f3n.<\/li>\n<li>Presenta un dise\u00f1o limpio y moderno que responde a los dispositivos m\u00f3viles<\/li>\n<li>Incluye un personalizador de temas personalizable para ajustes de dise\u00f1o f\u00e1ciles<\/li>\n<li>Optimizado para la optimizaci\u00f3n y velocidad del motor de b\u00fasqueda<\/li>\n<li>Soporte incorporado para WooCommerce para tiendas en l\u00ednea<\/li>\n<li>Incluye documentaci\u00f3n detallada y atenci\u00f3n al cliente del equipo de StudioPress<\/li>\n<li>Adecuado para cualquier negocio, incluidas agencias creativas, empresas de consultor\u00eda y tiendas en l\u00ednea<\/li>\n<li>Compatible con la \u00faltima versi\u00f3n de WordPress y Genesis Framework.<\/li>\n<\/ul>\n","protected":false},"excerpt":{"rendered":"<p>\u00bfEst\u00e1 en el mercado para mejorar el atractivo est\u00e9tico y el profesionalismo de su blog o sitio web? Si es as\u00ed, no busque m\u00e1s, ya que el tema de WordPress de Pro G\u00e9nesis refinado de StudioPress est\u00e1 aqu\u00ed para satisfacer sus necesidades. Este tema altamente adaptable ha sido meticulosamente elaborado con el concurrido profesional en mente, otorg\u00e1ndole acceso a una gran cantidad de opciones personalizables al tiempo que garantiza tiempos de carga r\u00e1pidas y un notable rendimiento de SEO. Independientemente de si usted es un blogger, un freelancer o un propietario de una peque\u00f1a empresa, el tema Profined Pro elevar\u00e1 sin esfuerzo su presencia en l\u00ednea a nuevas alturas. No pierda el tiempo, se embarque en este viaje hoy y presencie de primera mano la funcionalidad perfecta y la eficacia incomparable de WordPress.<\/p>\n","protected":false},"featured_media":167629,"comment_status":"open","ping_status":"open","template":"","meta":[],"product_brand":[2358],"product_cat":[1307,1237,1238],"product_tag":[1383],"class_list":{"0":"post-123790","1":"product","2":"type-product","3":"status-publish","4":"has-post-thumbnail","6":"product_brand-studiopress","7":"product_cat-negocio-wordpress-temas","8":"product_cat-temas","9":"product_cat-wordpress-temas","10":"product_tag-studiopress","11":"member-discount","12":"discount-restricted","14":"first","15":"instock","16":"sale","17":"downloadable","18":"virtual","19":"sold-individually","20":"purchasable","21":"product-type-simple"},"_links":{"self":[{"href":"https:\/\/gpl-love.com\/es\/wp-json\/wp\/v2\/product\/123790","targetHints":{"allow":["GET"]}}],"collection":[{"href":"https:\/\/gpl-love.com\/es\/wp-json\/wp\/v2\/product"}],"about":[{"href":"https:\/\/gpl-love.com\/es\/wp-json\/wp\/v2\/types\/product"}],"replies":[{"embeddable":true,"href":"https:\/\/gpl-love.com\/es\/wp-json\/wp\/v2\/comments?post=123790"}],"wp:featuredmedia":[{"embeddable":true,"href":"https:\/\/gpl-love.com\/es\/wp-json\/wp\/v2\/media\/167629"}],"wp:attachment":[{"href":"https:\/\/gpl-love.com\/es\/wp-json\/wp\/v2\/media?parent=123790"}],"wp:term":[{"taxonomy":"product_brand","embeddable":true,"href":"https:\/\/gpl-love.com\/es\/wp-json\/wp\/v2\/product_brand?post=123790"},{"taxonomy":"product_cat","embeddable":true,"href":"https:\/\/gpl-love.com\/es\/wp-json\/wp\/v2\/product_cat?post=123790"},{"taxonomy":"product_tag","embeddable":true,"href":"https:\/\/gpl-love.com\/es\/wp-json\/wp\/v2\/product_tag?post=123790"}],"curies":[{"name":"wp","href":"https:\/\/api.w.org\/{rel}","templated":true}]}}