{"id":123788,"date":"2021-02-09T00:00:00","date_gmt":"2021-02-09T05:00:00","guid":{"rendered":"https:\/\/gpl-love.com\/es\/producto\/studiopress-pretty-creative-pro-genesis-wordpress-theme\/"},"modified":"2026-04-10T11:26:29","modified_gmt":"2026-04-10T16:26:29","slug":"studiopress-pretty-creative-pro-genesis-wordpress-theme","status":"publish","type":"product","link":"https:\/\/gpl-love.com\/es\/producto\/studiopress-pretty-creative-pro-genesis-wordpress-theme\/","title":{"rendered":"StudioPress Pretty Creative Pro Genesis WordPress Theme 3.0.1"},"content":{"rendered":"<h3>StudioPress Pretty Creative Pro Genesis WordPress Theme Caracteristicas<\/h3>\n<p>El tema de WordPress Pretty Creative Pro Genesis de StudioPress es una alternativa exquisita y de moda para las personas en busca de elaboraci\u00f3n de un sitio web profesional y visualmente cautivador. Con su gran cantidad de caracter\u00edsticas personalizables y dise\u00f1o elegante, este tema resulta ser perfecto para bloggers, empresarios y propietarios de peque\u00f1as empresas por igual. El tema cuenta con una variedad de opciones de dise\u00f1o, as\u00ed como \u00e1reas personalizables de encabezado y pie de p\u00e1gina, sin mencionar la multitud de esquemas de color disponibles para la selecci\u00f3n. Adem\u00e1s, incorpora la integraci\u00f3n con plataformas de comercio electr\u00f3nico prevalentes, facilitando el establecimiento de una tienda en l\u00ednea con la mayor facilidad. Tenga la seguridad de que este tema se ha optimizado meticulosamente para garantizar una carga r\u00e1pida y eficiente, garantizando as\u00ed una experiencia de usuario excepcional. En general, el tema de WordPress Pretty Creative Pro Genesis de StudioPress es indiscutiblemente como una elecci\u00f3n \u00f3ptima para las personas que anhelan un dise\u00f1o de sitio web de vanguardia y sofisticado.<\/p>\n<ul>\n<li>Un tema de WordPress bellamente dise\u00f1ado para profesionales creativos.<\/li>\n<li>Compatible con el marco Genesis para un rendimiento seguro y confiable.<\/li>\n<li>Incluye widgets de p\u00e1gina de inicio personalizables, opciones de encabezado flexible y esquemas de color personalizados.<\/li>\n<li>Soporte incorporado para p\u00e1ginas de destino, formularios de opci\u00f3n de correo electr\u00f3nico e integraci\u00f3n de redes sociales.<\/li>\n<li>El dise\u00f1o receptivo garantiza que el tema se vea genial en todos los dispositivos, desde escritorios hasta dispositivos m\u00f3viles.<\/li>\n<li>Acceso a plantillas de p\u00e1gina predise\u00f1adas, que incluyen un dise\u00f1o de blog, cartera y tabla de precios.<\/li>\n<li>Opciones de personalizaci\u00f3n f\u00e1ciles de usar para crear un sitio web \u00fanico y de marca que se destaca.<\/li>\n<li>Optimizado para SEO, por lo que su sitio puede clasificarse m\u00e1s alto en las p\u00e1ginas de resultados del motor de b\u00fasqueda.<\/li>\n<li>Viene con actualizaciones y soporte gratuitos de StudioPress, un nombre de confianza en los temas de WordPress.<\/li>\n<\/ul>\n","protected":false},"excerpt":{"rendered":"<p>El tema de WordPress Pretty Creative Pro Genesis de StudioPress es un tema premium exquisitamente dise\u00f1ado dise\u00f1ado espec\u00edficamente para satisfacer las necesidades de los profesionales creativos que aspiran a mostrar su trabajo excepcional. Con una est\u00e9tica visualmente atractiva y refinada, este tema es una maravilla absoluta para las personas que buscan una aparici\u00f3n sofisticada y contempor\u00e1nea para su sitio web. Adem\u00e1s, ofrece una amplia gama de opciones de personalizaci\u00f3n, que abarca varias p\u00e1ginas de inicio y dise\u00f1os de blog, la capacidad de personalizar los colores y las fuentes, as\u00ed como la opci\u00f3n de integrar a la perfecci\u00f3n widgets y men\u00fas personalizados. En particular, el tema tambi\u00e9n se integra perfectamente con el aclamado marco de Genesis, dot\u00e1ndolo de escalabilidad inigualable y una amigable SEO excepcional, lo que hace que una selecci\u00f3n \u00f3ptima para personas discernidas anhele construir una presencia en l\u00ednea autorizada y pulida.<\/p>\n","protected":false},"featured_media":167628,"comment_status":"open","ping_status":"open","template":"","meta":[],"product_brand":[2358],"product_cat":[1267,1237,1238],"product_tag":[1383],"class_list":{"0":"post-123788","1":"product","2":"type-product","3":"status-publish","4":"has-post-thumbnail","6":"product_brand-studiopress","7":"product_cat-creativo","8":"product_cat-temas","9":"product_cat-wordpress-temas","10":"product_tag-studiopress","11":"member-discount","12":"discount-restricted","14":"first","15":"instock","16":"sale","17":"downloadable","18":"virtual","19":"sold-individually","20":"purchasable","21":"product-type-simple"},"_links":{"self":[{"href":"https:\/\/gpl-love.com\/es\/wp-json\/wp\/v2\/product\/123788","targetHints":{"allow":["GET"]}}],"collection":[{"href":"https:\/\/gpl-love.com\/es\/wp-json\/wp\/v2\/product"}],"about":[{"href":"https:\/\/gpl-love.com\/es\/wp-json\/wp\/v2\/types\/product"}],"replies":[{"embeddable":true,"href":"https:\/\/gpl-love.com\/es\/wp-json\/wp\/v2\/comments?post=123788"}],"wp:featuredmedia":[{"embeddable":true,"href":"https:\/\/gpl-love.com\/es\/wp-json\/wp\/v2\/media\/167628"}],"wp:attachment":[{"href":"https:\/\/gpl-love.com\/es\/wp-json\/wp\/v2\/media?parent=123788"}],"wp:term":[{"taxonomy":"product_brand","embeddable":true,"href":"https:\/\/gpl-love.com\/es\/wp-json\/wp\/v2\/product_brand?post=123788"},{"taxonomy":"product_cat","embeddable":true,"href":"https:\/\/gpl-love.com\/es\/wp-json\/wp\/v2\/product_cat?post=123788"},{"taxonomy":"product_tag","embeddable":true,"href":"https:\/\/gpl-love.com\/es\/wp-json\/wp\/v2\/product_tag?post=123788"}],"curies":[{"name":"wp","href":"https:\/\/api.w.org\/{rel}","templated":true}]}}