{"id":123787,"date":"2022-02-19T00:00:00","date_gmt":"2022-02-19T05:00:00","guid":{"rendered":"https:\/\/gpl-love.com\/es\/producto\/studiopress-pretty-chic-pro-genesis-wordpress-theme\/"},"modified":"2026-04-10T11:26:28","modified_gmt":"2026-04-10T16:26:28","slug":"studiopress-pretty-chic-pro-genesis-wordpress-theme","status":"publish","type":"product","link":"https:\/\/gpl-love.com\/es\/producto\/studiopress-pretty-chic-pro-genesis-wordpress-theme\/","title":{"rendered":"StudioPress Pretty Chic Pro Genesis WordPress Theme 1.0.0"},"content":{"rendered":"<h3>StudioPress Pretty Chic Pro Genesis WordPress Theme Caracteristicas<\/h3>\n<p>El tema femenino exquisito y de alta calidad es un tema femenino exquisito y de alta calidad que atiende a una audiencia diversa, incluidos blogueros, empresarios y profesionales creativos. Este tema ofrece una gran cantidad de opciones de personalizaci\u00f3n, lo que permite a los usuarios crear un sitio web sin esfuerzo que no solo sea visualmente llamativo, sino que tambi\u00e9n se alinee sin problemas con su identidad de marca \u00fanica. Con las caracter\u00edsticas integradas de SEO, la adaptabilidad en varios dispositivos y un dise\u00f1o despejado y refinado, Basting Pro se erige como el ep\u00edtome de la sofisticaci\u00f3n para las personas que buscan exhibir su contenido de una manera que exude la elegancia y el estilo. Adem\u00e1s, su interfaz intuitiva y f\u00e1cil de usar lo convierte en una selecci\u00f3n \u00f3ptima para los principiantes de WordPress. No importa si eres un blogger de moda de tendencias, un planificador de bodas meticuloso o un gur\u00fa de belleza influyente: el tema Pretty Chic Pro sirve como la opci\u00f3n por excelencia para amplificar tu presencia en l\u00ednea a nuevas alturas.<\/p>\n<ul>\n<li>Un tema de WordPress elegante y moderno dise\u00f1ado espec\u00edficamente para bloggers y mujeres empresarias<\/li>\n<li>Impulsado por Genesis Framework, que proporciona una base segura y amigable para SEO para su sitio web<\/li>\n<li>Cuenta con una p\u00e1gina de inicio personalizable con m\u00faltiples \u00e1reas de widgets para exhibir su contenido y servicios<\/li>\n<li>Viene con 14 plantillas prefabricadas para p\u00e1ginas que incluyen sobre, contacto y servicios<\/li>\n<li>Opciones de color personalizables para crear un dise\u00f1o \u00fanico y en la marca<\/li>\n<li>El dise\u00f1o que responde a dispositivos m\u00f3viles garantiza que su sitio web se vea genial en todos los dispositivos<\/li>\n<li>Incluye caracter\u00edsticas incorporadas para el intercambio social y los formularios de suscripci\u00f3n por correo electr\u00f3nico para hacer crecer su audiencia<\/li>\n<li>F\u00e1cil de usar y personalizar con un sistema de widgets de la p\u00e1gina de inicio de arrastrar y soltar<\/li>\n<li>Importaci\u00f3n de contenido de demostraci\u00f3n de 1 clic para configurar r\u00e1pidamente su sitio web con contenido prefabricado<\/li>\n<li>Actualizado regularmente con nuevas caracter\u00edsticas y parches de seguridad para garantizar la mejor experiencia de usuario posible.<\/li>\n<\/ul>\n","protected":false},"excerpt":{"rendered":"<p>El tema de WordPress de StudioPress Pretty Chic Pro Genesis es un tema exquisitamente contempor\u00e1neo y con gracia refinado espec\u00edficamente adaptado para bloggers y publicaciones en l\u00ednea. Con un dise\u00f1o receptivo notable, una p\u00e1gina de inicio altamente personalizable y una variedad de \u00e1reas de widgets, este tema es realmente una fuerza a tener en cuenta. Su dise\u00f1o inmaculado y curado profesionalmente no solo garantiza una navegaci\u00f3n sin esfuerzo y una legibilidad inigualable, sino que tambi\u00e9n facilita la implementaci\u00f3n perfecta de toques personalizados, asegurando que su sitio web se destaque entre la multitud. Adem\u00e1s, equipado con una funci\u00f3n integrada de optimizaci\u00f3n de SEO, el tema Pretty Chic Pro demuestra ser una opci\u00f3n infinitamente vers\u00e1til para una gran cantidad de empresas virtuales y revistas digitales.<\/p>\n","protected":false},"featured_media":167627,"comment_status":"open","ping_status":"open","template":"","meta":[],"product_brand":[2358],"product_cat":[1267,1237,1238],"product_tag":[1383],"class_list":{"0":"post-123787","1":"product","2":"type-product","3":"status-publish","4":"has-post-thumbnail","6":"product_brand-studiopress","7":"product_cat-creativo","8":"product_cat-temas","9":"product_cat-wordpress-temas","10":"product_tag-studiopress","11":"member-discount","12":"discount-restricted","14":"first","15":"instock","16":"sale","17":"downloadable","18":"virtual","19":"sold-individually","20":"purchasable","21":"product-type-simple"},"_links":{"self":[{"href":"https:\/\/gpl-love.com\/es\/wp-json\/wp\/v2\/product\/123787","targetHints":{"allow":["GET"]}}],"collection":[{"href":"https:\/\/gpl-love.com\/es\/wp-json\/wp\/v2\/product"}],"about":[{"href":"https:\/\/gpl-love.com\/es\/wp-json\/wp\/v2\/types\/product"}],"replies":[{"embeddable":true,"href":"https:\/\/gpl-love.com\/es\/wp-json\/wp\/v2\/comments?post=123787"}],"wp:featuredmedia":[{"embeddable":true,"href":"https:\/\/gpl-love.com\/es\/wp-json\/wp\/v2\/media\/167627"}],"wp:attachment":[{"href":"https:\/\/gpl-love.com\/es\/wp-json\/wp\/v2\/media?parent=123787"}],"wp:term":[{"taxonomy":"product_brand","embeddable":true,"href":"https:\/\/gpl-love.com\/es\/wp-json\/wp\/v2\/product_brand?post=123787"},{"taxonomy":"product_cat","embeddable":true,"href":"https:\/\/gpl-love.com\/es\/wp-json\/wp\/v2\/product_cat?post=123787"},{"taxonomy":"product_tag","embeddable":true,"href":"https:\/\/gpl-love.com\/es\/wp-json\/wp\/v2\/product_tag?post=123787"}],"curies":[{"name":"wp","href":"https:\/\/api.w.org\/{rel}","templated":true}]}}