{"id":123785,"date":"2022-02-19T00:00:00","date_gmt":"2022-02-19T05:00:00","guid":{"rendered":"https:\/\/gpl-love.com\/es\/producto\/studiopress-parallax-pro-genesis-wordpress-theme\/"},"modified":"2026-04-10T11:26:27","modified_gmt":"2026-04-10T16:26:27","slug":"studiopress-parallax-pro-genesis-wordpress-theme","status":"publish","type":"product","link":"https:\/\/gpl-love.com\/es\/producto\/studiopress-parallax-pro-genesis-wordpress-theme\/","title":{"rendered":"StudioPress Parallax Pro Genesis WordPress Theme 1.3.3"},"content":{"rendered":"<h3>StudioPress Parallax Pro Genesis WordPress Theme Caracteristicas<\/h3>\n<p>El tema de WordPress de StudioPress Parallax Pro Genesis, con su dise\u00f1o cautivador y moderno, tiene la capacidad de proporcionar a su sitio web una apariencia profesional y pulida. La utilizaci\u00f3n de este tema del dise\u00f1o de paralaje crea una experiencia visual \u00fanica e inmersiva que seguramente cautivar\u00e1 y retendr\u00e1 la atenci\u00f3n de sus visitantes. Adem\u00e1s, el tema cuenta con un alto nivel de personalizaci\u00f3n y facilidad de uso, lo que lo convierte en una opci\u00f3n ideal para personas con diferentes niveles de experiencia en desarrollo web. Adem\u00e1s, el dise\u00f1o receptivo del tema garantiza que su sitio web parezca espl\u00e9ndido en cualquier tipo de dispositivo, mientras que las opciones de tema avanzadas le otorgan la flexibilidad para personalizar y adaptar la apariencia general de su sitio. En \u00faltima instancia, al utilizar el tema de WordPress de PARALLAX PARALLAX PROLAPESS de StudioPress, tiene la capacidad de generar un sitio web notable que simult\u00e1neamente sobresale en la funcionalidad y el atractivo est\u00e9tico.<\/p>\n<ul>\n<li>Dise\u00f1o profesional y moderno con un efecto de desplazamiento de paralaje<\/li>\n<li>Construido en el marco Genesis, conocido por su velocidad y optimizaci\u00f3n de SEO<\/li>\n<li>Totalmente receptivo y amigable para los dispositivos m\u00f3viles para una experiencia de usuario perfecta en todos los dispositivos<\/li>\n<li>Incluye widgets personalizables y m\u00faltiples \u00e1reas de widgets de p\u00e1gina de inicio<\/li>\n<li>Panel de opciones de tema intuitivos para una f\u00e1cil personalizaci\u00f3n de colores, fuentes y otras configuraciones<\/li>\n<li>Admite plantillas de p\u00e1gina personalizadas y 3 opciones de dise\u00f1o para la m\u00e1xima flexibilidad<\/li>\n<li>Soporte integrado para WooCommerce, por lo que es ideal para empresas de comercio electr\u00f3nico<\/li>\n<li>Viene con acceso al apoyo de StudioPress y foros comunitarios para asistencia y recursos<\/li>\n<li>Actualizaciones regulares y parches de seguridad aseguran que el tema se mantenga actualizado y seguro<\/li>\n<li>Compra \u00fanica con uso ilimitado en proyectos personales y comerciales para un gran valor.<\/li>\n<\/ul>\n","protected":false},"excerpt":{"rendered":"<p>Experimente los gr\u00e1ficos impresionantes y visualmente cautivadores, junto con los dise\u00f1os profundamente inmersivos, que el tema de WordPress Parallax Pro Genesis de Studiopress ofrece a sus usuarios. Este tema excepcional y notablemente vers\u00e1til, que cuenta con un alto grado de personalizaci\u00f3n y capacidad de respuesta, surge como la soluci\u00f3n definitiva para cualquier sitio web creativo o comercial con el objetivo de mostrar y resaltar de manera efectiva su diversa gama de productos o servicios. Con sus caracter\u00edsticas intuitivas y f\u00e1ciles de usar complementando perfectamente sus elementos visualmente llamativos, Parallax Pro est\u00e1 destinado a irrribuir a su audiencia, dejando una impresi\u00f3n indeleble y duradera que no se desvanecer\u00e1 f\u00e1cilmente.<\/p>\n","protected":false},"featured_media":167626,"comment_status":"open","ping_status":"open","template":"","meta":[],"product_brand":[2358],"product_cat":[1267,1237,1238],"product_tag":[1383],"class_list":{"0":"post-123785","1":"product","2":"type-product","3":"status-publish","4":"has-post-thumbnail","6":"product_brand-studiopress","7":"product_cat-creativo","8":"product_cat-temas","9":"product_cat-wordpress-temas","10":"product_tag-studiopress","11":"member-discount","12":"discount-restricted","14":"first","15":"instock","16":"sale","17":"downloadable","18":"virtual","19":"sold-individually","20":"purchasable","21":"product-type-simple"},"_links":{"self":[{"href":"https:\/\/gpl-love.com\/es\/wp-json\/wp\/v2\/product\/123785","targetHints":{"allow":["GET"]}}],"collection":[{"href":"https:\/\/gpl-love.com\/es\/wp-json\/wp\/v2\/product"}],"about":[{"href":"https:\/\/gpl-love.com\/es\/wp-json\/wp\/v2\/types\/product"}],"replies":[{"embeddable":true,"href":"https:\/\/gpl-love.com\/es\/wp-json\/wp\/v2\/comments?post=123785"}],"wp:featuredmedia":[{"embeddable":true,"href":"https:\/\/gpl-love.com\/es\/wp-json\/wp\/v2\/media\/167626"}],"wp:attachment":[{"href":"https:\/\/gpl-love.com\/es\/wp-json\/wp\/v2\/media?parent=123785"}],"wp:term":[{"taxonomy":"product_brand","embeddable":true,"href":"https:\/\/gpl-love.com\/es\/wp-json\/wp\/v2\/product_brand?post=123785"},{"taxonomy":"product_cat","embeddable":true,"href":"https:\/\/gpl-love.com\/es\/wp-json\/wp\/v2\/product_cat?post=123785"},{"taxonomy":"product_tag","embeddable":true,"href":"https:\/\/gpl-love.com\/es\/wp-json\/wp\/v2\/product_tag?post=123785"}],"curies":[{"name":"wp","href":"https:\/\/api.w.org\/{rel}","templated":true}]}}