{"id":123779,"date":"2022-02-19T00:00:00","date_gmt":"2022-02-19T05:00:00","guid":{"rendered":"https:\/\/gpl-love.com\/es\/producto\/storefront-homepage-contact-section\/"},"modified":"2026-04-10T11:25:46","modified_gmt":"2026-04-10T16:25:46","slug":"storefront-homepage-contact-section","status":"publish","type":"product","link":"https:\/\/gpl-love.com\/es\/producto\/storefront-homepage-contact-section\/","title":{"rendered":"Storefront Homepage Contact Section 1.0.3"},"content":{"rendered":"<h3>Storefront Homepage Contact Section Caracteristicas<\/h3>\n<p>La inclusi\u00f3n de una secci\u00f3n de contacto de la p\u00e1gina de inicio de la tienda es una caracter\u00edstica indispensable y obligatoria para cualquier tienda o sitio web en l\u00ednea que desee establecer una conexi\u00f3n robusta y profunda con sus estimados clientes. Esta secci\u00f3n, con su importancia primordial, sirve como un medio perfecto y conveniente a trav\u00e9s del cual los clientes pueden comunicarse sin esfuerzo y r\u00e1pidamente con los propietarios de tiendas o el equipo de apoyo para buscar aclaraciones, abordar preocupaciones o proporcionar comentarios valiosos. Por lo general, esta secci\u00f3n fundamental abarca una forma simplista que los clientes pueden completar, proporcionar su denominaci\u00f3n, direcci\u00f3n de correo electr\u00f3nico, mensaje y ocasionalmente un n\u00famero de tel\u00e9fono o detalles complementarios. Adem\u00e1s, la secci\u00f3n de contacto tiene la capacidad de incorporar otra informaci\u00f3n sobresaliente y ventajosa, incluidas las horas de operaci\u00f3n de la tienda, la ubicaci\u00f3n precisa, la presencia notable en varias plataformas de redes sociales y preguntas con frecuencia (preguntas frecuentes). Al ofrecer una secci\u00f3n de contacto altamente receptiva y f\u00e1cil de usar, las tiendas en l\u00ednea infunden efectivamente un sentido de seguridad y confianza dentro de su estimada clientela, aumentando as\u00ed su propensi\u00f3n a volver a visitar la tienda, fomentando la lealtad del cliente y reforzando la satisfacci\u00f3n general del cliente.<\/p>\n<ul>\n<li>Visualizaci\u00f3n clara y prominente de informaci\u00f3n de contacto en la p\u00e1gina de inicio de la tienda<\/li>\n<li>Incluye opciones de tel\u00e9fono, correo electr\u00f3nico y direcci\u00f3n postal<\/li>\n<li>Tambi\u00e9n puede incorporar un formulario de contacto para que los visitantes se completen y env\u00eden directamente desde la p\u00e1gina de inicio<\/li>\n<li>Los elementos de dise\u00f1o y el dise\u00f1o se pueden personalizar para que se ajusten a la perfecci\u00f3n con el dise\u00f1o general de la tienda<\/li>\n<li>La secci\u00f3n de contacto puede responder a dispositivos m\u00f3viles para facilitar el acceso desde cualquier dispositivo<\/li>\n<li>Ayuda a generar confianza y credibilidad con clientes potenciales al demostrar que el negocio es accesible y receptivo<\/li>\n<li>Puede aumentar potencialmente las tasas de conversi\u00f3n al proporcionar una forma conveniente para que los visitantes hagan preguntas o soliciten m\u00e1s informaci\u00f3n.<\/li>\n<\/ul>\n","protected":false},"excerpt":{"rendered":"<p>La secci\u00f3n de contacto de la p\u00e1gina de inicio de la tienda es un atributo notablemente sencillo y f\u00e1cil de usar que ofrece a los clientes la capacidad sin esfuerzo para establecer una comunicaci\u00f3n directa con su negocio, todo dentro de los l\u00edmites de la p\u00e1gina de inicio de su tienda. Al aprovechar las opciones de flexibilidad y personalizaci\u00f3n inherentes a su forma, junto con un llamado a la acci\u00f3n de manera notablemente articular, puede acumular y recopilar sin problemas consultas invaluables de los clientes, asegurando as\u00ed que permanezca accesible para atender debidamente a sus inquietudes o preguntas. Este instrumento inquebrantable aumenta significativamente la satisfacci\u00f3n y la lealtad del cliente, lo que lo convierte en un aumento absolutamente indispensable a cualquier escaparate de comercio electr\u00f3nico victorioso.<\/p>\n","protected":false},"featured_media":167573,"comment_status":"open","ping_status":"open","template":"","meta":[],"product_brand":[2344],"product_cat":[1207,1248,1206],"product_tag":[1423],"class_list":{"0":"post-123779","1":"product","2":"type-product","3":"status-publish","4":"has-post-thumbnail","6":"product_brand-woocommerce","7":"product_cat-comercio-electronico-plugins","8":"product_cat-personalizacion-comercio-electronico-plugins","9":"product_cat-plugins","10":"product_tag-woocommerce","11":"member-discount","12":"discount-restricted","14":"first","15":"instock","16":"sale","17":"downloadable","18":"virtual","19":"sold-individually","20":"purchasable","21":"product-type-simple"},"_links":{"self":[{"href":"https:\/\/gpl-love.com\/es\/wp-json\/wp\/v2\/product\/123779","targetHints":{"allow":["GET"]}}],"collection":[{"href":"https:\/\/gpl-love.com\/es\/wp-json\/wp\/v2\/product"}],"about":[{"href":"https:\/\/gpl-love.com\/es\/wp-json\/wp\/v2\/types\/product"}],"replies":[{"embeddable":true,"href":"https:\/\/gpl-love.com\/es\/wp-json\/wp\/v2\/comments?post=123779"}],"wp:featuredmedia":[{"embeddable":true,"href":"https:\/\/gpl-love.com\/es\/wp-json\/wp\/v2\/media\/167573"}],"wp:attachment":[{"href":"https:\/\/gpl-love.com\/es\/wp-json\/wp\/v2\/media?parent=123779"}],"wp:term":[{"taxonomy":"product_brand","embeddable":true,"href":"https:\/\/gpl-love.com\/es\/wp-json\/wp\/v2\/product_brand?post=123779"},{"taxonomy":"product_cat","embeddable":true,"href":"https:\/\/gpl-love.com\/es\/wp-json\/wp\/v2\/product_cat?post=123779"},{"taxonomy":"product_tag","embeddable":true,"href":"https:\/\/gpl-love.com\/es\/wp-json\/wp\/v2\/product_tag?post=123779"}],"curies":[{"name":"wp","href":"https:\/\/api.w.org\/{rel}","templated":true}]}}