{"id":123777,"date":"2021-02-09T00:00:00","date_gmt":"2021-02-09T05:00:00","guid":{"rendered":"https:\/\/gpl-love.com\/es\/producto\/storefront-blog-customiser\/"},"modified":"2026-04-10T11:25:45","modified_gmt":"2026-04-10T16:25:45","slug":"storefront-blog-customiser","status":"publish","type":"product","link":"https:\/\/gpl-love.com\/es\/producto\/storefront-blog-customiser\/","title":{"rendered":"Storefront Blog Customiser 1.3.0"},"content":{"rendered":"<h3>Storefront Blog Customiser Caracteristicas<\/h3>\n<p>El Blog Blog Customerer, una herramienta incre\u00edblemente robusta, le otorga la capacidad de personalizar intrincadamente su blog de la tienda para satisfacer sus requisitos precisos. A trav\u00e9s de la utilizaci\u00f3n de este personalizador, puede modificar sin esfuerzo el dise\u00f1o de su blog, seleccionar entre una mir\u00edada de diversos esquemas de color y fabricar widgets y men\u00fas a medida para mejorar la experiencia general del usuario. Esta herramienta garantiza que su blog de tienda exude un aire de profesionalismo e individualidad, todo mientras permanece notablemente f\u00e1cil de usar, incluso para las personas desprovistas de cualquier experto en codificaci\u00f3n. Al emplear el Blog Blog Customiser, usted posee la capacidad de elaborar un blog excepcional que sin duda facilitar\u00e1 la generaci\u00f3n de tr\u00e1fico y ventas para su tienda en l\u00ednea.<\/p>\n<ul>\n<li>Una herramienta poderosa para personalizar su blog de tienda con facilidad<\/li>\n<li>Le permite actualizar f\u00e1cilmente los colores, las fuentes y el dise\u00f1o para que coincida con su marca<\/li>\n<li>Elija entre una variedad de plantillas predise\u00f1adas o cree las suyas propias<\/li>\n<li>El dise\u00f1o receptivo asegura que su blog se vea muy bien en todos los dispositivos<\/li>\n<li>Herramientas de SEO incorporadas ayuda a mejorar la clasificaci\u00f3n de su motor de b\u00fasqueda<\/li>\n<li>Interfaz simple y f\u00e1cil de usar para una f\u00e1cil personalizaci\u00f3n<\/li>\n<li>Se integra a la perfecci\u00f3n con su sitio web de tienda<\/li>\n<li>Actualizaciones regulares y atenci\u00f3n al cliente para mejoras y asistencia continuas<\/li>\n<li>Opci\u00f3n para comprar servicios de soporte o personalizaci\u00f3n adicionales de nuestro equipo<\/li>\n<li>Precios asequibles y opciones de pago flexibles<\/li>\n<\/ul>\n","protected":false},"excerpt":{"rendered":"<p>Eleve f\u00e1cilmente el atractivo visual del blog de su tienda implementando perfectamente el Blog Blog Customiser, un producto ingenioso que le otorga el poder de modificar y personalizar sin esfuerzo todos los aspectos del dise\u00f1o y el dise\u00f1o de su blog. Desde el encabezado m\u00e1s alto hasta el pie de p\u00e1gina Bottommost, y cada elemento intermedio, tiene un control completo sobre la presentaci\u00f3n est\u00e9tica. A trav\u00e9s de una interfaz intuitiva y f\u00e1cil de usar, se le otorga acceso a una amplia gama de plantillas, fuentes, colores y widgets, lo que lo permite crear un blog que se destaque como verdaderamente distintivo y refleje con precisi\u00f3n la personalidad \u00fanica de su marca. Despedirse de los dise\u00f1os de blogs de blog y de manera c\u00e1lida y abrazar calurosamente un blog que no solo cumple su prop\u00f3sito funcional, sino que tambi\u00e9n exuda un encanto est\u00e9ticamente agradable.<\/p>\n","protected":false},"featured_media":167571,"comment_status":"open","ping_status":"open","template":"","meta":[],"product_brand":[2344],"product_cat":[1263,1264,1237],"product_tag":[1423],"class_list":{"0":"post-123777","1":"product","2":"type-product","3":"status-publish","4":"has-post-thumbnail","6":"product_brand-woocommerce","7":"product_cat-comercio-electronico-temas","8":"product_cat-negocio","9":"product_cat-temas","10":"product_tag-woocommerce","11":"member-discount","12":"discount-restricted","14":"first","15":"instock","16":"sale","17":"downloadable","18":"virtual","19":"sold-individually","20":"purchasable","21":"product-type-simple"},"_links":{"self":[{"href":"https:\/\/gpl-love.com\/es\/wp-json\/wp\/v2\/product\/123777","targetHints":{"allow":["GET"]}}],"collection":[{"href":"https:\/\/gpl-love.com\/es\/wp-json\/wp\/v2\/product"}],"about":[{"href":"https:\/\/gpl-love.com\/es\/wp-json\/wp\/v2\/types\/product"}],"replies":[{"embeddable":true,"href":"https:\/\/gpl-love.com\/es\/wp-json\/wp\/v2\/comments?post=123777"}],"wp:featuredmedia":[{"embeddable":true,"href":"https:\/\/gpl-love.com\/es\/wp-json\/wp\/v2\/media\/167571"}],"wp:attachment":[{"href":"https:\/\/gpl-love.com\/es\/wp-json\/wp\/v2\/media?parent=123777"}],"wp:term":[{"taxonomy":"product_brand","embeddable":true,"href":"https:\/\/gpl-love.com\/es\/wp-json\/wp\/v2\/product_brand?post=123777"},{"taxonomy":"product_cat","embeddable":true,"href":"https:\/\/gpl-love.com\/es\/wp-json\/wp\/v2\/product_cat?post=123777"},{"taxonomy":"product_tag","embeddable":true,"href":"https:\/\/gpl-love.com\/es\/wp-json\/wp\/v2\/product_tag?post=123777"}],"curies":[{"name":"wp","href":"https:\/\/api.w.org\/{rel}","templated":true}]}}