{"id":123773,"date":"2022-02-19T00:00:00","date_gmt":"2022-02-19T05:00:00","guid":{"rendered":"https:\/\/gpl-love.com\/es\/producto\/elmastudio-onigiri-wordpress-theme\/"},"modified":"2026-03-13T17:20:14","modified_gmt":"2026-03-13T22:20:14","slug":"elmastudio-onigiri-wordpress-theme","status":"publish","type":"product","link":"https:\/\/gpl-love.com\/es\/producto\/elmastudio-onigiri-wordpress-theme\/","title":{"rendered":"ElmaStudio Onigiri WordPress Theme 1.0.10"},"content":{"rendered":"<h3>ElmaStudio Onigiri WordPress Theme Caracteristicas<\/h3>\n<p>El tema de WordPress Elmastudio Onigiri, con su dise\u00f1o exquisitamente elaborado y sus abundantes posibilidades para la personalizaci\u00f3n, es una opci\u00f3n en primer lugar para las personas en los \u00e1mbitos de los blogs, la fotograf\u00eda y las profesiones creativas que aspiran a exhibir su trabajo de manera incomparable y cautivadora. Con un dise\u00f1o pr\u00edstino y contempor\u00e1neo, Onigiri presenta una variedad de opciones de personalizaci\u00f3n, que abarca una mir\u00edada de esquemas de color, fuentes y arreglos de dise\u00f1o, lo que permite la creaci\u00f3n de un sitio web que encarna el estilo y la marca \u00fanicos de uno. Adem\u00e1s, este tema abarca una variedad de caracter\u00edsticas meticulosamente seleccionadas para aumentar la experiencia de navegaci\u00f3n del usuario, que abarca un dise\u00f1o receptivo, widgets a medida y compatibilidad con complementos estimados como WooCommerce y Forms de gravedad. Ya sea que uno se esfuerce por embarcarse en un nuevo viaje de blogs, presentar una cartera integral o establecer una plataforma de comercio electr\u00f3nico, el tema Elmastudio Onigiri WordPress es una opci\u00f3n excepcional para las personas que buscan dejar una impresi\u00f3n digital duradera.<\/p>\n<ul>\n<li>Dise\u00f1o moderno y elegante<\/li>\n<li>Opciones de personalizaci\u00f3n f\u00e1ciles<\/li>\n<li>Opciones de dise\u00f1o vers\u00e1tiles para varios tipos de contenido<\/li>\n<li>Ideal para bloggers, peque\u00f1as empresas y creatividades<\/li>\n<li>Compatible con el editor de Gutenberg y los principales navegadores<\/li>\n<li>M\u00f3vil que responde para una experiencia de usuario perfecta en todos los dispositivos<\/li>\n<li>Traducci\u00f3n lista para llegar a un p\u00fablico m\u00e1s amplio<\/li>\n<li>Integraci\u00f3n de redes sociales incorporadas para f\u00e1cil compartir<\/li>\n<li>Apoyo dedicado del equipo de Elmastudio<\/li>\n<\/ul>\n","protected":false},"excerpt":{"rendered":"<p>El tema Elmastudio Onigiri WordPress, reconocido por su exquisito dise\u00f1o e interfaz f\u00e1cil de usar, sirve como una soluci\u00f3n impecable para blogueros y negocios por igual. Con un dise\u00f1o pr\u00edstino y una variedad de caracter\u00edsticas personalizables, este tema le otorga la oportunidad de exhibir su contenido y fabricar un sitio web cautivador garantizado para sorprender a su audiencia. Independientemente de su nivel de competencia con WordPress, ya sea un usuario novato o experimentado, el tema Onigiri es una preferencia excepcional para las personas que buscan un sitio web que exude profesionalismo y estilo.<\/p>\n","protected":false},"featured_media":165961,"comment_status":"open","ping_status":"open","template":"","meta":[],"product_brand":[2439],"product_cat":[1267,1237,1238],"product_tag":[2253],"class_list":{"0":"post-123773","1":"product","2":"type-product","3":"status-publish","4":"has-post-thumbnail","6":"product_brand-elma-studio","7":"product_cat-creativo","8":"product_cat-temas","9":"product_cat-wordpress-temas","10":"product_tag-elma-studio","11":"member-discount","12":"discount-restricted","14":"first","15":"instock","16":"sale","17":"downloadable","18":"virtual","19":"sold-individually","20":"purchasable","21":"product-type-simple"},"_links":{"self":[{"href":"https:\/\/gpl-love.com\/es\/wp-json\/wp\/v2\/product\/123773","targetHints":{"allow":["GET"]}}],"collection":[{"href":"https:\/\/gpl-love.com\/es\/wp-json\/wp\/v2\/product"}],"about":[{"href":"https:\/\/gpl-love.com\/es\/wp-json\/wp\/v2\/types\/product"}],"replies":[{"embeddable":true,"href":"https:\/\/gpl-love.com\/es\/wp-json\/wp\/v2\/comments?post=123773"}],"wp:featuredmedia":[{"embeddable":true,"href":"https:\/\/gpl-love.com\/es\/wp-json\/wp\/v2\/media\/165961"}],"wp:attachment":[{"href":"https:\/\/gpl-love.com\/es\/wp-json\/wp\/v2\/media?parent=123773"}],"wp:term":[{"taxonomy":"product_brand","embeddable":true,"href":"https:\/\/gpl-love.com\/es\/wp-json\/wp\/v2\/product_brand?post=123773"},{"taxonomy":"product_cat","embeddable":true,"href":"https:\/\/gpl-love.com\/es\/wp-json\/wp\/v2\/product_cat?post=123773"},{"taxonomy":"product_tag","embeddable":true,"href":"https:\/\/gpl-love.com\/es\/wp-json\/wp\/v2\/product_tag?post=123773"}],"curies":[{"name":"wp","href":"https:\/\/api.w.org\/{rel}","templated":true}]}}