{"id":123771,"date":"2021-02-09T00:00:00","date_gmt":"2021-02-09T05:00:00","guid":{"rendered":"https:\/\/gpl-love.com\/es\/producto\/elmastudio-oita-wordpress-theme\/"},"modified":"2026-03-13T17:20:13","modified_gmt":"2026-03-13T22:20:13","slug":"elmastudio-oita-wordpress-theme","status":"publish","type":"product","link":"https:\/\/gpl-love.com\/es\/producto\/elmastudio-oita-wordpress-theme\/","title":{"rendered":"ElmaStudio Oita WordPress Theme 1.0.7"},"content":{"rendered":"<h3>ElmaStudio Oita WordPress Theme Caracteristicas<\/h3>\n<p>El tema Elmastudio Oita WordPress cuenta con un dise\u00f1o meticulosamente elaborado que exuda elegancia, lo que lo convierte en una opci\u00f3n impecable para los bloggers y creativos que anhelan mostrar sus obras maestras de una manera elegante y contempor\u00e1nea. Con su p\u00e1gina de inicio altamente adaptable, los usuarios tienen la libertad de seleccionar el dise\u00f1o que mejor se adapte a sus preferencias, mientras que el tema en s\u00ed se acompa\u00f1a de una gran cantidad de plantillas de p\u00e1gina prefabricadas, expediendo el proceso de crear p\u00e1ginas impresionantes sin esfuerzo. Adem\u00e1s, este tema trasciende los l\u00edmites de los dispositivos, ya que su capacidad de respuesta completa garantiza una experiencia visualmente cautivadora en todas las plataformas. Adem\u00e1s, la amplia gama del tema de opciones personalizables permite a los usuarios infundir su propio toque personal, lo que permite un sitio web verdaderamente \u00fanico y a medida. Ya sea un blogger prol\u00edfico, un aclamado fot\u00f3grafo o un artista visionario, el tema Elmastudio Oita WordPress demuestra ser una opci\u00f3n incomparable para aquellos que buscan dise\u00f1ar una plataforma en l\u00ednea impresionante, mostrando efectivamente sus esfuerzos art\u00edsticos.<\/p>\n<ul>\n<li>Dise\u00f1o elegante y moderno con un enfoque en la tipograf\u00eda y el espacio en blanco<\/li>\n<li>Opciones de dise\u00f1o vers\u00e1tiles para personalizaci\u00f3n y flexibilidad<\/li>\n<li>Compatibilidad completa con la \u00faltima versi\u00f3n de WordPress<\/li>\n<li>Dise\u00f1o receptivo que se ve muy bien en todos los dispositivos y tama\u00f1os de pantalla<\/li>\n<li>Panel de personalizaci\u00f3n f\u00e1cil de usar para cambios r\u00e1pidos y f\u00e1ciles<\/li>\n<li>Incluye widgets personalizados para mostrar publicaciones populares y enlaces de redes sociales<\/li>\n<li>Integraci\u00f3n con complementos populares como WooCommerce y el Formulario de contacto 7<\/li>\n<li>C\u00f3digo limpio y bien organizado para tiempos de carga r\u00e1pidos y f\u00e1cil personalizaci\u00f3n<\/li>\n<li>Documentaci\u00f3n integral y atenci\u00f3n al cliente para asistencia y soluci\u00f3n de problemas<\/li>\n<\/ul>\n","protected":false},"excerpt":{"rendered":"<p>El tema de Elmastudio Oita WordPress es un tema elegante y discreto que se adapta bien a una amplia gama de individuos y entidades, incluidos blogueros, fot\u00f3grafos y negocios. Su dise\u00f1o se caracteriza por su simplicidad y est\u00e9tica contempor\u00e1nea, lo que permite que su contenido tome el centro del escenario y cautive a su audiencia. En particular, este tema ofrece una gran cantidad de opciones de personalizaci\u00f3n que le brindan la flexibilidad para personalizar su sitio web para alinearse con su identidad de marca \u00fanica. Estas opciones incluyen la capacidad de incorporar im\u00e1genes de encabezado personalizadas, integrar iconos de redes sociales y seleccionar esquemas de color que sean un reflejo preciso de su marca. Adem\u00e1s, este tema es totalmente receptivo, lo que significa que se adapta sin esfuerzo a cualquier dispositivo y garantiza que su sitio web mantenga su atractivo visual independientemente del tama\u00f1o de la pantalla. Al utilizar el tema Elmastudio Oita WordPress, tiene la oportunidad de elaborar un sitio web que exude profesionalismo y sofisticaci\u00f3n, diferenci\u00e1ndose efectivamente de los competidores y dejando una impresi\u00f3n duradera en los visitantes.<\/p>\n","protected":false},"featured_media":165960,"comment_status":"open","ping_status":"open","template":"","meta":[],"product_brand":[2439],"product_cat":[1267,1237,1238],"product_tag":[2253],"class_list":{"0":"post-123771","1":"product","2":"type-product","3":"status-publish","4":"has-post-thumbnail","6":"product_brand-elma-studio","7":"product_cat-creativo","8":"product_cat-temas","9":"product_cat-wordpress-temas","10":"product_tag-elma-studio","11":"member-discount","12":"discount-restricted","14":"first","15":"instock","16":"sale","17":"downloadable","18":"virtual","19":"sold-individually","20":"purchasable","21":"product-type-simple"},"_links":{"self":[{"href":"https:\/\/gpl-love.com\/es\/wp-json\/wp\/v2\/product\/123771","targetHints":{"allow":["GET"]}}],"collection":[{"href":"https:\/\/gpl-love.com\/es\/wp-json\/wp\/v2\/product"}],"about":[{"href":"https:\/\/gpl-love.com\/es\/wp-json\/wp\/v2\/types\/product"}],"replies":[{"embeddable":true,"href":"https:\/\/gpl-love.com\/es\/wp-json\/wp\/v2\/comments?post=123771"}],"wp:featuredmedia":[{"embeddable":true,"href":"https:\/\/gpl-love.com\/es\/wp-json\/wp\/v2\/media\/165960"}],"wp:attachment":[{"href":"https:\/\/gpl-love.com\/es\/wp-json\/wp\/v2\/media?parent=123771"}],"wp:term":[{"taxonomy":"product_brand","embeddable":true,"href":"https:\/\/gpl-love.com\/es\/wp-json\/wp\/v2\/product_brand?post=123771"},{"taxonomy":"product_cat","embeddable":true,"href":"https:\/\/gpl-love.com\/es\/wp-json\/wp\/v2\/product_cat?post=123771"},{"taxonomy":"product_tag","embeddable":true,"href":"https:\/\/gpl-love.com\/es\/wp-json\/wp\/v2\/product_tag?post=123771"}],"curies":[{"name":"wp","href":"https:\/\/api.w.org\/{rel}","templated":true}]}}