{"id":123769,"date":"2022-02-19T00:00:00","date_gmt":"2022-02-19T05:00:00","guid":{"rendered":"https:\/\/gpl-love.com\/es\/producto\/elmastudio-neubau-wordpress-theme\/"},"modified":"2026-03-13T17:20:12","modified_gmt":"2026-03-13T22:20:12","slug":"elmastudio-neubau-wordpress-theme","status":"publish","type":"product","link":"https:\/\/gpl-love.com\/es\/producto\/elmastudio-neubau-wordpress-theme\/","title":{"rendered":"ElmaStudio Neubau WordPress Theme 1.0.10"},"content":{"rendered":"<h3>ElmaStudio Neubau WordPress Theme Caracteristicas<\/h3>\n<p>El tema de WordPress Elmastudio Neubau, un tema contempor\u00e1neo y de moda, ha sido meticulosamente elaborado para ofrecer una est\u00e9tica elegante y discreta para su sitio web. Con un dise\u00f1o totalmente receptivo, este tema se adapta sin esfuerzo a cualquier dispositivo y dimensi\u00f3n de pantalla, asegurando la m\u00e1xima compatibilidad. Adem\u00e1s, abarca una extensa gama de posibilidades de personalizaci\u00f3n, otorg\u00e1ndole la capacidad de adaptar sin esfuerzo los aspectos visuales y operativos de su sitio web. Con su interfaz f\u00e1cil de usar y sus capacidades formidables, el tema de WordPress Elmastudio Neubau indudablemente es una opci\u00f3n ejemplar para las personas que buscan forjar un sitio web que exude profesionalismo y atractivo.<\/p>\n<ul>\n<li>Dise\u00f1o minimalista y moderno para sitios web de WordPress<\/li>\n<li>Dise\u00f1o totalmente receptivo para una visualizaci\u00f3n perfecta en todos los dispositivos<\/li>\n<li>Encabezado y pie de p\u00e1gina personalizable, junto con una variedad de opciones de color<\/li>\n<li>Portafolio minimalista y dise\u00f1os de blog<\/li>\n<li>Constructor de p\u00e1gina de arrastre y ca\u00edda intuitiva<\/li>\n<li>Documentaci\u00f3n integral y atenci\u00f3n al cliente r\u00e1pida y confiable<\/li>\n<li>Compatible con complementos populares de WordPress<\/li>\n<li>Lista de traducci\u00f3n para audiencias globales<\/li>\n<li>Acceso a actualizaciones y mejoras de temas regulares<\/li>\n<\/ul>\n","protected":false},"excerpt":{"rendered":"<p>El tema de Neubau WordPress de Elmastudio es un tema exquisito y de moda que es impecablemente adecuado para exhibir sus esfuerzos art\u00edsticos o mantener un blog personal. Su dise\u00f1o es totalmente receptivo, asegurando que su sitio web parezca espl\u00e9ndido en cualquier dispositivo. Adem\u00e1s, este tema proporciona una variedad de diversas opciones de p\u00e1gina de inicio y dise\u00f1o, lo que le permite adaptar su sitio a sus preferencias espec\u00edficas. Adem\u00e1s, ofrece esquemas de color personalizables y facilita la integraci\u00f3n de complementos muy buscados como WooCommerce y Jetpack. Adem\u00e1s, el tema cuenta con caracter\u00edsticas de personalizaci\u00f3n f\u00e1ciles de usar, lo que le permite adaptarlo a su estilo y requisitos distintivos. En general, el tema de WordPress de Neubau de Elmastudio es una opci\u00f3n pulida y adaptable para las personas en busca de un tema profesional y personalizable de WordPress.<\/p>\n","protected":false},"featured_media":165959,"comment_status":"open","ping_status":"open","template":"","meta":[],"product_brand":[2439],"product_cat":[1307,1237,1238],"product_tag":[2253],"class_list":{"0":"post-123769","1":"product","2":"type-product","3":"status-publish","4":"has-post-thumbnail","6":"product_brand-elma-studio","7":"product_cat-negocio-wordpress-temas","8":"product_cat-temas","9":"product_cat-wordpress-temas","10":"product_tag-elma-studio","11":"member-discount","12":"discount-restricted","14":"first","15":"instock","16":"sale","17":"downloadable","18":"virtual","19":"sold-individually","20":"purchasable","21":"product-type-simple"},"_links":{"self":[{"href":"https:\/\/gpl-love.com\/es\/wp-json\/wp\/v2\/product\/123769","targetHints":{"allow":["GET"]}}],"collection":[{"href":"https:\/\/gpl-love.com\/es\/wp-json\/wp\/v2\/product"}],"about":[{"href":"https:\/\/gpl-love.com\/es\/wp-json\/wp\/v2\/types\/product"}],"replies":[{"embeddable":true,"href":"https:\/\/gpl-love.com\/es\/wp-json\/wp\/v2\/comments?post=123769"}],"wp:featuredmedia":[{"embeddable":true,"href":"https:\/\/gpl-love.com\/es\/wp-json\/wp\/v2\/media\/165959"}],"wp:attachment":[{"href":"https:\/\/gpl-love.com\/es\/wp-json\/wp\/v2\/media?parent=123769"}],"wp:term":[{"taxonomy":"product_brand","embeddable":true,"href":"https:\/\/gpl-love.com\/es\/wp-json\/wp\/v2\/product_brand?post=123769"},{"taxonomy":"product_cat","embeddable":true,"href":"https:\/\/gpl-love.com\/es\/wp-json\/wp\/v2\/product_cat?post=123769"},{"taxonomy":"product_tag","embeddable":true,"href":"https:\/\/gpl-love.com\/es\/wp-json\/wp\/v2\/product_tag?post=123769"}],"curies":[{"name":"wp","href":"https:\/\/api.w.org\/{rel}","templated":true}]}}