{"id":123767,"date":"2022-02-19T00:00:00","date_gmt":"2022-02-19T05:00:00","guid":{"rendered":"https:\/\/gpl-love.com\/es\/producto\/elmastudio-namba-wordpress-theme\/"},"modified":"2026-03-13T17:20:12","modified_gmt":"2026-03-13T22:20:12","slug":"elmastudio-namba-wordpress-theme","status":"publish","type":"product","link":"https:\/\/gpl-love.com\/es\/producto\/elmastudio-namba-wordpress-theme\/","title":{"rendered":"ElmaStudio Namba WordPress Theme 1.1.7"},"content":{"rendered":"<h3>ElmaStudio Namba WordPress Theme Caracteristicas<\/h3>\n<p>El tema Elmastudio Namba WordPress, un tema extremadamente vers\u00e1til y extremadamente moderno, brinda a los usuarios la capacidad perfecta para dise\u00f1ar un sitio web de grado profesional y est\u00e9ticamente agradable. Cuenta con una extensa gama de opciones de personalizaci\u00f3n, que abarca una multitud de dise\u00f1os y paletas de colores, adem\u00e1s de una variedad de caracter\u00edsticas como un dise\u00f1o altamente receptivo, widgets a medida e integraci\u00f3n perfecta con una gran cantidad de plataformas de medios sociales. Namba faculta a los usuarios para exhibir su contenido de una manera incomparable y cautivadora, lo que lo convierte en el ep\u00edtome de la perfecci\u00f3n para blogueros, artistas y empresas que buscan establecer una presencia digital indomable. Independientemente de si uno es un aficionado novato o experimentado de WordPress, el tema Elmastudio Namba WordPress ofrece una soluci\u00f3n eminentemente f\u00e1cil de usar para elaborar un sitio web que sea altamente funcional y exquisitamente elegante.<\/p>\n<ul>\n<li>Dise\u00f1o limpio y moderno con un enfoque en la legibilidad y la experiencia del usuario<\/li>\n<li>Totalmente personalizable con una variedad de esquemas de color y fuentes de Google<\/li>\n<li>Construido con el poderoso editor de bloques de Gutenberg para una f\u00e1cil creaci\u00f3n y personalizaci\u00f3n de contenido<\/li>\n<li>El dise\u00f1o receptivo y amigable para los dispositivos m\u00f3viles garantiza que su sitio web se vea muy bien en cualquier dispositivo<\/li>\n<li>Incluye una variedad de plantillas de p\u00e1gina preconstruidas para una f\u00e1cil configuraci\u00f3n del sitio web<\/li>\n<li>WooCommerce Compatible para construir una tienda en l\u00ednea<\/li>\n<li>Optimizado para velocidades de carga r\u00e1pidas para mejorar la participaci\u00f3n del usuario y las clasificaciones de los motores de b\u00fasqueda<\/li>\n<li>Construido con HTML5 y CSS3 para un c\u00f3digo limpio y eficiente<\/li>\n<li>Documentaci\u00f3n y apoyo extenso del equipo de Elmastudio<\/li>\n<li>Actualizaciones y mejoras peri\u00f3dicas para mantener su sitio web funcionando sin problemas.<\/li>\n<\/ul>\n","protected":false},"excerpt":{"rendered":"<p>El tema Elmastudio Namba WordPress es una selecci\u00f3n excepcional y contempor\u00e1nea, que presenta una opci\u00f3n exquisita y de buen gusto para las personas que aspiran a construir un sitio web competente y sin esfuerzo navegable. Con un dise\u00f1o simplificado y funcionalidades sofisticadas, este tema sirve como un ajuste impecable para blogueros, fot\u00f3grafos, trabajadores independientes y otros pensadores innovadores que anhelan exhibir elegantemente su trabajo al tiempo que establece simult\u00e1neamente una conexi\u00f3n con su p\u00fablico objetivo. El tema muestra su nivel incomparable de adaptabilidad, ya que puede personalizarse perfectamente para reflejar el estilo y las preferencias \u00fanicas de uno. Adem\u00e1s, su capacidad de respuesta garantiza una experiencia de visualizaci\u00f3n \u00f3ptima en varios dispositivos, mientras que la inclusi\u00f3n de una gran cantidad de complementos y widgets pr\u00e1cticos facilita la creaci\u00f3n perfecta de una presencia en l\u00ednea incomparable y cautivadora. Si el objetivo de uno es desarrollar una cartera impresionante, iniciar un blog fascinante o inaugurar un sitio web comercial floreciente, el tema Elmastudio Namba WordPress sirve como una opci\u00f3n excepcional y encomiable para las personas que aspiran a dejar una marca indeleble dentro del \u00e1mbito en l\u00ednea.<\/p>\n","protected":false},"featured_media":165958,"comment_status":"open","ping_status":"open","template":"","meta":[],"product_brand":[2439],"product_cat":[1245,1237,1238],"product_tag":[2253],"class_list":{"0":"post-123767","1":"product","2":"type-product","3":"status-publish","4":"has-post-thumbnail","6":"product_brand-elma-studio","7":"product_cat-blog-revista","8":"product_cat-temas","9":"product_cat-wordpress-temas","10":"product_tag-elma-studio","11":"member-discount","12":"discount-restricted","14":"first","15":"instock","16":"sale","17":"downloadable","18":"virtual","19":"sold-individually","20":"purchasable","21":"product-type-simple"},"_links":{"self":[{"href":"https:\/\/gpl-love.com\/es\/wp-json\/wp\/v2\/product\/123767","targetHints":{"allow":["GET"]}}],"collection":[{"href":"https:\/\/gpl-love.com\/es\/wp-json\/wp\/v2\/product"}],"about":[{"href":"https:\/\/gpl-love.com\/es\/wp-json\/wp\/v2\/types\/product"}],"replies":[{"embeddable":true,"href":"https:\/\/gpl-love.com\/es\/wp-json\/wp\/v2\/comments?post=123767"}],"wp:featuredmedia":[{"embeddable":true,"href":"https:\/\/gpl-love.com\/es\/wp-json\/wp\/v2\/media\/165958"}],"wp:attachment":[{"href":"https:\/\/gpl-love.com\/es\/wp-json\/wp\/v2\/media?parent=123767"}],"wp:term":[{"taxonomy":"product_brand","embeddable":true,"href":"https:\/\/gpl-love.com\/es\/wp-json\/wp\/v2\/product_brand?post=123767"},{"taxonomy":"product_cat","embeddable":true,"href":"https:\/\/gpl-love.com\/es\/wp-json\/wp\/v2\/product_cat?post=123767"},{"taxonomy":"product_tag","embeddable":true,"href":"https:\/\/gpl-love.com\/es\/wp-json\/wp\/v2\/product_tag?post=123767"}],"curies":[{"name":"wp","href":"https:\/\/api.w.org\/{rel}","templated":true}]}}