{"id":123765,"date":"2026-03-04T00:00:00","date_gmt":"2026-03-04T05:00:00","guid":{"rendered":"https:\/\/gpl-love.com\/es\/producto\/elmastudio-moka-wordpress-theme\/"},"modified":"2026-03-13T17:20:11","modified_gmt":"2026-03-13T22:20:11","slug":"elmastudio-moka-wordpress-theme","status":"publish","type":"product","link":"https:\/\/gpl-love.com\/es\/producto\/elmastudio-moka-wordpress-theme\/","title":{"rendered":"ElmaStudio Moka WordPress Theme 1.2.4"},"content":{"rendered":"<h3>ElmaStudio Moka WordPress Theme Caracteristicas<\/h3>\n<p>El tema Elmastudio Moka WordPress, reconocido por su versatilidad excepcional y dise\u00f1o moderno de vanguardia, ofrece un nivel de flexibilidad sin precedentes que permite a la personalizaci\u00f3n sin esfuerzo satisfacer las necesidades distintivas de cualquier sitio web. Con su ingenio, este notable tema cuenta con un dise\u00f1o pr\u00edstino y simplista que exuda brillantez, por lo que es una combinaci\u00f3n absoluta hecha en el cielo para los aspirantes a blogueros, fot\u00f3grafos talentosos y una mir\u00edada de otros profesionales creativos que anhelan un dise\u00f1o exquisitamente elegante y elegante para un dise\u00f1o exquisitamente elegante y elegante. Amplificar su presencia en l\u00ednea. Al encarnar el ep\u00edtome de la adaptabilidad, la naturaleza totalmente receptiva del tema garantiza que su sitio web irradia una magnificencia incomparable a trav\u00e9s de una gran cantidad de diversos dispositivos. Equipado con una gran cantidad de atributos personalizables, que incluye una variedad de dise\u00f1os de p\u00e1gina de inicio, ingeniosos widgets personalizados e integraci\u00f3n perfecta con una serie de complementos de renombre, como el siempre popular Woocommerce y Jetpack, el tema de WordPress de Elmastudio Moka elegancia y funcionalidad. Combinando perfectamente la delicadeza art\u00edstica con la mayor practicidad, este tema impresionante es una elecci\u00f3n excepcional para aquellos que anhelan manifestar un sitio web profesional y visualmente cautivador de esplendor inigualable.<\/p>\n<ul>\n<li>Dise\u00f1o altamente receptivo y amigable para m\u00f3viles<\/li>\n<li>Est\u00e9tica limpia y moderna adecuada para una variedad de empresas e industrias<\/li>\n<li>Integrated Page Builder para una f\u00e1cil personalizaci\u00f3n y creaci\u00f3n de dise\u00f1os \u00fanicos<\/li>\n<li>Panel de opciones de temas flexibles que permite colores personalizados de marca, fuentes, logotipos y m\u00e1s<\/li>\n<li>Optimizado para motores de b\u00fasqueda y tiempos de carga r\u00e1pida, proporcionando una excelente experiencia de usuario<\/li>\n<li>Compatible con las \u00faltimas actualizaciones de WordPress y complementos populares para una funcionalidad adicional<\/li>\n<li>Documentaci\u00f3n completa y videos tutoriales para una f\u00e1cil configuraci\u00f3n y soporte<\/li>\n<li>Actualizaciones regulares y atenci\u00f3n al cliente del equipo Elmastudio<\/li>\n<li>Opciones de uso vers\u00e1tiles que incluyen la creaci\u00f3n de blogs profesionales, carteras y tiendas en l\u00ednea<\/li>\n<\/ul>\n","protected":false},"excerpt":{"rendered":"<p>El tema Moka WordPress, desarrollado por Elmastudio, es un tema exquisitamente dise\u00f1ado y contempor\u00e1neo que sirve como una opci\u00f3n impecable para los bloggers, creativos y propietarios de empresas a peque\u00f1a escala. Con su sofisticada est\u00e9tica y una gran cantidad de caracter\u00edsticas personalizables, este tema ofrece una oportunidad incomparable para dise\u00f1ar un sitio web que sea verdaderamente representativo de la marca o empresa personal. Adem\u00e1s, el tema cuenta con una capacidad de respuesta completa y una facilidad de uso intuitiva, lo que lo hace igualmente adecuado para los usuarios de WordPress incipientes y experimentados. Ya sea que su objetivo sea mostrar su cartera, facilitar la venta de mercanc\u00edas o difundir su entrada de blog m\u00e1s reciente, el tema Elmastudio Moka WordPress est\u00e1 equipado con todas las herramientas esenciales necesarias para materializar un sitio web visualmente llamativo y altamente funcional.<\/p>\n","protected":false},"featured_media":165957,"comment_status":"open","ping_status":"open","template":"","meta":[],"product_brand":[2439],"product_cat":[1307,1237,1238],"product_tag":[2253],"class_list":{"0":"post-123765","1":"product","2":"type-product","3":"status-publish","4":"has-post-thumbnail","6":"product_brand-elma-studio","7":"product_cat-negocio-wordpress-temas","8":"product_cat-temas","9":"product_cat-wordpress-temas","10":"product_tag-elma-studio","11":"member-discount","12":"discount-restricted","14":"first","15":"instock","16":"sale","17":"downloadable","18":"virtual","19":"sold-individually","20":"purchasable","21":"product-type-simple"},"_links":{"self":[{"href":"https:\/\/gpl-love.com\/es\/wp-json\/wp\/v2\/product\/123765","targetHints":{"allow":["GET"]}}],"collection":[{"href":"https:\/\/gpl-love.com\/es\/wp-json\/wp\/v2\/product"}],"about":[{"href":"https:\/\/gpl-love.com\/es\/wp-json\/wp\/v2\/types\/product"}],"replies":[{"embeddable":true,"href":"https:\/\/gpl-love.com\/es\/wp-json\/wp\/v2\/comments?post=123765"}],"wp:featuredmedia":[{"embeddable":true,"href":"https:\/\/gpl-love.com\/es\/wp-json\/wp\/v2\/media\/165957"}],"wp:attachment":[{"href":"https:\/\/gpl-love.com\/es\/wp-json\/wp\/v2\/media?parent=123765"}],"wp:term":[{"taxonomy":"product_brand","embeddable":true,"href":"https:\/\/gpl-love.com\/es\/wp-json\/wp\/v2\/product_brand?post=123765"},{"taxonomy":"product_cat","embeddable":true,"href":"https:\/\/gpl-love.com\/es\/wp-json\/wp\/v2\/product_cat?post=123765"},{"taxonomy":"product_tag","embeddable":true,"href":"https:\/\/gpl-love.com\/es\/wp-json\/wp\/v2\/product_tag?post=123765"}],"curies":[{"name":"wp","href":"https:\/\/api.w.org\/{rel}","templated":true}]}}