{"id":123763,"date":"2021-02-09T00:00:00","date_gmt":"2021-02-09T05:00:00","guid":{"rendered":"https:\/\/gpl-love.com\/es\/producto\/elmastudio-meola-wordpress-theme\/"},"modified":"2026-03-13T17:20:10","modified_gmt":"2026-03-13T22:20:10","slug":"elmastudio-meola-wordpress-theme","status":"publish","type":"product","link":"https:\/\/gpl-love.com\/es\/producto\/elmastudio-meola-wordpress-theme\/","title":{"rendered":"ElmaStudio Meola WordPress Theme 1.0.7"},"content":{"rendered":"<h3>ElmaStudio Meola WordPress Theme Caracteristicas<\/h3>\n<p>El tema Meola WordPress, desarrollado por Elmastudio, es una soluci\u00f3n de dise\u00f1o web exquisitamente elaborada y contempor\u00e1nea que proporciona una gran cantidad de opciones personalizables para dise\u00f1ar una existencia en l\u00ednea visualmente cautivadora. Dotado de una interfaz que no solo es f\u00e1cil de usar, sino que tambi\u00e9n est\u00e1 repleta de una variedad de dise\u00f1os preconstruidos, los usuarios pueden fabricar r\u00e1pidamente y sin esfuerzo un sitio web que sea distintivo y refinado profesionalmente. Adem\u00e1s, este tema es totalmente receptivo, lo que lo hace idealmente adecuado para una exhibici\u00f3n perfecta en todos los dispositivos, al tiempo que cuenta con una gran cantidad de caracter\u00edsticas, incluida la capacidad de personalizar encabezados, pies de p\u00e1gina e integrar sin problemas las plataformas de redes sociales, entre otros. Para los bloggers, creativos y propietarios de peque\u00f1as empresas que buscan aumentar su presencia digital, Meola representa el pin\u00e1culo de la selecci\u00f3n.<\/p>\n<ul>\n<li>Un tema moderno y elegante de WordPress<\/li>\n<li>Dise\u00f1o totalmente receptivo y amigable para m\u00f3viles<\/li>\n<li>M\u00faltiples opciones de dise\u00f1o y dise\u00f1o de postales<\/li>\n<li>Esquema de color personalizable y configuraciones de tipograf\u00eda<\/li>\n<li>Formatos de postes de control deslizante y galer\u00eda para exhibir contenido visual<\/li>\n<li>Integraci\u00f3n de las redes sociales para f\u00e1cil compartir y seguir<\/li>\n<li>Caracter\u00edsticas de optimizaci\u00f3n de motores de b\u00fasqueda incorporados<\/li>\n<li>Compatible con complementos populares de WordPress para una funcionalidad adicional<\/li>\n<li>Atenci\u00f3n al cliente confiable y actualizaciones de temas frecuentes.<\/li>\n<\/ul>\n","protected":false},"excerpt":{"rendered":"<p>El tema Meola WordPress, desarrollado por Elmastudio, cuenta con un dise\u00f1o elegante y contempor\u00e1neo que se adapta espec\u00edficamente para satisfacer las necesidades de blogueros y profesionales creativos por igual. Su est\u00e9tica minimalista, junto con su tipograf\u00eda limpia y su amplia gama de opciones de p\u00e1gina de inicio personalizables, permite a los usuarios mostrar efectivamente su contenido de una manera visualmente impresionante y cautivadora. Adem\u00e1s, este tema ofrece una variedad de caracter\u00edsticas impresionantes como la integraci\u00f3n de Google Fonts, la conectividad de redes sociales sin problemas y un dise\u00f1o totalmente receptivo que garantiza una presentaci\u00f3n \u00f3ptima en cualquier tama\u00f1o o dispositivo de pantalla. Independientemente de si uno opera como blogger, fot\u00f3grafo o incluso propietario de una peque\u00f1a empresa, el tema Meola WordPress sirve como una opci\u00f3n incre\u00edblemente adaptable y sofisticada, una que sin duda faculta a las personas establecer una presencia en l\u00ednea notable.<\/p>\n","protected":false},"featured_media":165956,"comment_status":"open","ping_status":"open","template":"","meta":[],"product_brand":[2439],"product_cat":[1267,1237,1238],"product_tag":[2253],"class_list":{"0":"post-123763","1":"product","2":"type-product","3":"status-publish","4":"has-post-thumbnail","6":"product_brand-elma-studio","7":"product_cat-creativo","8":"product_cat-temas","9":"product_cat-wordpress-temas","10":"product_tag-elma-studio","11":"member-discount","12":"discount-restricted","14":"first","15":"instock","16":"sale","17":"downloadable","18":"virtual","19":"sold-individually","20":"purchasable","21":"product-type-simple"},"_links":{"self":[{"href":"https:\/\/gpl-love.com\/es\/wp-json\/wp\/v2\/product\/123763","targetHints":{"allow":["GET"]}}],"collection":[{"href":"https:\/\/gpl-love.com\/es\/wp-json\/wp\/v2\/product"}],"about":[{"href":"https:\/\/gpl-love.com\/es\/wp-json\/wp\/v2\/types\/product"}],"replies":[{"embeddable":true,"href":"https:\/\/gpl-love.com\/es\/wp-json\/wp\/v2\/comments?post=123763"}],"wp:featuredmedia":[{"embeddable":true,"href":"https:\/\/gpl-love.com\/es\/wp-json\/wp\/v2\/media\/165956"}],"wp:attachment":[{"href":"https:\/\/gpl-love.com\/es\/wp-json\/wp\/v2\/media?parent=123763"}],"wp:term":[{"taxonomy":"product_brand","embeddable":true,"href":"https:\/\/gpl-love.com\/es\/wp-json\/wp\/v2\/product_brand?post=123763"},{"taxonomy":"product_cat","embeddable":true,"href":"https:\/\/gpl-love.com\/es\/wp-json\/wp\/v2\/product_cat?post=123763"},{"taxonomy":"product_tag","embeddable":true,"href":"https:\/\/gpl-love.com\/es\/wp-json\/wp\/v2\/product_tag?post=123763"}],"curies":[{"name":"wp","href":"https:\/\/api.w.org\/{rel}","templated":true}]}}