{"id":123761,"date":"2022-02-19T00:00:00","date_gmt":"2022-02-19T05:00:00","guid":{"rendered":"https:\/\/gpl-love.com\/es\/producto\/elmastudio-kiore-moana-wordpress-theme\/"},"modified":"2026-03-13T17:20:09","modified_gmt":"2026-03-13T22:20:09","slug":"elmastudio-kiore-moana-wordpress-theme","status":"publish","type":"product","link":"https:\/\/gpl-love.com\/es\/producto\/elmastudio-kiore-moana-wordpress-theme\/","title":{"rendered":"ElmaStudio Kiore Moana WordPress Theme 1.0.9"},"content":{"rendered":"<h3>ElmaStudio Kiore Moana WordPress Theme Caracteristicas<\/h3>\n<p>El tema Elmastudio Kiore Moana WordPress ha ganado reconocimiento por sus atributos visualmente impresionantes y altamente personalizables, lo que lo convierte en una opci\u00f3n de dise\u00f1o de sitio web ideal para los usuarios de WordPress. Cuenta con un dise\u00f1o moderno y limpio que atrae a los bloggers, fot\u00f3grafos y profesionales creativos que buscan exhibir su trabajo de una manera que cautiva y hipnotiza. Adem\u00e1s, este tema es totalmente receptivo y ofrece una variedad de opciones de personalizaci\u00f3n, que abarca opciones de fuentes, esquemas de color y opciones de dise\u00f1o, lo que permite a los usuarios dise\u00f1ar un sitio web que no sea paralelo y hecho a medida. Adem\u00e1s, el tema de WordPress de Elmastudio Kiore Moana se distingue al proporcionar herramientas de personalizaci\u00f3n f\u00e1ciles de usar, lo que es una excelente opci\u00f3n para las personas que aspiran a dise\u00f1ar una presencia en l\u00ednea audaz e inolvidable.<\/p>\n<ul>\n<li>Tema de WordPress dise\u00f1ado profesionalmente con una est\u00e9tica limpia y moderna<\/li>\n<li>P\u00e1gina de inicio personalizable con m\u00faltiples opciones de dise\u00f1o<\/li>\n<li>Caracter\u00edstica deslizante incorporada para exhibir im\u00e1genes y contenido<\/li>\n<li>Personalizador de temas f\u00e1ciles de usar para la personalizaci\u00f3n de colores, fuentes y m\u00e1s<\/li>\n<li>Dise\u00f1o receptivo para una visualizaci\u00f3n \u00f3ptima en dispositivos m\u00f3viles<\/li>\n<li>Plantillas de p\u00e1gina personalizadas incluidas para crear p\u00e1ginas \u00fanicas<\/li>\n<li>Se integra f\u00e1cilmente con complementos populares de WordPress para una funcionalidad adicional<\/li>\n<li>Documentaci\u00f3n detallada y apoyo dedicado para una experiencia sin estr\u00e9s<\/li>\n<li>Traducci\u00f3n lista para usar en cualquier idioma<\/li>\n<li>Actualizaciones regulares para garantizar la compatibilidad con la \u00faltima versi\u00f3n de WordPress<\/li>\n<\/ul>\n","protected":false},"excerpt":{"rendered":"<p>El tema de WordPress Elmastudio Kiore Moana surge como un tema de WordPress exquisitamente dise\u00f1ado y extremadamente funcional que es una opci\u00f3n ideal para blogueros, escritores e individuos que anhelan el creaci\u00f3n de un sitio web resplandeciente. Poseiendo un dise\u00f1o inmaculado y contempor\u00e1neo, este tema ofrece una experiencia f\u00e1cil de usar y opciones de personalizaci\u00f3n incomparables. En consecuencia, est\u00e1 facultado para forjar un sitio web que represente aut\u00e9nticamente su estilo distintivo y su identidad de marca. Las caracter\u00edsticas notables abarcan un dise\u00f1o receptivo, la capacidad de personalizar los esquemas de color, una mir\u00edada de alternativas de dise\u00f1o y compatibilidad con complementos solicitados como WooCommerce y Jetpack. Independientemente de si se est\u00e1 aventurando en el \u00e1mbito digital por primera vez o que se esfuerza ansiosamente por elevar su sitio web existente, el tema Elmastudio Kiore Moana WordPress se considera como la elecci\u00f3n por excelencia.<\/p>\n","protected":false},"featured_media":165955,"comment_status":"open","ping_status":"open","template":"","meta":[],"product_brand":[2439],"product_cat":[1245,1237,1238],"product_tag":[2253],"class_list":{"0":"post-123761","1":"product","2":"type-product","3":"status-publish","4":"has-post-thumbnail","6":"product_brand-elma-studio","7":"product_cat-blog-revista","8":"product_cat-temas","9":"product_cat-wordpress-temas","10":"product_tag-elma-studio","11":"member-discount","12":"discount-restricted","14":"first","15":"instock","16":"sale","17":"downloadable","18":"virtual","19":"sold-individually","20":"purchasable","21":"product-type-simple"},"_links":{"self":[{"href":"https:\/\/gpl-love.com\/es\/wp-json\/wp\/v2\/product\/123761","targetHints":{"allow":["GET"]}}],"collection":[{"href":"https:\/\/gpl-love.com\/es\/wp-json\/wp\/v2\/product"}],"about":[{"href":"https:\/\/gpl-love.com\/es\/wp-json\/wp\/v2\/types\/product"}],"replies":[{"embeddable":true,"href":"https:\/\/gpl-love.com\/es\/wp-json\/wp\/v2\/comments?post=123761"}],"wp:featuredmedia":[{"embeddable":true,"href":"https:\/\/gpl-love.com\/es\/wp-json\/wp\/v2\/media\/165955"}],"wp:attachment":[{"href":"https:\/\/gpl-love.com\/es\/wp-json\/wp\/v2\/media?parent=123761"}],"wp:term":[{"taxonomy":"product_brand","embeddable":true,"href":"https:\/\/gpl-love.com\/es\/wp-json\/wp\/v2\/product_brand?post=123761"},{"taxonomy":"product_cat","embeddable":true,"href":"https:\/\/gpl-love.com\/es\/wp-json\/wp\/v2\/product_cat?post=123761"},{"taxonomy":"product_tag","embeddable":true,"href":"https:\/\/gpl-love.com\/es\/wp-json\/wp\/v2\/product_tag?post=123761"}],"curies":[{"name":"wp","href":"https:\/\/api.w.org\/{rel}","templated":true}]}}