{"id":123759,"date":"2022-02-19T00:00:00","date_gmt":"2022-02-19T05:00:00","guid":{"rendered":"https:\/\/gpl-love.com\/es\/producto\/elmastudio-hawea-wordpress-theme\/"},"modified":"2026-03-13T17:20:08","modified_gmt":"2026-03-13T22:20:08","slug":"elmastudio-hawea-wordpress-theme","status":"publish","type":"product","link":"https:\/\/gpl-love.com\/es\/producto\/elmastudio-hawea-wordpress-theme\/","title":{"rendered":"ElmaStudio Hawea WordPress Theme 1.1.7"},"content":{"rendered":"<h3>ElmaStudio Hawea WordPress Theme Caracteristicas<\/h3>\n<p>El tema de WordPress de Elmastudio Hawea, con su est\u00e9tica moderna y elegante, satisface las necesidades de blogueros, fot\u00f3grafos y creativos por igual. Su dise\u00f1o limpio y minimalista garantiza una experiencia f\u00e1cil de usar que coloca su contenido a la vanguardia. Adem\u00e1s, este tema ofrece amplias opciones de personalizaci\u00f3n, otorg\u00e1ndole la capacidad de ajustar cada aspecto, desde la tipograf\u00eda y los esquemas de color hasta los dise\u00f1os y widgets de p\u00e1gina. Adem\u00e1s, cuenta con una variedad de caracter\u00edsticas impresionantes, como un dise\u00f1o receptivo que se adapta a la perfecci\u00f3n a diferentes tama\u00f1os de pantalla, gr\u00e1ficos de alta resoluci\u00f3n optimizados para pantallas de retina, as\u00ed como soporte integral para tipos y formatos de publicaci\u00f3n personalizados. Ya sea que aspira a crear un blog modesto o un sitio web m\u00e1s intrincado, el tema Elmastudio Hawea WordPress sobresale como una elecci\u00f3n prudente, combinando sin problemas la elegancia y la funcionalidad.<\/p>\n<ul>\n<li>Dise\u00f1o elegante y moderno adecuado para varios tipos de sitios web<\/li>\n<li>Dise\u00f1o totalmente receptivo y amigable para m\u00f3viles para una visualizaci\u00f3n \u00f3ptima en cualquier dispositivo<\/li>\n<li>P\u00e1gina de inicio personalizable con m\u00faltiples \u00e1reas de widgets y opciones personalizables de encabezado y pie de p\u00e1gina<\/li>\n<li>Panel de opciones de temas f\u00e1ciles de usar para personalizaci\u00f3n y ajuste de varias configuraciones de temas<\/li>\n<li>Opciones de dise\u00f1o m\u00faltiples para publicaciones y p\u00e1ginas, incluidos dise\u00f1os de ancho completo, barra lateral y cuadr\u00edcula<\/li>\n<li>Admite complementos populares de WordPress como WooCommerce, JetPack y Contact Form 7<\/li>\n<li>SEO optimizado para una mejor clasificaci\u00f3n de motores de b\u00fasqueda<\/li>\n<li>Traducci\u00f3n lista para una f\u00e1cil localizaci\u00f3n en varios idiomas<\/li>\n<li>Atenci\u00f3n al cliente y documentaci\u00f3n confiable disponible para asistencia y soluci\u00f3n de problemas<\/li>\n<\/ul>\n","protected":false},"excerpt":{"rendered":"<p>El tema de WordPress Elmastudio Hawea es una plantilla de sitio web visualmente cautivadora y contempor\u00e1nea que ha sido meticulosamente elaborada para otorgar a su sitio web un aire de sofisticaci\u00f3n y profesionalismo. Con un dise\u00f1o elegante y despejado, el tema de Hawea demuestra ser el tel\u00f3n de fondo ideal para mostrar una amplia gama de contenido, ya sea su cartera, blog o sitio web de negocios. En particular, este tema de WordPress no solo es completamente receptivo, sino que tambi\u00e9n es notablemente maleable, lo que le brinda una autoridad incomparable para adaptar tanto la apariencia como la funcionalidad de su sitio web a sus especificaciones exactas. Independientemente de si se identifica como artista, fot\u00f3grafo o blogger, el tema de Hawea WordPress surge sin lugar a dudas como una opci\u00f3n \u00f3ptima para construir un sitio web visualmente deslumbrante y supremamente funcional que seguramente dejar\u00e1 una impresi\u00f3n duradera sobre sus visitantes.<\/p>\n","protected":false},"featured_media":165954,"comment_status":"open","ping_status":"open","template":"","meta":[],"product_brand":[2439],"product_cat":[1263,1469,1237],"product_tag":[2253],"class_list":{"0":"post-123759","1":"product","2":"type-product","3":"status-publish","4":"has-post-thumbnail","6":"product_brand-elma-studio","7":"product_cat-comercio-electronico-temas","8":"product_cat-creativo-comercio-electronico-temas","9":"product_cat-temas","10":"product_tag-elma-studio","11":"member-discount","12":"discount-restricted","14":"first","15":"instock","16":"sale","17":"downloadable","18":"virtual","19":"sold-individually","20":"purchasable","21":"product-type-simple"},"_links":{"self":[{"href":"https:\/\/gpl-love.com\/es\/wp-json\/wp\/v2\/product\/123759","targetHints":{"allow":["GET"]}}],"collection":[{"href":"https:\/\/gpl-love.com\/es\/wp-json\/wp\/v2\/product"}],"about":[{"href":"https:\/\/gpl-love.com\/es\/wp-json\/wp\/v2\/types\/product"}],"replies":[{"embeddable":true,"href":"https:\/\/gpl-love.com\/es\/wp-json\/wp\/v2\/comments?post=123759"}],"wp:featuredmedia":[{"embeddable":true,"href":"https:\/\/gpl-love.com\/es\/wp-json\/wp\/v2\/media\/165954"}],"wp:attachment":[{"href":"https:\/\/gpl-love.com\/es\/wp-json\/wp\/v2\/media?parent=123759"}],"wp:term":[{"taxonomy":"product_brand","embeddable":true,"href":"https:\/\/gpl-love.com\/es\/wp-json\/wp\/v2\/product_brand?post=123759"},{"taxonomy":"product_cat","embeddable":true,"href":"https:\/\/gpl-love.com\/es\/wp-json\/wp\/v2\/product_cat?post=123759"},{"taxonomy":"product_tag","embeddable":true,"href":"https:\/\/gpl-love.com\/es\/wp-json\/wp\/v2\/product_tag?post=123759"}],"curies":[{"name":"wp","href":"https:\/\/api.w.org\/{rel}","templated":true}]}}