{"id":123757,"date":"2022-02-19T00:00:00","date_gmt":"2022-02-19T05:00:00","guid":{"rendered":"https:\/\/gpl-love.com\/es\/producto\/elmastudio-cocoa-wordpress-theme\/"},"modified":"2026-03-13T17:20:07","modified_gmt":"2026-03-13T22:20:07","slug":"elmastudio-cocoa-wordpress-theme","status":"publish","type":"product","link":"https:\/\/gpl-love.com\/es\/producto\/elmastudio-cocoa-wordpress-theme\/","title":{"rendered":"ElmaStudio Cocoa WordPress Theme 1.0.12"},"content":{"rendered":"<h3>ElmaStudio Cocoa WordPress Theme Caracteristicas<\/h3>\n<p>El tema de WordPress Elmastudio Cocoa, reconocido por su sofisticaci\u00f3n y encanto contempor\u00e1neo, es una opci\u00f3n ideal adaptada para blogueros, trabajadores independientes y artesanos innovadores. Con un dise\u00f1o inesperado y discreto, este tema est\u00e1 repleto de una variedad de caracter\u00edsticas adaptables, lo que permite a los usuarios forjar un sitio web exclusivo y pulido. Adem\u00e1s, este tema exhibe una capacidad de respuesta extraordinaria, lo que la hace accesible en una amplia gama de dispositivos, al tiempo que optimiza su compatibilidad con motores de b\u00fasqueda de renombre, garantizando clasificaciones encomiables dentro de los resultados de b\u00fasqueda. Con una variedad de una variedad de formatos de publicaci\u00f3n a su disposici\u00f3n, arreglos personalizables de encabezado y pie de p\u00e1gina, y una interfaz intuitiva que facilita la personalizaci\u00f3n perfecta, se vuelve manifiesto que el tema de WordPress de Elmastudio Cocoa representa una selecci\u00f3n excepcional para cualquier persona que se esfuerza por actualizar un asombroso y de manera extraventiva y supremamente pr\u00e1ctica en l\u00ednea en l\u00ednea en l\u00ednea. presencia.<\/p>\n<ul>\n<li>Dise\u00f1o hermoso y elegante con un enfoque en la simplicidad y la funcionalidad.<\/li>\n<li>El dise\u00f1o receptivo garantiza que su sitio web se vea genial en todos los dispositivos<\/li>\n<li>P\u00e1gina de inicio personalizable con m\u00faltiples opciones de dise\u00f1o<\/li>\n<li>Panel de opciones de tema intuitivas y f\u00e1ciles de usar para una f\u00e1cil personalizaci\u00f3n<\/li>\n<li>Iconos integrados de redes sociales para f\u00e1cil compartir y promoci\u00f3n<\/li>\n<li>Compatible con complementos populares de WordPress como WooCommerce y Jetpack<\/li>\n<li>Documentaci\u00f3n y apoyo extenso del equipo de Elmastudio<\/li>\n<li>Actualizaciones regulares para garantizar la compatibilidad con la \u00faltima versi\u00f3n de WordPress<\/li>\n<li>Traducci\u00f3n lista para la audiencia global y el soporte de localizaci\u00f3n para varios idiomas<\/li>\n<li>Pantalla de retina optimizada para im\u00e1genes y gr\u00e1ficos ultra afilados.<\/li>\n<\/ul>\n","protected":false},"excerpt":{"rendered":"<p>El tema Elmastudio Cocoa WordPress, con su dise\u00f1o meticulosamente elaborado, sirve como una soluci\u00f3n ideal para las personas en los campos de blogs, fotograf\u00eda y actividades creativas. Cuenta con una gran cantidad de dise\u00f1os vers\u00e1tiles y atributos personalizables, lo que permite a los usuarios dise\u00f1ar un sitio web sin esfuerzo que refleje impecablemente su estilo distintivo y su identidad de marca. Adem\u00e1s, el tema se ha optimizado meticulosamente para garantizar una experiencia de navegaci\u00f3n incomparable en dispositivos m\u00f3viles, al tiempo que exhibe una compatibilidad completa con complementos estimados como WooCommerce y Jetpack. Ya sea que la intenci\u00f3n de uno sea hacer alarde de su cautivadora cartera o componer su \u00faltima obra maestra literaria, el tema Elmastudio Cocoa WordPress garantiza una interfaz perfecta y refinada para todos los usuarios.<\/p>\n","protected":false},"featured_media":165953,"comment_status":"open","ping_status":"open","template":"","meta":[],"product_brand":[2439],"product_cat":[1245,1237,1238],"product_tag":[2253],"class_list":{"0":"post-123757","1":"product","2":"type-product","3":"status-publish","4":"has-post-thumbnail","6":"product_brand-elma-studio","7":"product_cat-blog-revista","8":"product_cat-temas","9":"product_cat-wordpress-temas","10":"product_tag-elma-studio","11":"member-discount","12":"discount-restricted","14":"first","15":"instock","16":"sale","17":"downloadable","18":"virtual","19":"sold-individually","20":"purchasable","21":"product-type-simple"},"_links":{"self":[{"href":"https:\/\/gpl-love.com\/es\/wp-json\/wp\/v2\/product\/123757","targetHints":{"allow":["GET"]}}],"collection":[{"href":"https:\/\/gpl-love.com\/es\/wp-json\/wp\/v2\/product"}],"about":[{"href":"https:\/\/gpl-love.com\/es\/wp-json\/wp\/v2\/types\/product"}],"replies":[{"embeddable":true,"href":"https:\/\/gpl-love.com\/es\/wp-json\/wp\/v2\/comments?post=123757"}],"wp:featuredmedia":[{"embeddable":true,"href":"https:\/\/gpl-love.com\/es\/wp-json\/wp\/v2\/media\/165953"}],"wp:attachment":[{"href":"https:\/\/gpl-love.com\/es\/wp-json\/wp\/v2\/media?parent=123757"}],"wp:term":[{"taxonomy":"product_brand","embeddable":true,"href":"https:\/\/gpl-love.com\/es\/wp-json\/wp\/v2\/product_brand?post=123757"},{"taxonomy":"product_cat","embeddable":true,"href":"https:\/\/gpl-love.com\/es\/wp-json\/wp\/v2\/product_cat?post=123757"},{"taxonomy":"product_tag","embeddable":true,"href":"https:\/\/gpl-love.com\/es\/wp-json\/wp\/v2\/product_tag?post=123757"}],"curies":[{"name":"wp","href":"https:\/\/api.w.org\/{rel}","templated":true}]}}