{"id":123753,"date":"2021-02-09T00:00:00","date_gmt":"2021-02-09T05:00:00","guid":{"rendered":"https:\/\/gpl-love.com\/es\/producto\/elmastudio-baylys-wordpress-theme\/"},"modified":"2026-03-13T17:20:06","modified_gmt":"2026-03-13T22:20:06","slug":"elmastudio-baylys-wordpress-theme","status":"publish","type":"product","link":"https:\/\/gpl-love.com\/es\/producto\/elmastudio-baylys-wordpress-theme\/","title":{"rendered":"ElmaStudio Baylys WordPress Theme 1.1.6"},"content":{"rendered":"<h3>ElmaStudio Baylys WordPress Theme Caracteristicas<\/h3>\n<p>El tema de WordPress Baylys de Elmastudio es una selecci\u00f3n excepcional si est\u00e1 buscando una plantilla de WordPress exquisitamente dise\u00f1ada y modificable. Con su dise\u00f1o simplificado y ordenado, Baylys es absolutamente ideal para blogueros, fot\u00f3grafos y profesionales art\u00edsticos que anhelan su contenido para captar la atenci\u00f3n sin esfuerzo. El tema cuenta con un dise\u00f1o vers\u00e1til que se adapta perfectamente a cualquier tama\u00f1o de pantalla, lo que garantiza que su sitio web aparezca visualmente agradable en cualquier dispositivo electr\u00f3nico. Adem\u00e1s, Baylys ofrece una gran cantidad de alternativas de personalizaci\u00f3n, incluidos widgets hechos a medida, una amplia gama de opciones de fuentes y una variedad de esquemas de color, lo que le permite fabricar un sitio web que genuinamente encarna la esencia de su marca. Adem\u00e1s, el tema est\u00e1 meticulosamente optimizado para los tiempos de carga r\u00e1pidas, asegurando que sus estimados visitantes no est\u00e9n sujetos a ning\u00fan per\u00edodo de espera prolongado antes de acceder a su contenido invaluable. En general, el tema de Baylys WordPress constituye una preferencia sobresaliente por todas las personas que desean un sitio web elegante y de alto rendimiento.<\/p>\n<ul>\n<li>Dise\u00f1o receptivo para una experiencia de visualizaci\u00f3n \u00f3ptima en cualquier dispositivo<\/li>\n<li>Opciones de esquema de color personalizables para que coincidan con las necesidades de marca<\/li>\n<li>Opci\u00f3n de imagen de encabezado de pantalla completa para primeras impresiones impactantes<\/li>\n<li>Integraci\u00f3n de redes sociales incorporadas para f\u00e1cil compartir<\/li>\n<li>Soporte del editor de bloques de Gutenberg para la creaci\u00f3n de contenido f\u00e1cil<\/li>\n<li>M\u00faltiples opciones de dise\u00f1o de la p\u00e1gina de inicio para la versatilidad<\/li>\n<li>WooCommerce listo para funcionalidades de comercio electr\u00f3nico<\/li>\n<li>Traducci\u00f3n lista para soporte de idiomas que no son ingleses<\/li>\n<li>Retina lista para gr\u00e1ficos n\u00edtidos y claros en pantallas de alta resoluci\u00f3n<\/li>\n<li>Panel de opciones de tema f\u00e1cil de usar para personalizaci\u00f3n simple.<\/li>\n<\/ul>\n","protected":false},"excerpt":{"rendered":"<p>Elmastudio Baylys, un tema de WordPress exquisitamente impresionante, ha sido meticulosamente elaborado para presentar su contenido de la manera m\u00e1s \u00f3ptima. Su dise\u00f1o minimalista e inmaculadamente limpio dirige sin problemas el enfoque de su audiencia hacia su contenido, lo que les permite sumergirse de todo coraz\u00f3n en su sitio web. Este tema es un sue\u00f1o absoluto para bloggers, escritores, fot\u00f3grafos e individuos que buscan construir un sitio web que exude simplicidad entrelazada con sofisticaci\u00f3n. Con un dise\u00f1o receptivo y una gran cantidad de opciones de personalizaci\u00f3n f\u00e1cil de usar, Elmastudio Baylys emerge como la soluci\u00f3n por excelencia para aquellos que se esfuerzan por establecer una presencia en l\u00ednea impresionante.<\/p>\n","protected":false},"featured_media":165951,"comment_status":"open","ping_status":"open","template":"","meta":[],"product_brand":[2439],"product_cat":[1245,1237,1238],"product_tag":[2253],"class_list":{"0":"post-123753","1":"product","2":"type-product","3":"status-publish","4":"has-post-thumbnail","6":"product_brand-elma-studio","7":"product_cat-blog-revista","8":"product_cat-temas","9":"product_cat-wordpress-temas","10":"product_tag-elma-studio","11":"member-discount","12":"discount-restricted","14":"first","15":"instock","16":"sale","17":"downloadable","18":"virtual","19":"sold-individually","20":"purchasable","21":"product-type-simple"},"_links":{"self":[{"href":"https:\/\/gpl-love.com\/es\/wp-json\/wp\/v2\/product\/123753","targetHints":{"allow":["GET"]}}],"collection":[{"href":"https:\/\/gpl-love.com\/es\/wp-json\/wp\/v2\/product"}],"about":[{"href":"https:\/\/gpl-love.com\/es\/wp-json\/wp\/v2\/types\/product"}],"replies":[{"embeddable":true,"href":"https:\/\/gpl-love.com\/es\/wp-json\/wp\/v2\/comments?post=123753"}],"wp:featuredmedia":[{"embeddable":true,"href":"https:\/\/gpl-love.com\/es\/wp-json\/wp\/v2\/media\/165951"}],"wp:attachment":[{"href":"https:\/\/gpl-love.com\/es\/wp-json\/wp\/v2\/media?parent=123753"}],"wp:term":[{"taxonomy":"product_brand","embeddable":true,"href":"https:\/\/gpl-love.com\/es\/wp-json\/wp\/v2\/product_brand?post=123753"},{"taxonomy":"product_cat","embeddable":true,"href":"https:\/\/gpl-love.com\/es\/wp-json\/wp\/v2\/product_cat?post=123753"},{"taxonomy":"product_tag","embeddable":true,"href":"https:\/\/gpl-love.com\/es\/wp-json\/wp\/v2\/product_tag?post=123753"}],"curies":[{"name":"wp","href":"https:\/\/api.w.org\/{rel}","templated":true}]}}