{"id":123713,"date":"2022-02-18T00:00:00","date_gmt":"2022-02-18T05:00:00","guid":{"rendered":"https:\/\/gpl-love.com\/es\/producto\/mythemeshop-writer-wordpress-theme\/"},"modified":"2026-04-10T11:18:35","modified_gmt":"2026-04-10T16:18:35","slug":"mythemeshop-writer-wordpress-theme","status":"publish","type":"product","link":"https:\/\/gpl-love.com\/es\/producto\/mythemeshop-writer-wordpress-theme\/","title":{"rendered":"MyThemeShop Writer WordPress Theme 1.2.12"},"content":{"rendered":"<h3>MyThemeShop Writer WordPress Theme Caracteristicas<\/h3>\n<p>El tema del escritor de WordPress de Mythemeshop es un tema ejemplar que atiende espec\u00edficamente a las necesidades de escritores, blogueros y creadores de contenido en general. Este tema cuenta con una interfaz instintiva e instintiva f\u00e1cil de usar que optimiza el proceso de generar y difundir contenido de primer nivel. Los usuarios de este tema tienen el lujo de personalizar sin esfuerzo sus sitios web para alinearse con sus preferencias, gracias a la disponibilidad de una amplia gama de dise\u00f1os, opciones de tipograf\u00eda y esquemas de color. Adem\u00e1s, el tema del escritor de WordPress de Mythemeshop est\u00e1 dise\u00f1ado para optimizar el rendimiento, asegurando que su sitio web se cargue de manera r\u00e1pida y sin problemas. En resumen, este tema es una selecci\u00f3n sobresaliente para las personas que buscan elaborar un sitio web pulido y sofisticado que enfatiza la creaci\u00f3n de contenido.<\/p>\n<ul>\n<li>Dise\u00f1o limpio y minimalista que mejora la experiencia de lectura<\/li>\n<li>Dise\u00f1o totalmente receptivo y amigable para m\u00f3viles que se adapta a cualquier tama\u00f1o de pantalla<\/li>\n<li>Una amplia gama de opciones de tipograf\u00eda y m\u00e1s de 630 fuentes de Google<\/li>\n<li>Admite varios formatos de publicaci\u00f3n y permite plantillas de publicaci\u00f3n personalizadas<\/li>\n<li>M\u00faltiples esquemas de color y opciones de fondo para elegir<\/li>\n<li>SEO optimizado con opciones f\u00e1ciles de usar para meta t\u00edtulos, descripciones y palabras clave<\/li>\n<li>Integraci\u00f3n con las principales redes sociales para compartir f\u00e1cilmente<\/li>\n<li>Sistema de revisi\u00f3n incorporado para calificar y revisar publicaciones<\/li>\n<li>Secciones personalizables de la p\u00e1gina principal para mostrar su mejor contenido<\/li>\n<li>Traducci\u00f3n lista y compatible con sitios web multiling\u00fces<\/li>\n<li>Documentaci\u00f3n y apoyo integrales proporcionados por Mythemeshop Team.<\/li>\n<\/ul>\n","protected":false},"excerpt":{"rendered":"<p>El tema del escritor Mythemeshop WordPress sirve como un tema sofisticado y refinado construido espec\u00edficamente para blogueros y escritores que tienen como objetivo exhibir sus obras creativas. Con una interfaz f\u00e1cil de usar y un dise\u00f1o receptivo, este tema le otorga la capacidad de personalizar sin esfuerzo su sitio web, lo que finalmente le otorga un aire de profesionalismo. La variedad de caracter\u00edsticas de este tema, que incluyen m\u00faltiples opciones de dise\u00f1o, gesti\u00f3n de anuncios integrados y tipograf\u00eda personalizable, le brinda la oportunidad de elaborar una experiencia verdaderamente distintiva y cautivadora para su audiencia. Adem\u00e1s, su inclusi\u00f3n de la optimizaci\u00f3n de SEO garantiza una mayor visibilidad en varios motores de b\u00fasqueda, lo que lo convierte en una opci\u00f3n ideal para las personas que se esfuerzan por expandir su presencia en l\u00ednea. No pierda el tiempo en el lanzamiento de su sitio web adquiriendo el tema de WordPress del escritor Mythemeshop.<\/p>\n","protected":false},"featured_media":166950,"comment_status":"open","ping_status":"open","template":"","meta":[],"product_brand":[2505],"product_cat":[1245,1237,1238],"product_tag":[1334],"class_list":{"0":"post-123713","1":"product","2":"type-product","3":"status-publish","4":"has-post-thumbnail","6":"product_brand-my-theme-shop","7":"product_cat-blog-revista","8":"product_cat-temas","9":"product_cat-wordpress-temas","10":"product_tag-my-theme-shop","11":"member-discount","12":"discount-restricted","14":"first","15":"instock","16":"sale","17":"downloadable","18":"virtual","19":"sold-individually","20":"purchasable","21":"product-type-simple"},"_links":{"self":[{"href":"https:\/\/gpl-love.com\/es\/wp-json\/wp\/v2\/product\/123713","targetHints":{"allow":["GET"]}}],"collection":[{"href":"https:\/\/gpl-love.com\/es\/wp-json\/wp\/v2\/product"}],"about":[{"href":"https:\/\/gpl-love.com\/es\/wp-json\/wp\/v2\/types\/product"}],"replies":[{"embeddable":true,"href":"https:\/\/gpl-love.com\/es\/wp-json\/wp\/v2\/comments?post=123713"}],"wp:featuredmedia":[{"embeddable":true,"href":"https:\/\/gpl-love.com\/es\/wp-json\/wp\/v2\/media\/166950"}],"wp:attachment":[{"href":"https:\/\/gpl-love.com\/es\/wp-json\/wp\/v2\/media?parent=123713"}],"wp:term":[{"taxonomy":"product_brand","embeddable":true,"href":"https:\/\/gpl-love.com\/es\/wp-json\/wp\/v2\/product_brand?post=123713"},{"taxonomy":"product_cat","embeddable":true,"href":"https:\/\/gpl-love.com\/es\/wp-json\/wp\/v2\/product_cat?post=123713"},{"taxonomy":"product_tag","embeddable":true,"href":"https:\/\/gpl-love.com\/es\/wp-json\/wp\/v2\/product_tag?post=123713"}],"curies":[{"name":"wp","href":"https:\/\/api.w.org\/{rel}","templated":true}]}}