{"id":123711,"date":"2022-02-24T00:00:00","date_gmt":"2022-02-24T05:00:00","guid":{"rendered":"https:\/\/gpl-love.com\/es\/producto\/mythemeshop-feminine-wordpress-theme\/"},"modified":"2026-04-10T11:18:02","modified_gmt":"2026-04-10T16:18:02","slug":"mythemeshop-feminine-wordpress-theme","status":"publish","type":"product","link":"https:\/\/gpl-love.com\/es\/producto\/mythemeshop-feminine-wordpress-theme\/","title":{"rendered":"MyThemeShop Feminine WordPress Theme 2.2.6"},"content":{"rendered":"<h3>MyThemeShop Feminine WordPress Theme Caracteristicas<\/h3>\n<p>El tema de WordPress femenino de Mythemeshop, un dise\u00f1o visualmente atractivo y sofisticado, ha sido meticulosamente elaborado con la intenci\u00f3n de atender a las blogueras o empresas que desean un toque de feminidad en su plataforma en l\u00ednea. Este tema cuenta con un dise\u00f1o receptivo que est\u00e1 completamente optimizado para diversos dispositivos m\u00f3viles, asegurando que sus valiosos lectores puedan acceder sin esfuerzo a su contenido desde cualquier dispositivo tecnol\u00f3gico que posean. Adem\u00e1s, este notable tema se ha adaptado para ser amigable con el SEO, garantizando que su sitio web sea f\u00e1cilmente descubierta por motores de b\u00fasqueda destacados. En particular, el tema de WordPress femenino Mythemeshop ofrece una gran cantidad de opciones de personalizaci\u00f3n que abarcan una variedad de esquemas de color, fuentes y dise\u00f1os, posteriormente que lo facilitan a dise\u00f1ar un sitio web distintivo y personalizado que sea un verdadero reflejo de la identidad de su marca. Adem\u00e1s, el tema de WordPress femenino Mythemeshop est\u00e1 equipado con una amplia gama de caracter\u00edsticas, que incluyen una integraci\u00f3n de redes sociales perfectas, widgets personalizados y un panel de opciones potente, facilitando as\u00ed la gesti\u00f3n sin esfuerzo de su sitio web y fomentando el compromiso con su estimado audiencia. En resumen, el tema femenino de WordPress femenino mythemespesa indudablemente surge como una elecci\u00f3n excepcional para cualquier individuo en busca de un tema visualmente cautivador y funcionalmente superior que abraza y atiende a la est\u00e9tica femenina.<\/p>\n<ul>\n<li>Un tema de WordPress hermoso y elegante con un toque femenino<\/li>\n<li>F\u00e1cil de instalar y personalizar con una interfaz f\u00e1cil e intuitiva<\/li>\n<li>Totalmente receptivo y amigable con los dispositivos m\u00f3viles, compatibles con todos los dispositivos y tama\u00f1os de pantalla<\/li>\n<li>M\u00faltiples opciones de dise\u00f1o de p\u00e1gina de inicio y dise\u00f1o de blog para elegir<\/li>\n<li>Secciones de encabezado y pie de p\u00e1gina personalizables para agregar su propio logotipo, men\u00fa y otro contenido<\/li>\n<li>Integraci\u00f3n de redes sociales incorporadas y opciones de intercambio para un mayor compromiso y visibilidad<\/li>\n<li>Dise\u00f1o amigable para SEO para aumentar la clasificaci\u00f3n del motor de b\u00fasqueda de su sitio web<\/li>\n<li>Sistema de revisi\u00f3n y calificaci\u00f3n incorporado para revisiones de productos y servicios<\/li>\n<li>Equipo de soporte dedicado disponible para ayudar con cualquier problema o pregunta que pueda tener<\/li>\n<li>Actualizaciones y mejoras regulares para garantizar la compatibilidad con las \u00faltimas versiones de WordPress y del navegador.<\/li>\n<\/ul>\n","protected":false},"excerpt":{"rendered":"<p>El tema femenino de WordPress, que es ilustre por ser un tema visualmente cautivador y modificable, ha sido dise\u00f1ado exclusivamente para satisfacer las necesidades de las bloggers femeninas y aspirantes a empresarios. Con un dise\u00f1o elegante y contempor\u00e1neo, este tema es el ep\u00edtome de la perfecci\u00f3n para aquellos que desean exhibir su ingenio y estilo. Sus m\u00faltiples dise\u00f1os de p\u00e1gina de inicio, diversos tipos de publicaciones y una amplia gama de opciones de personalizaci\u00f3n permiten a los usuarios curar sin esfuerzo un sitio web distintivo y pulido. Adem\u00e1s, la capacidad de respuesta completa y la optimizaci\u00f3n de SEO de este tema garantizan que su sitio web exudar\u00e1 una est\u00e9tica extraordinaria y ofrecer\u00e1 un rendimiento excepcional en todos los dispositivos. Independientemente de si usted es un aficionado a la moda, un estilo de estilo de vida o un propietario de una peque\u00f1a empresa, el tema femenino de WordPress femenino surge como la mejor opci\u00f3n para actualizar sus aspiraciones de establecer un dominio en l\u00ednea resplandeciente y pr\u00f3spero.<\/p>\n","protected":false},"featured_media":166901,"comment_status":"open","ping_status":"open","template":"","meta":[],"product_brand":[2505],"product_cat":[1267,1237,1238],"product_tag":[1334],"class_list":{"0":"post-123711","1":"product","2":"type-product","3":"status-publish","4":"has-post-thumbnail","6":"product_brand-my-theme-shop","7":"product_cat-creativo","8":"product_cat-temas","9":"product_cat-wordpress-temas","10":"product_tag-my-theme-shop","11":"member-discount","12":"discount-restricted","14":"first","15":"instock","16":"sale","17":"downloadable","18":"virtual","19":"sold-individually","20":"purchasable","21":"product-type-simple"},"_links":{"self":[{"href":"https:\/\/gpl-love.com\/es\/wp-json\/wp\/v2\/product\/123711","targetHints":{"allow":["GET"]}}],"collection":[{"href":"https:\/\/gpl-love.com\/es\/wp-json\/wp\/v2\/product"}],"about":[{"href":"https:\/\/gpl-love.com\/es\/wp-json\/wp\/v2\/types\/product"}],"replies":[{"embeddable":true,"href":"https:\/\/gpl-love.com\/es\/wp-json\/wp\/v2\/comments?post=123711"}],"wp:featuredmedia":[{"embeddable":true,"href":"https:\/\/gpl-love.com\/es\/wp-json\/wp\/v2\/media\/166901"}],"wp:attachment":[{"href":"https:\/\/gpl-love.com\/es\/wp-json\/wp\/v2\/media?parent=123711"}],"wp:term":[{"taxonomy":"product_brand","embeddable":true,"href":"https:\/\/gpl-love.com\/es\/wp-json\/wp\/v2\/product_brand?post=123711"},{"taxonomy":"product_cat","embeddable":true,"href":"https:\/\/gpl-love.com\/es\/wp-json\/wp\/v2\/product_cat?post=123711"},{"taxonomy":"product_tag","embeddable":true,"href":"https:\/\/gpl-love.com\/es\/wp-json\/wp\/v2\/product_tag?post=123711"}],"curies":[{"name":"wp","href":"https:\/\/api.w.org\/{rel}","templated":true}]}}