{"id":123709,"date":"2022-02-18T00:00:00","date_gmt":"2022-02-18T05:00:00","guid":{"rendered":"https:\/\/gpl-love.com\/es\/producto\/elegant-themes-styleshop-woocommerce-theme\/"},"modified":"2026-03-13T17:19:59","modified_gmt":"2026-03-13T22:19:59","slug":"elegant-themes-styleshop-woocommerce-theme","status":"publish","type":"product","link":"https:\/\/gpl-love.com\/es\/producto\/elegant-themes-styleshop-woocommerce-theme\/","title":{"rendered":"Elegant Themes StyleShop WooCommerce Theme 2.2.18"},"content":{"rendered":"<h3>Elegant Themes StyleShop WooCommerce Theme Caracteristicas<\/h3>\n<p>El tema de WooCommerce de temas elegantes exquisitamente dise\u00f1ado se ha creado meticulosamente para servir como una plataforma cautivadora para que las empresas alardeen su variedad \u00fanica de productos de manera profesional y refinada. Este tema excepcional est\u00e1 repleto de una variedad de caracter\u00edsticas de vanguardia que capacitan a los usuarios para modificar sitios web visualmente arrestantes que est\u00e1n espec\u00edficamente orientados a optimizar el \u00e1mbito del comercio electr\u00f3nico. La integraci\u00f3n perfecta con los usuarios de WooCommerce subvenciones la comodidad incomparable de establecer sin esfuerzo su emporio en l\u00ednea e iniciar el proceso lucrativo de vender su mercanc\u00eda sin ning\u00fan retraso innecesario. Con un dise\u00f1o elegante y contempor\u00e1neo, este tema ilustre posee la invaluable cualidad de ser totalmente receptivo, lo que lo hace particularmente adecuado para la poblaci\u00f3n cada vez mayor de usuarios m\u00f3viles. Con una interfaz de arrastre y soltar notablemente f\u00e1cil de usar a su disposici\u00f3n, las personas pueden adaptar sin esfuerzo sus sitios web a sus preferencias precisas, todo sin la m\u00e1s m\u00ednima necesidad de ninguna experiencia de codificaci\u00f3n previa. En esencia, el tema de WooCommerce de Temas elegantes de WooCommerce sirve como el ep\u00edtome de una soluci\u00f3n por excelencia para las empresas que anhelan cultivar una experiencia de compra en l\u00ednea indeleble que dejar\u00e1 una impresi\u00f3n duradera en su clientela exigente.<\/p>\n<ul>\n<li>Dise\u00f1o hermoso y moderno perfectamente adecuado para sitios web de comercio electr\u00f3nico<\/li>\n<li>Construido espec\u00edficamente para su uso con el complemento WooCommerce para una integraci\u00f3n perfecta<\/li>\n<li>Totalmente receptivo, asegurando que su sitio web se vea muy bien en cualquier dispositivo<\/li>\n<li>Incluye una p\u00e1gina de inicio personalizable con deslizador opcional, productos destacados y secciones de blogs<\/li>\n<li>Viene con 5 esquemas de color prefabricados y control completo sobre colores personalizados<\/li>\n<li>Incluye una variedad de opciones de dise\u00f1o para p\u00e1ginas de productos, que incluyen zoom de im\u00e1genes, galer\u00eda y opciones de video<\/li>\n<li>Integraci\u00f3n de redes sociales incorporadas para facilitar el intercambio y la promoci\u00f3n de productos<\/li>\n<li>Personalizaci\u00f3n f\u00e1cil con el uso del panel de opciones de temas incorporados<\/li>\n<li>Actualizaciones regulares y apoyo continuo de temas elegantes<\/li>\n<li>Lista de traducci\u00f3n para audiencias internacionales<\/li>\n<li>Formulario de contacto incorporado y opciones de suscripci\u00f3n de correo electr\u00f3nico para una f\u00e1cil comunicaci\u00f3n del cliente y construcci\u00f3n de listas.<\/li>\n<\/ul>\n","protected":false},"excerpt":{"rendered":"<p>El tema de WooCommerce de Temas elegantes se presenta como un tema de comercio electr\u00f3nico contempor\u00e1neo, suave y sofisticado dise\u00f1ado expl\u00edcitamente para tiendas en l\u00ednea que anhelan una experiencia que exuda elegancia y estilo. Este tema de WordPress posee una gama completa de atributos, como un dise\u00f1o totalmente receptivo y funcionalidades avanzadas como una p\u00e1gina de inicio personalizable, widgets personalizados, un n\u00famero infinito de opciones de color y un panel administrativo comandante. Debido a su dise\u00f1o f\u00e1cil de usar y f\u00e1cilmente navegable, este tema demuestra ser un ajuste perfecto para los comerciantes en l\u00ednea que se esfuerzan por exhibir su mercanc\u00eda de manera cautivadora y profesional. No importa si su enfoque se encuentra dentro de los \u00e1mbitos de la moda, los accesorios o la decoraci\u00f3n del hogar, el tema elegante de Styleshop WooCommerce sin duda sirve como un activo confiable y confiable, lo que le permite diferenciarse de sus competidores y atraer a una clientela m\u00e1s grande.<\/p>\n","protected":false},"featured_media":165933,"comment_status":"open","ping_status":"open","template":"","meta":[],"product_brand":[2415],"product_cat":[1263,1469,1237],"product_tag":[1286],"class_list":{"0":"post-123709","1":"product","2":"type-product","3":"status-publish","4":"has-post-thumbnail","6":"product_brand-elegant-themes","7":"product_cat-comercio-electronico-temas","8":"product_cat-creativo-comercio-electronico-temas","9":"product_cat-temas","10":"product_tag-elegant-themes","11":"member-discount","12":"discount-restricted","14":"first","15":"instock","16":"sale","17":"downloadable","18":"virtual","19":"sold-individually","20":"purchasable","21":"product-type-simple"},"_links":{"self":[{"href":"https:\/\/gpl-love.com\/es\/wp-json\/wp\/v2\/product\/123709","targetHints":{"allow":["GET"]}}],"collection":[{"href":"https:\/\/gpl-love.com\/es\/wp-json\/wp\/v2\/product"}],"about":[{"href":"https:\/\/gpl-love.com\/es\/wp-json\/wp\/v2\/types\/product"}],"replies":[{"embeddable":true,"href":"https:\/\/gpl-love.com\/es\/wp-json\/wp\/v2\/comments?post=123709"}],"wp:featuredmedia":[{"embeddable":true,"href":"https:\/\/gpl-love.com\/es\/wp-json\/wp\/v2\/media\/165933"}],"wp:attachment":[{"href":"https:\/\/gpl-love.com\/es\/wp-json\/wp\/v2\/media?parent=123709"}],"wp:term":[{"taxonomy":"product_brand","embeddable":true,"href":"https:\/\/gpl-love.com\/es\/wp-json\/wp\/v2\/product_brand?post=123709"},{"taxonomy":"product_cat","embeddable":true,"href":"https:\/\/gpl-love.com\/es\/wp-json\/wp\/v2\/product_cat?post=123709"},{"taxonomy":"product_tag","embeddable":true,"href":"https:\/\/gpl-love.com\/es\/wp-json\/wp\/v2\/product_tag?post=123709"}],"curies":[{"name":"wp","href":"https:\/\/api.w.org\/{rel}","templated":true}]}}