{"id":123707,"date":"2022-02-18T00:00:00","date_gmt":"2022-02-18T05:00:00","guid":{"rendered":"https:\/\/gpl-love.com\/es\/producto\/elegant-themes-foxy-woocommerce-theme\/"},"modified":"2026-03-13T17:19:59","modified_gmt":"2026-03-13T22:19:59","slug":"elegant-themes-foxy-woocommerce-theme","status":"publish","type":"product","link":"https:\/\/gpl-love.com\/es\/producto\/elegant-themes-foxy-woocommerce-theme\/","title":{"rendered":"Elegant Themes Foxy WooCommerce Theme 2.2.18"},"content":{"rendered":"<h3>Elegant Themes Foxy WooCommerce Theme Caracteristicas<\/h3>\n<p>El tema Foxy WooCommerce, desarrollado por temas elegantes, es un tema exquisitamente dise\u00f1ado y cuidadosamente dise\u00f1ado que brinda a los usuarios la capacidad de establecer sin esfuerzo una tienda en l\u00ednea. Con una mezcla inmaculada de sofisticaci\u00f3n y elegancia, este tema est\u00e1 hecho a medida para las personas que buscan mostrar sus productos de la manera m\u00e1s refinada y pulida concebible. En virtud de su p\u00e1gina de inicio personalizable, los usuarios est\u00e1n facultados para dise\u00f1ar un dise\u00f1o verdaderamente \u00fanico y visualmente cautivador que seguramente cautivar\u00e1 y absorbe su base de clientes m\u00e1s exigente. Adem\u00e1s, este tema es totalmente receptivo, asegurando as\u00ed que su tienda mantenga su apariencia y funcionalidad impecables en todos los dispositivos, independientemente del tama\u00f1o o resoluci\u00f3n de su pantalla. El tema Foxy WooCommerce cuenta con una extensa variedad de caracter\u00edsticas impresionantes, que incluye, entre otros, un carrusel de producto, una funcionalidad de la lista de deseos y una funci\u00f3n de vista r\u00e1pida del producto, que se enfrenta a una experiencia de compra que es agradable y sin esfuerzo para sus estimados clientes. Independientemente de si usted es una empresa establecida o un emprendedor en ciernes que se embarca en una nueva empresa, el elegante tema Foxy WooCommerce es inequ\u00edvocamente la opci\u00f3n por excelencia para cualquier tienda en l\u00ednea que busque establecer una presencia en l\u00ednea dominante.<\/p>\n<ul>\n<li>Un tema de WordPress elegante y moderno dise\u00f1ado espec\u00edficamente para tiendas en l\u00ednea que usan WooCommerce<\/li>\n<li>Dise\u00f1o totalmente receptivo que se ve muy bien en todos los dispositivos<\/li>\n<li>P\u00e1gina de inicio bellamente dise\u00f1ada con secci\u00f3n de productos destacados personalizables<\/li>\n<li>M\u00faltiples dise\u00f1os de la p\u00e1gina del producto para elegir, incluido el ancho completo o con opciones de barra lateral<\/li>\n<li>Tablas de precios personalizables y incorporadas para mostrar opciones de productos y precios<\/li>\n<li>Informaci\u00f3n de necesidad de saber elegantemente, con pesta\u00f1as personalizables en las p\u00e1ginas de productos<\/li>\n<li>M\u00faltiples opciones de color personalizables y opciones de fuentes para una apariencia \u00fanica<\/li>\n<li>Traducci\u00f3n Ready y WPML Compatible para sitios multiling\u00fces<\/li>\n<li>Seguro y optimizado para velocidades de carga r\u00e1pidas<\/li>\n<li>Actualizaciones continuas, soporte 24\/7 y acceso a una comunidad de dise\u00f1adores y desarrolladores.<\/li>\n<\/ul>\n","protected":false},"excerpt":{"rendered":"<p>El tema de Foxy WooCommerce, desarrollado por temas elegantes, surge como el remedio ideal para las personas en busca de establecer una tienda en l\u00ednea visualmente atractiva y altamente efectiva. Su dise\u00f1o sofisticado personifica una mezcla armoniosa de est\u00e9tica contempor\u00e1nea y atractivo duradero, cautivando as\u00ed a los clientes desde el momento en que aterrizan en su sitio web. Repleto de una variedad de caracter\u00edsticas impresionantes como una p\u00e1gina de inicio personalizable, un dise\u00f1o receptivo y opciones de personalizaci\u00f3n sin esfuerzo, este tema demuestra ser una opci\u00f3n perfecta para las empresas que buscan mejorar su presencia virtual. Ya sea que se trate de mercanc\u00edas tangibles, descargas digitales u servicios de oferta, el tema Foxy WooCommerce abarca todos los ingredientes esenciales necesarios para lanzar r\u00e1pidamente y operar efectivamente su negocio.<\/p>\n","protected":false},"featured_media":165931,"comment_status":"open","ping_status":"open","template":"","meta":[],"product_brand":[2415],"product_cat":[1307,1237,1238],"product_tag":[1286],"class_list":{"0":"post-123707","1":"product","2":"type-product","3":"status-publish","4":"has-post-thumbnail","6":"product_brand-elegant-themes","7":"product_cat-negocio-wordpress-temas","8":"product_cat-temas","9":"product_cat-wordpress-temas","10":"product_tag-elegant-themes","11":"member-discount","12":"discount-restricted","14":"first","15":"instock","16":"sale","17":"downloadable","18":"virtual","19":"sold-individually","20":"purchasable","21":"product-type-simple"},"_links":{"self":[{"href":"https:\/\/gpl-love.com\/es\/wp-json\/wp\/v2\/product\/123707","targetHints":{"allow":["GET"]}}],"collection":[{"href":"https:\/\/gpl-love.com\/es\/wp-json\/wp\/v2\/product"}],"about":[{"href":"https:\/\/gpl-love.com\/es\/wp-json\/wp\/v2\/types\/product"}],"replies":[{"embeddable":true,"href":"https:\/\/gpl-love.com\/es\/wp-json\/wp\/v2\/comments?post=123707"}],"wp:featuredmedia":[{"embeddable":true,"href":"https:\/\/gpl-love.com\/es\/wp-json\/wp\/v2\/media\/165931"}],"wp:attachment":[{"href":"https:\/\/gpl-love.com\/es\/wp-json\/wp\/v2\/media?parent=123707"}],"wp:term":[{"taxonomy":"product_brand","embeddable":true,"href":"https:\/\/gpl-love.com\/es\/wp-json\/wp\/v2\/product_brand?post=123707"},{"taxonomy":"product_cat","embeddable":true,"href":"https:\/\/gpl-love.com\/es\/wp-json\/wp\/v2\/product_cat?post=123707"},{"taxonomy":"product_tag","embeddable":true,"href":"https:\/\/gpl-love.com\/es\/wp-json\/wp\/v2\/product_tag?post=123707"}],"curies":[{"name":"wp","href":"https:\/\/api.w.org\/{rel}","templated":true}]}}