{"id":123640,"date":"2026-04-07T00:00:00","date_gmt":"2026-04-07T05:00:00","guid":{"rendered":"https:\/\/gpl-love.com\/es\/producto\/woocommerce-pre-orders\/"},"modified":"2026-04-10T11:33:12","modified_gmt":"2026-04-10T16:33:12","slug":"woocommerce-pre-orders","status":"publish","type":"product","link":"https:\/\/gpl-love.com\/es\/producto\/woocommerce-pre-orders\/","title":{"rendered":"WooCommerce Pre Orders 2.3.4"},"content":{"rendered":"<h3>WooCommerce Pre Orders Caracteristicas<\/h3>\n<p>WooCommerce Preaders, una herramienta incre\u00edblemente robusta y din\u00e1mica, empodera a los propietarios de tiendas en l\u00ednea al brindarles la oportunidad excepcional de ofrecer a sus estimados clientes la capacidad \u00fanica de preordenar productos que a\u00fan no se han puesto a disposici\u00f3n para su compra. Esta caracter\u00edstica extraordinaria no solo permite a las empresas generar ventas de manera efectiva y eficiente, sino que tambi\u00e9n les permite evaluar y evaluar expertos la demanda de sus productos nuevos y futuros antes de su lanzamiento real. Adem\u00e1s, esta herramienta excepcional cuenta con una interfaz notablemente f\u00e1cil de usar, que facilita sin esfuerzo el proceso de configuraci\u00f3n de pedidos anticipados para productos espec\u00edficos o incluso categor\u00edas completas de productos. Adem\u00e1s, este sistema extraordinario est\u00e1 equipado con la incre\u00edble capacidad de administrar autom\u00e1ticamente el inventario y cumplir los pedidos tan pronto como estos productos esperados con entusiasmo finalmente est\u00e9n disponibles. En consecuencia, con los pedidos anticipados de WooCommerce a su disposici\u00f3n, los minoristas en l\u00ednea pueden amplificar con \u00e9xito sus ingresos, minimizar significativamente los desechos y, en \u00faltima instancia, proporcionar a sus clientes estimados una experiencia de compra incomparable, m\u00e1s absorbente y exquisitamente personalizada.<\/p>\n<ul>\n<li>Permite a los clientes pre-ordenar productos que a\u00fan no est\u00e1n disponibles<\/li>\n<li>Permite que las tiendas cobren pagos por pedidos anticipados por adelantado<\/li>\n<li>Proporciona opciones para establecer una fecha de lanzamiento para productos preordenados<\/li>\n<li>Se integra a la perfecci\u00f3n con WooCommerce, la popular plataforma de comercio electr\u00f3nico<\/li>\n<li>Ahorra tiempo y recursos automatizando el proceso de pedido anticipado<\/li>\n<li>Ofrece flexibilidad en la gesti\u00f3n de pedidos anticipados, incluidos env\u00edos parciales y cancelaciones<\/li>\n<li>Aumenta las ventas al permitir que los clientes aseguren sus pedidos antes de que los productos est\u00e9n agotados<\/li>\n<\/ul>\n","protected":false},"excerpt":{"rendered":"<p>El complemento de WooCommerce PREDERS es una herramienta incre\u00edblemente robusta e influyente que permite a las empresas aceptar los pedidos anticipados dentro de su tienda WooCommerce. Al utilizar este complemento, las empresas tienen la capacidad de configurar sin esfuerzo y establecer opciones de pedido anticipado para sus productos, asegurando as\u00ed una experiencia pre-pedida perfecta y sin esfuerzo para sus valiosos clientes. Adem\u00e1s, el complemento permite una amplia personalizaci\u00f3n de mensajes de pedido anticipado, lo que permite a las empresas adaptar estos mensajes con precisi\u00f3n a su marca \u00fanica y base de clientes. Adem\u00e1s, el complemento ofrece a las empresas la flexibilidad de establecer fechas de lanzamiento distintas para cada producto individual, mejorando a\u00fan m\u00e1s su capacidad para administrar y organizar efectivamente su proceso de pedido anticipado. Est\u00e1 inequ\u00edvocamente claro que el complemento de pedidos de WooCommerce es una herramienta absolutamente esencial para cualquier negocio que busque aumentar la participaci\u00f3n del cliente, elevar las ventas de pedidos anticipados y optimizar sus operaciones generales de gesti\u00f3n de pedidos.<\/p>\n","protected":false},"featured_media":168213,"comment_status":"open","ping_status":"open","template":"","meta":[],"product_brand":[2344],"product_cat":[1207,1248,1206],"product_tag":[1423],"class_list":{"0":"post-123640","1":"product","2":"type-product","3":"status-publish","4":"has-post-thumbnail","6":"product_brand-woocommerce","7":"product_cat-comercio-electronico-plugins","8":"product_cat-personalizacion-comercio-electronico-plugins","9":"product_cat-plugins","10":"product_tag-woocommerce","11":"member-discount","12":"discount-restricted","14":"first","15":"instock","16":"sale","17":"downloadable","18":"virtual","19":"sold-individually","20":"purchasable","21":"product-type-simple"},"_links":{"self":[{"href":"https:\/\/gpl-love.com\/es\/wp-json\/wp\/v2\/product\/123640","targetHints":{"allow":["GET"]}}],"collection":[{"href":"https:\/\/gpl-love.com\/es\/wp-json\/wp\/v2\/product"}],"about":[{"href":"https:\/\/gpl-love.com\/es\/wp-json\/wp\/v2\/types\/product"}],"replies":[{"embeddable":true,"href":"https:\/\/gpl-love.com\/es\/wp-json\/wp\/v2\/comments?post=123640"}],"wp:featuredmedia":[{"embeddable":true,"href":"https:\/\/gpl-love.com\/es\/wp-json\/wp\/v2\/media\/168213"}],"wp:attachment":[{"href":"https:\/\/gpl-love.com\/es\/wp-json\/wp\/v2\/media?parent=123640"}],"wp:term":[{"taxonomy":"product_brand","embeddable":true,"href":"https:\/\/gpl-love.com\/es\/wp-json\/wp\/v2\/product_brand?post=123640"},{"taxonomy":"product_cat","embeddable":true,"href":"https:\/\/gpl-love.com\/es\/wp-json\/wp\/v2\/product_cat?post=123640"},{"taxonomy":"product_tag","embeddable":true,"href":"https:\/\/gpl-love.com\/es\/wp-json\/wp\/v2\/product_tag?post=123640"}],"curies":[{"name":"wp","href":"https:\/\/api.w.org\/{rel}","templated":true}]}}