{"id":123638,"date":"2022-02-17T00:00:00","date_gmt":"2022-02-17T05:00:00","guid":{"rendered":"https:\/\/gpl-love.com\/es\/producto\/woocommerce-paypal-advanced\/"},"modified":"2026-04-10T11:32:59","modified_gmt":"2026-04-10T16:32:59","slug":"woocommerce-paypal-advanced","status":"publish","type":"product","link":"https:\/\/gpl-love.com\/es\/producto\/woocommerce-paypal-advanced\/","title":{"rendered":"WooCommerce PayPal Advanced 1.24.12"},"content":{"rendered":"<h3>WooCommerce PayPal Advanced Caracteristicas<\/h3>\n<p>WooCommerce PayPal Advanced, una pasarela de pago altamente segura y f\u00e1cil de usar, atiende a las empresas en l\u00ednea globales al facilitar la aceptaci\u00f3n de los pagos de los clientes de todo el mundo. Esta notable herramienta integra perfectamente la plataforma de comercio electr\u00f3nico inmensamente popular, WooCommerce, con el servicio de pago digital de renombre mundial, PayPal. A trav\u00e9s de la utilizaci\u00f3n de WooCommerce PayPal Advanced, los comerciantes est\u00e1n facultados para optimizar su proceso de pago, ofreciendo as\u00ed a sus clientes exigentes una opci\u00f3n de pago que es conveniente y confiable. Adem\u00e1s, esta invaluable herramienta d\u00eda a las empresas la capacidad de administrar efectivamente sus transacciones dentro de una plataforma centralizada, proporcion\u00e1ndoles acceso en tiempo real a datos de ventas fundamentales, procedimientos de reembolso y resoluciones de disputas. En general, las capacidades multifac\u00e9ticas de WooCommerce PayPal Advanced lo convierten en una soluci\u00f3n inquebrantable y altamente eficiente para las empresas que aspiran a ampliar su base de clientes y fomentar el crecimiento de las ventas en l\u00ednea.<\/p>\n<ul>\n<li>Integra sin problemas PayPal Advanced Pague Guerdway con WooCommerce<\/li>\n<li>Acepta pagos de todas las principales tarjetas de cr\u00e9dito y d\u00e9bito, incluidas Visa, MasterCard, American Express y Discover<\/li>\n<li>Admite pagos recurrentes por suscripciones y membres\u00edas<\/li>\n<li>Proporciona un proceso de pago seguro y f\u00e1cil de usar para los clientes<\/li>\n<li>Permite a los comerciantes personalizar la p\u00e1gina de pago con su propia marca y dise\u00f1o<\/li>\n<li>Ofrece herramientas de protecci\u00f3n de fraude y gesti\u00f3n de riesgos para salvaguardar contra transacciones fraudulentas<\/li>\n<li>Actualiza autom\u00e1ticamente el estado del pedido y env\u00eda notificaciones a los clientes y comerciantes para pagos exitosos<\/li>\n<li>Proporciona acceso a informes de ventas detallados y datos de transacciones para mejores conocimientos y an\u00e1lisis comerciales.<\/li>\n<li>Ofrece apoyo y documentaci\u00f3n receptivos de los equipos de WooCommerce y PayPal<\/li>\n<\/ul>\n","protected":false},"excerpt":{"rendered":"<p>WooCommerce PayPal Advanced presenta una herramienta de procesamiento de pagos excepcionalmente eficiente, facilitando as\u00ed la aceptaci\u00f3n perfecta de los pagos con tarjeta de cr\u00e9dito y d\u00e9bito directamente en su tienda en l\u00ednea. A trav\u00e9s de una integraci\u00f3n perfecta con PayPal, se le otorga la capacidad de procesar de forma segura los pagos y administrar de manera efectiva los pedidos, todos desde una ubicaci\u00f3n centralizada. Este notable complemento cuenta con una amplia gama de opciones de pago, acomodando la utilizaci\u00f3n de PayPal Express Checkout, PayPal Payments Pro y PayPal PayFlow Pro. Con la implementaci\u00f3n de funcionalidades de pago de vanguardia, como el pago personalizable, la protecci\u00f3n integral de fraude y la capacidad de facilitar los pagos recurrentes, puede optimizar todo su proceso de pago, fomentando en \u00faltima instancia un nivel incomparable de satisfacci\u00f3n del cliente. \u00a1Le instamos a que se embarque en su viaje con WooCommerce PayPal avanzado hoy, y presenciamos de primera mano el poder transformador que posee en la entrega de una experiencia de pago impecablemente suave y gratificante para su valiosa clientela!<\/p>\n","protected":false},"featured_media":168195,"comment_status":"open","ping_status":"open","template":"","meta":[],"product_brand":[2344],"product_cat":[1207,1426,1206],"product_tag":[1423],"class_list":{"0":"post-123638","1":"product","2":"type-product","3":"status-publish","4":"has-post-thumbnail","6":"product_brand-woocommerce","7":"product_cat-comercio-electronico-plugins","8":"product_cat-pago-comercio-electronico-plugins","9":"product_cat-plugins","10":"product_tag-woocommerce","11":"member-discount","12":"discount-restricted","14":"first","15":"instock","16":"sale","17":"downloadable","18":"virtual","19":"sold-individually","20":"purchasable","21":"product-type-simple"},"_links":{"self":[{"href":"https:\/\/gpl-love.com\/es\/wp-json\/wp\/v2\/product\/123638","targetHints":{"allow":["GET"]}}],"collection":[{"href":"https:\/\/gpl-love.com\/es\/wp-json\/wp\/v2\/product"}],"about":[{"href":"https:\/\/gpl-love.com\/es\/wp-json\/wp\/v2\/types\/product"}],"replies":[{"embeddable":true,"href":"https:\/\/gpl-love.com\/es\/wp-json\/wp\/v2\/comments?post=123638"}],"wp:featuredmedia":[{"embeddable":true,"href":"https:\/\/gpl-love.com\/es\/wp-json\/wp\/v2\/media\/168195"}],"wp:attachment":[{"href":"https:\/\/gpl-love.com\/es\/wp-json\/wp\/v2\/media?parent=123638"}],"wp:term":[{"taxonomy":"product_brand","embeddable":true,"href":"https:\/\/gpl-love.com\/es\/wp-json\/wp\/v2\/product_brand?post=123638"},{"taxonomy":"product_cat","embeddable":true,"href":"https:\/\/gpl-love.com\/es\/wp-json\/wp\/v2\/product_cat?post=123638"},{"taxonomy":"product_tag","embeddable":true,"href":"https:\/\/gpl-love.com\/es\/wp-json\/wp\/v2\/product_tag?post=123638"}],"curies":[{"name":"wp","href":"https:\/\/api.w.org\/{rel}","templated":true}]}}