{"id":123636,"date":"2022-02-17T00:00:00","date_gmt":"2022-02-17T05:00:00","guid":{"rendered":"https:\/\/gpl-love.com\/es\/producto\/woocommerce-paypal-adaptive-payments\/"},"modified":"2026-04-10T11:32:58","modified_gmt":"2026-04-10T16:32:58","slug":"woocommerce-paypal-adaptive-payments","status":"publish","type":"product","link":"https:\/\/gpl-love.com\/es\/producto\/woocommerce-paypal-adaptive-payments\/","title":{"rendered":"WooCommerce PayPal Adaptive Payments 1.1.11"},"content":{"rendered":"<h3>WooCommerce PayPal Adaptive Payments Caracteristicas<\/h3>\n<p>WooCommerce PayPal Adaptive Payments es una pasarela de pago altamente eficiente y robusta que ofrece a las empresas la capacidad excepcional de aceptar los pagos sin problemas de los clientes a nivel mundial a trav\u00e9s de PayPal. Esta incre\u00edble pasarela de pago no solo facilita la gesti\u00f3n sin problemas de los pagos, los reembolsos y las disputas, sino que tambi\u00e9n presenta una variedad de opciones de pago flexibles, que abarca pagos paralelos, pagos encadenados y preprovalias. Adem\u00e1s, su proceso de configuraci\u00f3n directo permite a las empresas comenzar r\u00e1pidamente a aceptar pagos en cuesti\u00f3n de minutos. En esencia, la incorporaci\u00f3n de esta pasarela de pago excepcional en el marco de cualquier empresa sirve como un medio magn\u00edfico para ampliar las alternativas de pago y mejorar la eficiencia del sistema de gesti\u00f3n de pagos.<\/p>\n<ul>\n<li>Integra sin problemas el sistema de pagos adaptativos de PayPal con WooCommerce<\/li>\n<li>Permite pagos divididos entre m\u00faltiples destinatarios<\/li>\n<li>Ofrece distribuci\u00f3n autom\u00e1tica de fondos a destinatarios designados<\/li>\n<li>Proporciona seguimiento e informes de transacciones en tiempo real<\/li>\n<li>Permite un procesamiento de pago seguro y confiable tanto para clientes como para comerciantes.<\/li>\n<li>Compatible con todas las principales monedas y m\u00e9todos de pago<\/li>\n<li>Configuraci\u00f3n y opciones personalizables para satisfacer las necesidades de las empresas individuales<\/li>\n<li>Proporciona atenci\u00f3n al cliente excepcional para cualquier problema t\u00e9cnico o inquietud.<\/li>\n<\/ul>\n","protected":false},"excerpt":{"rendered":"<p>El complemento de pagos adaptativos de WooCommerce PayPal ofrece la capacidad de dividir los pagos entre m\u00faltiples destinatarios, atendiendo a los complejos escenarios de transacciones. Esta funcionalidad le permite asignar ingresos sin esfuerzo entre proveedores o socios, todo dentro de los convenientes confines de su tienda WooCommerce. Con los pagos adaptativos, obtiene la capacidad de autorizar y capturar pagos a trav\u00e9s de diversos m\u00e9todos, abarcando los compromisos previos y los pagos retrasados \u200b\u200bencadenados. Esta herramienta robusta le garantiza un control sin precedentes sobre los flujos de pago y la adaptabilidad para acomodar una gran cantidad de escenarios de pago, que finalmente facilita una experiencia de pago sin problemas para sus clientes valiosos.<\/p>\n","protected":false},"featured_media":168194,"comment_status":"open","ping_status":"open","template":"","meta":[],"product_brand":[2344],"product_cat":[1207,1426,1206],"product_tag":[1423],"class_list":{"0":"post-123636","1":"product","2":"type-product","3":"status-publish","4":"has-post-thumbnail","6":"product_brand-woocommerce","7":"product_cat-comercio-electronico-plugins","8":"product_cat-pago-comercio-electronico-plugins","9":"product_cat-plugins","10":"product_tag-woocommerce","11":"member-discount","12":"discount-restricted","14":"first","15":"instock","16":"sale","17":"downloadable","18":"virtual","19":"sold-individually","20":"purchasable","21":"product-type-simple"},"_links":{"self":[{"href":"https:\/\/gpl-love.com\/es\/wp-json\/wp\/v2\/product\/123636","targetHints":{"allow":["GET"]}}],"collection":[{"href":"https:\/\/gpl-love.com\/es\/wp-json\/wp\/v2\/product"}],"about":[{"href":"https:\/\/gpl-love.com\/es\/wp-json\/wp\/v2\/types\/product"}],"replies":[{"embeddable":true,"href":"https:\/\/gpl-love.com\/es\/wp-json\/wp\/v2\/comments?post=123636"}],"wp:featuredmedia":[{"embeddable":true,"href":"https:\/\/gpl-love.com\/es\/wp-json\/wp\/v2\/media\/168194"}],"wp:attachment":[{"href":"https:\/\/gpl-love.com\/es\/wp-json\/wp\/v2\/media?parent=123636"}],"wp:term":[{"taxonomy":"product_brand","embeddable":true,"href":"https:\/\/gpl-love.com\/es\/wp-json\/wp\/v2\/product_brand?post=123636"},{"taxonomy":"product_cat","embeddable":true,"href":"https:\/\/gpl-love.com\/es\/wp-json\/wp\/v2\/product_cat?post=123636"},{"taxonomy":"product_tag","embeddable":true,"href":"https:\/\/gpl-love.com\/es\/wp-json\/wp\/v2\/product_tag?post=123636"}],"curies":[{"name":"wp","href":"https:\/\/api.w.org\/{rel}","templated":true}]}}