{"id":123622,"date":"2022-12-24T00:00:00","date_gmt":"2022-12-24T05:00:00","guid":{"rendered":"https:\/\/gpl-love.com\/es\/producto\/themify-builder-pricing-table\/"},"modified":"2026-03-09T08:13:12","modified_gmt":"2026-03-09T13:13:12","slug":"themify-builder-pricing-table","status":"publish","type":"product","link":"https:\/\/gpl-love.com\/es\/producto\/themify-builder-pricing-table\/","title":{"rendered":"Themify Builder Pricing Table 3.0.2"},"content":{"rendered":"<h3>Themify Builder Pricing Table Caracteristicas<\/h3>\n<p>La tabla de precios de Builder Themify es una herramienta incre\u00edblemente robusta y eficiente que satisface las necesidades de los propietarios y desarrolladores de sitios web ofreci\u00e9ndoles una plataforma para mostrar sus opciones de precios de una manera que no solo es clara sino tambi\u00e9n innegablemente profesional. Esta incre\u00edble herramienta faculta a los usuarios con su interfaz de arrastrar y soltar altamente intuitiva, capacit\u00e1ndolos para personalizar y dise\u00f1ar sus tablas de precios de una manera que armoniza sin problemas con su identidad de marca y el dise\u00f1o general de sitios web. Adem\u00e1s, la tabla de precios est\u00e1 dise\u00f1ada para ser totalmente receptiva, asegurando as\u00ed que los usuarios puedan acceder y explorar convenientemente las diversas opciones de precios en cualquier dispositivo que elijan utilizar. Adem\u00e1s, la tabla de precios del constructor Themify cuenta con una variedad de opciones de personalizaci\u00f3n, incluida la capacidad de modificar estilos de fuentes, colores y anchos de columna, facilitando as\u00ed la creaci\u00f3n de una tabla que atiende a los requisitos precisos y \u00fanicos de cada usuario. Adem\u00e1s, esta notable herramienta est\u00e1 equipada con la capacidad de admitir m\u00faltiples monedas y opciones de pago, por lo que es una herramienta excepcionalmente ventajosa para las empresas que operan a escala global. En consecuencia, es evidente que la tabla de precios del constructor Themify es una adici\u00f3n invaluable a cualquier sitio web, que ofrece una soluci\u00f3n est\u00e9ticamente agradable y f\u00e1cil de usar para exhibir opciones de precios de una manera insuperable.<\/p>\n<ul>\n<li>Un complemento de tabla de precios receptivo y personalizable para sitios web de WordPress<\/li>\n<li>Elija entre diferentes dise\u00f1os de tabla de precios, incluida la cuadr\u00edcula, la lista y el alternar<\/li>\n<li>Mostrar opciones de precios basadas en caracter\u00edsticas, duraci\u00f3n o cualquier otro criterio que especifique<\/li>\n<li>Agregue iconos, im\u00e1genes y descripciones personalizadas a cada opci\u00f3n de precios<\/li>\n<li>Incluya un bot\u00f3n de llamada a la acci\u00f3n para cada opci\u00f3n de precio<\/li>\n<li>Personalizar colores, fuentes y estilos para que coincida con la marca de su sitio web<\/li>\n<li>Interfaz de arrastrar y soltar para una f\u00e1cil edici\u00f3n y reorganizaci\u00f3n de las opciones de precios<\/li>\n<li>Integraci\u00f3n con PayPal y otras pasarelas de pago para un f\u00e1cil procesamiento de pagos<\/li>\n<li>Tasas mejoradas de participaci\u00f3n y conversi\u00f3n del usuario con una tabla de precios clara y visualmente atractiva.<\/li>\n<\/ul>\n","protected":false},"excerpt":{"rendered":"<p>La tabla de precios de Themify Builder es una herramienta extremadamente robusta que agiliza en gran medida el intrincado proceso de generaci\u00f3n de tablas de precios que poseen un aire de profesionalismo. Este complemento excepcional de WordPress est\u00e1 equipado con una interfaz de arrastrar y soltar incre\u00edblemente adaptable, que le otorga la capacidad sin esfuerzo para insertar, eliminar o modificar los planes de precios, las caracter\u00edsticas y los precios. Adem\u00e1s, con la inclusi\u00f3n de su notable variedad de opciones de estilo avanzado y su capacidad de respuesta innata a dispositivos variables, tiene la capacidad de fabricar tablas de precios que son asombrosamente funcionales y visualmente cautivadoras. En consecuencia, su estimada clientela ser\u00e1 bendecida con la facilidad de comparar los planes y, en \u00faltima instancia, seleccionar la que se alinea impecablemente con sus requisitos individualizados. Por lo tanto, independientemente de si se dedica a la venta de productos o servicios, la tabla de precios de constructor de temas fenomenalmente ingeniosa sirve como la herramienta por excelencia para ayudarlo a capitalizar con \u00e9xito su sitio web.<\/p>\n","protected":false},"featured_media":167750,"comment_status":"open","ping_status":"open","template":"","meta":[],"product_brand":[2578],"product_cat":[1214,1206,1211],"product_tag":[1400],"class_list":{"0":"post-123622","1":"product","2":"type-product","3":"status-publish","4":"has-post-thumbnail","6":"product_brand-themify","7":"product_cat-personalizacion","8":"product_cat-plugins","9":"product_cat-wordpress-plugins","10":"product_tag-themify","11":"member-discount","12":"discount-restricted","14":"first","15":"instock","16":"sale","17":"downloadable","18":"virtual","19":"sold-individually","20":"purchasable","21":"product-type-simple"},"_links":{"self":[{"href":"https:\/\/gpl-love.com\/es\/wp-json\/wp\/v2\/product\/123622","targetHints":{"allow":["GET"]}}],"collection":[{"href":"https:\/\/gpl-love.com\/es\/wp-json\/wp\/v2\/product"}],"about":[{"href":"https:\/\/gpl-love.com\/es\/wp-json\/wp\/v2\/types\/product"}],"replies":[{"embeddable":true,"href":"https:\/\/gpl-love.com\/es\/wp-json\/wp\/v2\/comments?post=123622"}],"wp:featuredmedia":[{"embeddable":true,"href":"https:\/\/gpl-love.com\/es\/wp-json\/wp\/v2\/media\/167750"}],"wp:attachment":[{"href":"https:\/\/gpl-love.com\/es\/wp-json\/wp\/v2\/media?parent=123622"}],"wp:term":[{"taxonomy":"product_brand","embeddable":true,"href":"https:\/\/gpl-love.com\/es\/wp-json\/wp\/v2\/product_brand?post=123622"},{"taxonomy":"product_cat","embeddable":true,"href":"https:\/\/gpl-love.com\/es\/wp-json\/wp\/v2\/product_cat?post=123622"},{"taxonomy":"product_tag","embeddable":true,"href":"https:\/\/gpl-love.com\/es\/wp-json\/wp\/v2\/product_tag?post=123622"}],"curies":[{"name":"wp","href":"https:\/\/api.w.org\/{rel}","templated":true}]}}