{"id":123620,"date":"2024-02-26T00:00:00","date_gmt":"2024-02-26T05:00:00","guid":{"rendered":"https:\/\/gpl-love.com\/es\/producto\/themify-builder-masked-image\/"},"modified":"2026-04-10T11:27:51","modified_gmt":"2026-04-10T16:27:51","slug":"themify-builder-masked-image","status":"publish","type":"product","link":"https:\/\/gpl-love.com\/es\/producto\/themify-builder-masked-image\/","title":{"rendered":"Themify Builder Masked Image 3.5.1"},"content":{"rendered":"<h3>Themify Builder Masked Image Caracteristicas<\/h3>\n<p>Themify Builder Masked Image es una herramienta altamente competente que permite a los usuarios generar im\u00e1genes enmascaradas notables sin esfuerzo. Este complemento abarca una gran cantidad de opciones personalizables que le otorgan la capacidad de forjar dise\u00f1os distintivos y exquisitos. Al aprovechar las capacidades de la imagen enmascarada del constructor Themify, tiene la capacidad de infundir superposiciones, texturas, gradientes y otros efectos en sus im\u00e1genes, elev\u00e1ndolas a un nivel de prominencia incomparable. La gran facilidad de uso de este complemento lo hace accesible tanto para los novatos como para los expertos en el campo. Independientemente de si est\u00e1 tratando de construir un sitio web, desarrollar un folleto o dise\u00f1ar una publicaci\u00f3n cautivadora en las redes sociales, la imagen enmascarada de Themify Builder sirve como la herramienta por excelencia para inculcar una capa adicional de ingenio y arte en sus creaciones.<\/p>\n<ul>\n<li>Agregue f\u00e1cilmente im\u00e1genes enmascaradas a su sitio web usando Themify Builder<\/li>\n<li>Elija entre una variedad de formas de m\u00e1scaras prefabricadas, o cree sus propias m\u00e1scaras personalizadas<\/li>\n<li>Sube tus propias im\u00e1genes o elige la biblioteca de im\u00e1genes incorporada<\/li>\n<li>Ajuste la opacidad y la posici\u00f3n de la m\u00e1scara para la apariencia perfecta<\/li>\n<li>Use junto con otros m\u00f3dulos de Builder Themify para un dise\u00f1o de sitio web completamente personalizado<\/li>\n<li>Compatible con todos los temas de Themify para que pueda integrarlo sin problemas en su sitio web<\/li>\n<li>Le permite agregar elementos visuales \u00fanicos y llamativos a su sitio web sin requerido ning\u00fan conocimiento de codificaci\u00f3n.<\/li>\n<\/ul>\n","protected":false},"excerpt":{"rendered":"<p>La imagen enmascarada de Themify Builder es una herramienta incre\u00edblemente potente y eficiente que le permite producir im\u00e1genes visualmente cautivadoras visualmente sin esfuerzo para su sitio web. A trav\u00e9s de unos pocos clics, tiene la capacidad de incorporar formas y capas distintivas e intrincadas en sus im\u00e1genes, lo que les permite realmente brillar y cautivar la atenci\u00f3n de sus estimados visitantes. Independientemente de si se identifica como un dise\u00f1ador web experimentado o un propietario de un negocio dedicado, esta notable herramienta posee la capacidad de ayudarlo a dise\u00f1ar un sitio web que exude profesionalismo, dejando as\u00ed una impresi\u00f3n indeleble en su valiosa clientela e incitando a un aumento significativo en las conversiones. Entonces, \u00bfpor qu\u00e9 demorarse m\u00e1s? \u00a1Aproveche la oportunidad de experimentar el poder transformador de la imagen enmascarada de Themify Builder hoy y presencie la notable progresi\u00f3n de su sitio web a alturas sin precedentes!<\/p>\n","protected":false},"featured_media":167747,"comment_status":"open","ping_status":"open","template":"","meta":[],"product_brand":[2578],"product_cat":[1214,1206,1211],"product_tag":[1400],"class_list":{"0":"post-123620","1":"product","2":"type-product","3":"status-publish","4":"has-post-thumbnail","6":"product_brand-themify","7":"product_cat-personalizacion","8":"product_cat-plugins","9":"product_cat-wordpress-plugins","10":"product_tag-themify","11":"member-discount","12":"discount-restricted","14":"first","15":"instock","16":"sale","17":"downloadable","18":"virtual","19":"sold-individually","20":"purchasable","21":"product-type-simple"},"_links":{"self":[{"href":"https:\/\/gpl-love.com\/es\/wp-json\/wp\/v2\/product\/123620","targetHints":{"allow":["GET"]}}],"collection":[{"href":"https:\/\/gpl-love.com\/es\/wp-json\/wp\/v2\/product"}],"about":[{"href":"https:\/\/gpl-love.com\/es\/wp-json\/wp\/v2\/types\/product"}],"replies":[{"embeddable":true,"href":"https:\/\/gpl-love.com\/es\/wp-json\/wp\/v2\/comments?post=123620"}],"wp:featuredmedia":[{"embeddable":true,"href":"https:\/\/gpl-love.com\/es\/wp-json\/wp\/v2\/media\/167747"}],"wp:attachment":[{"href":"https:\/\/gpl-love.com\/es\/wp-json\/wp\/v2\/media?parent=123620"}],"wp:term":[{"taxonomy":"product_brand","embeddable":true,"href":"https:\/\/gpl-love.com\/es\/wp-json\/wp\/v2\/product_brand?post=123620"},{"taxonomy":"product_cat","embeddable":true,"href":"https:\/\/gpl-love.com\/es\/wp-json\/wp\/v2\/product_cat?post=123620"},{"taxonomy":"product_tag","embeddable":true,"href":"https:\/\/gpl-love.com\/es\/wp-json\/wp\/v2\/product_tag?post=123620"}],"curies":[{"name":"wp","href":"https:\/\/api.w.org\/{rel}","templated":true}]}}