{"id":123618,"date":"2025-06-08T00:00:00","date_gmt":"2025-06-08T05:00:00","guid":{"rendered":"https:\/\/gpl-love.com\/es\/producto\/ninja-forms-zoho-crm\/"},"modified":"2026-04-10T11:19:40","modified_gmt":"2026-04-10T16:19:40","slug":"ninja-forms-zoho-crm","status":"publish","type":"product","link":"https:\/\/gpl-love.com\/es\/producto\/ninja-forms-zoho-crm\/","title":{"rendered":"Ninja Forms Zoho CRM 3.5.2"},"content":{"rendered":"<h3>Ninja Forms Zoho CRM Caracteristicas<\/h3>\n<p>Ninja Forms Zoho CRM, una soluci\u00f3n de software altamente efectiva, sirve como facilitador para las empresas que buscan optimizar sus procedimientos de gesti\u00f3n de relaciones con el cliente. Este software de vanguardia integra perfectamente el reconocido complemento Ninja Forms con las capacidades integrales de Zoho CRM, lo que da como resultado una plataforma f\u00e1cil pero notablemente robusta que atiende la captura de clientes potenciales y la gesti\u00f3n eficiente de los datos del cliente. Al emplear formularios ninja Zoho CRM, la tarea laboriosa de la entrada de datos manuales se vuelve obsoleta a medida que el software permite la transmisi\u00f3n directa de datos de formularios de sitio web a Zoho CRM, aumentando as\u00ed la precisi\u00f3n de los datos. Adem\u00e1s, este software ofrece una variedad de opciones de personalizaci\u00f3n avanzada que brindan a las empresas la oportunidad de adaptar el sistema de acuerdo con sus requisitos \u00fanicos. En consecuencia, Ninja Forms Zoho CRM emerge como una herramienta indispensable para cualquier empresa ansiosa por optimizar sus pr\u00e1cticas de gesti\u00f3n de relaciones con el cliente y reforzar su productividad general.<\/p>\n<ul>\n<li>Integra perfectamente formas ninja con Zoho CRM<\/li>\n<li>Env\u00eda autom\u00e1ticamente los env\u00edos de formularios a Zoho CRM como nuevos cables<\/li>\n<li>Ahorra tiempo eliminando la entrada de datos manuales<\/li>\n<li>Proporciona datos de datos en tiempo real entre formularios ninja y Zoho CRM<\/li>\n<li>Mapeo personalizable de campos de formulario a Zoho CRM Fields<\/li>\n<li>Capacidad para filtrar y segmentar env\u00edos de formularios dentro de Zoho CRM<\/li>\n<li>Ayuda a optimizar los procesos de generaci\u00f3n y ventas de leads<\/li>\n<li>Compatible con todos los complementos y extensiones de Ninja Forms<\/li>\n<li>No requiere conocimiento de codificaci\u00f3n o experiencia t\u00e9cnica para configurar<\/li>\n<li>Proporciona informes y an\u00e1lisis detallados sobre los env\u00edos de formularios dentro de Zoho CRM.<\/li>\n<\/ul>\n","protected":false},"excerpt":{"rendered":"<p>Forms Ninja Zoho CRM es una herramienta de integraci\u00f3n muy potente que facilita la conexi\u00f3n perfecta entre sus formularios de contacto Ninja Forms y su cuenta Zoho CRM, lo que permite un enfoque simplificado y cohesivo. Al emplear este complemento, puede capturar y transferir sin esfuerzo la informaci\u00f3n de plomo crucial directamente a su sistema CRM, optimizando as\u00ed su eficiencia y acelerando su proceso de gesti\u00f3n de clientes potenciales. Adem\u00e1s, tiene la capacidad de crear formas de plomo a medida y alinear sin esfuerzo sus campos de forma con sus campos Zoho CRM, garantizando la organizaci\u00f3n meticulosa y la sincronizaci\u00f3n de todos sus datos. Independientemente de si su objetivo es generar un mayor volumen de clientes potenciales, monitorear conversiones o optimizar su proceso de ventas, Ninja Forms Zoho CRM se destaca como la soluci\u00f3n impecable para cualquier empresa que busque elevar su destreza de gesti\u00f3n de clientes potenciales a alturas sin precedentes.<\/p>\n","protected":false},"featured_media":167048,"comment_status":"open","ping_status":"open","template":"","meta":[],"product_brand":[2509],"product_cat":[1212,1206,1211],"product_tag":[1338],"class_list":{"0":"post-123618","1":"product","2":"type-product","3":"status-publish","4":"has-post-thumbnail","6":"product_brand-ninja-forms","7":"product_cat-administracion-wordpress-plugins","8":"product_cat-plugins","9":"product_cat-wordpress-plugins","10":"product_tag-ninja-forms","11":"member-discount","12":"discount-restricted","14":"first","15":"instock","16":"sale","17":"downloadable","18":"virtual","19":"sold-individually","20":"purchasable","21":"product-type-simple"},"_links":{"self":[{"href":"https:\/\/gpl-love.com\/es\/wp-json\/wp\/v2\/product\/123618","targetHints":{"allow":["GET"]}}],"collection":[{"href":"https:\/\/gpl-love.com\/es\/wp-json\/wp\/v2\/product"}],"about":[{"href":"https:\/\/gpl-love.com\/es\/wp-json\/wp\/v2\/types\/product"}],"replies":[{"embeddable":true,"href":"https:\/\/gpl-love.com\/es\/wp-json\/wp\/v2\/comments?post=123618"}],"wp:featuredmedia":[{"embeddable":true,"href":"https:\/\/gpl-love.com\/es\/wp-json\/wp\/v2\/media\/167048"}],"wp:attachment":[{"href":"https:\/\/gpl-love.com\/es\/wp-json\/wp\/v2\/media?parent=123618"}],"wp:term":[{"taxonomy":"product_brand","embeddable":true,"href":"https:\/\/gpl-love.com\/es\/wp-json\/wp\/v2\/product_brand?post=123618"},{"taxonomy":"product_cat","embeddable":true,"href":"https:\/\/gpl-love.com\/es\/wp-json\/wp\/v2\/product_cat?post=123618"},{"taxonomy":"product_tag","embeddable":true,"href":"https:\/\/gpl-love.com\/es\/wp-json\/wp\/v2\/product_tag?post=123618"}],"curies":[{"name":"wp","href":"https:\/\/api.w.org\/{rel}","templated":true}]}}