{"id":123616,"date":"2022-02-17T00:00:00","date_gmt":"2022-02-17T05:00:00","guid":{"rendered":"https:\/\/gpl-love.com\/es\/producto\/ninja-forms-white-label\/"},"modified":"2026-04-10T11:19:38","modified_gmt":"2026-04-10T16:19:38","slug":"ninja-forms-white-label","status":"publish","type":"product","link":"https:\/\/gpl-love.com\/es\/producto\/ninja-forms-white-label\/","title":{"rendered":"Ninja Forms White Label 1.0.5"},"content":{"rendered":"<h3>Ninja Forms White Label Caracteristicas<\/h3>\n<p>Ninja Forms White Label es una herramienta incre\u00edblemente robusta y formidable que le otorga la capacidad de marcar y personalizar completamente sus formularios para sus estimados clientes. A trav\u00e9s de la utilizaci\u00f3n de este notable producto, posee el poder de generar formas sin esfuerzo que coinciden sin problemas con la est\u00e9tica visual y el ambiente de los sitios web de sus clientes. Esta experiencia de usuario armoniosa y sofisticada sin duda dejar\u00e1 una marca indeleble en sus clientes y sus clientes. Adem\u00e1s, la funci\u00f3n de etiqueta blanca erradica efectivamente cualquier rastro de la marca Ninja Forms Branding, lo que le brinda la oportunidad de personalizar toda la experiencia para satisfacer las necesidades y preferencias \u00fanicas de sus apreciados clientes. En resumen, Ninja Forms White Label indudablemente representa un recurso indispensable para cualquier agencia o contratista independiente que anhele proporcionar a sus clientes formularios de primer nivel y dise\u00f1ados a medida que personifican la excelencia.<\/p>\n<ul>\n<li>Constructor de formularios completamente personalizable<\/li>\n<li>Capacidad para agregar el logotipo de la empresa y la marca en todo el complemento<\/li>\n<li>Ocultar o eliminar la marca y referencias de los formularios ninja<\/li>\n<li>Crear y administrar formularios para clientes sin ninguna marca Ninja Forms<\/li>\n<li>Integraci\u00f3n f\u00e1cil con sitios de WordPress<\/li>\n<li>Acceso a soporte premium para asistencia para usar el complemento<\/li>\n<li>Licencia ilimitada para su uso en varios sitios web de clientes<\/li>\n<li>Opci\u00f3n para agregar CSS personalizado para a\u00fan m\u00e1s control sobre el dise\u00f1o<\/li>\n<li>Interfaz de usuario simple para una f\u00e1cil creaci\u00f3n y gesti\u00f3n de formularios.<\/li>\n<\/ul>\n","protected":false},"excerpt":{"rendered":"<p>Ninja Forms White Label es un producto excepcional y muy buscado que ha sido meticulosamente dise\u00f1ado y elaborado con la intenci\u00f3n expl\u00edcita de satisfacer las necesidades y deseos espec\u00edficos de las empresas que anhelan la capacidad de personalizar su software de formulador de formuladores de forma sin problemas y ampliamente. Este producto impresionante faculta a las empresas para integrar sin problemas sus propios elementos de marca distintos e inconfundibles, al tiempo que erradica simult\u00e1neamente cualquier apariencia de logotipos y referencias ninja, que culminan en una experiencia incomparable y sin paralelo para su cliente estimado. Adem\u00e1s, este extraordinario software tambi\u00e9n otorga a las empresas la invaluable oportunidad de adaptarlo y adaptarlo a sus propias especificaciones y preferencias \u00fanicas, lo que les brinda un asombroso nivel de flexibilidad y versatilidad en el \u00e1mbito de la creaci\u00f3n de forma. Adem\u00e1s, es imperativo enfatizar que Ninja Forms White Label representa una soluci\u00f3n incre\u00edblemente sin complicaciones y rentable que es ideal para las empresas que se esfuerzan sinceramente por mejorar y amplificar su reconocimiento de marca y aumentar su experiencia de cliente a alturas sin precedentes.<\/p>\n","protected":false},"featured_media":167045,"comment_status":"open","ping_status":"open","template":"","meta":[],"product_brand":[2509],"product_cat":[1214,1206,1211],"product_tag":[1338],"class_list":{"0":"post-123616","1":"product","2":"type-product","3":"status-publish","4":"has-post-thumbnail","6":"product_brand-ninja-forms","7":"product_cat-personalizacion","8":"product_cat-plugins","9":"product_cat-wordpress-plugins","10":"product_tag-ninja-forms","11":"member-discount","12":"discount-restricted","14":"first","15":"instock","16":"sale","17":"downloadable","18":"virtual","19":"sold-individually","20":"purchasable","21":"product-type-simple"},"_links":{"self":[{"href":"https:\/\/gpl-love.com\/es\/wp-json\/wp\/v2\/product\/123616","targetHints":{"allow":["GET"]}}],"collection":[{"href":"https:\/\/gpl-love.com\/es\/wp-json\/wp\/v2\/product"}],"about":[{"href":"https:\/\/gpl-love.com\/es\/wp-json\/wp\/v2\/types\/product"}],"replies":[{"embeddable":true,"href":"https:\/\/gpl-love.com\/es\/wp-json\/wp\/v2\/comments?post=123616"}],"wp:featuredmedia":[{"embeddable":true,"href":"https:\/\/gpl-love.com\/es\/wp-json\/wp\/v2\/media\/167045"}],"wp:attachment":[{"href":"https:\/\/gpl-love.com\/es\/wp-json\/wp\/v2\/media?parent=123616"}],"wp:term":[{"taxonomy":"product_brand","embeddable":true,"href":"https:\/\/gpl-love.com\/es\/wp-json\/wp\/v2\/product_brand?post=123616"},{"taxonomy":"product_cat","embeddable":true,"href":"https:\/\/gpl-love.com\/es\/wp-json\/wp\/v2\/product_cat?post=123616"},{"taxonomy":"product_tag","embeddable":true,"href":"https:\/\/gpl-love.com\/es\/wp-json\/wp\/v2\/product_tag?post=123616"}],"curies":[{"name":"wp","href":"https:\/\/api.w.org\/{rel}","templated":true}]}}