{"id":123614,"date":"2022-02-17T00:00:00","date_gmt":"2022-02-17T05:00:00","guid":{"rendered":"https:\/\/gpl-love.com\/es\/producto\/ninja-forms-webmerge\/"},"modified":"2026-04-10T11:19:37","modified_gmt":"2026-04-10T16:19:37","slug":"ninja-forms-webmerge","status":"publish","type":"product","link":"https:\/\/gpl-love.com\/es\/producto\/ninja-forms-webmerge\/","title":{"rendered":"Ninja Forms WebMerge 3.0.3"},"content":{"rendered":"<h3>Ninja Forms WebMerge Caracteristicas<\/h3>\n<p>Ninja Forms WebMerge presenta un mecanismo muy robusto y eficiente para la fusi\u00f3n perfecta de datos derivados de los formularios web a varios documentos. Esta herramienta de vanguardia hace que los usuarios con una interfaz f\u00e1cil de usar que facilita la creaci\u00f3n y personalizaci\u00f3n de formularios web, lo que les permite establecer sin esfuerzo las conexiones entre los campos de formulario y los campos de documentos correspondientes. Adem\u00e1s, Ninja Forms WebMerge extiende su funcionalidad al ofrecer una amplia gama de alternativas de salida, que abarca no solo los formatos de documento PDF y Word convencionales, sino tambi\u00e9n el formato m\u00e1s innovador de las hojas de Google. En consecuencia, Ninja Forms WebMerge surge como una soluci\u00f3n excepcional adecuada tanto para las entidades comerciales como para las personas que buscan optimizar sus procedimientos de env\u00edo de formularios y aumentar la eficiencia de sus flujos de trabajo de generaci\u00f3n de documentos.<\/p>\n<ul>\n<li>Integraci\u00f3n perfecta entre formularios ninja y webmerge<\/li>\n<li>Capacidad para crear plantillas de documentos personalizadas utilizando WebMerge<\/li>\n<li>Proceso de creaci\u00f3n de documentos optimizado dentro de formularios ninja<\/li>\n<li>Poblaci\u00f3n de datos autom\u00e1tica en plantillas de documentos de los env\u00edos de formularios ninja<\/li>\n<li>Opci\u00f3n para enviar documentos fusionados por correo electr\u00f3nico o almacenamiento en almacenamiento en la nube<\/li>\n<li>Opciones de formato personalizables para documentos fusionados<\/li>\n<li>Ahorra tiempo y elimina los errores de entrada de datos manuales<\/li>\n<li>Mayor eficiencia y productividad para las empresas que utilizan formularios ninja y webmerge.<\/li>\n<\/ul>\n","protected":false},"excerpt":{"rendered":"<p>Ninja Forms WebMerge es una soluci\u00f3n extremadamente potente y robusta que permite a los usuarios fusionar los datos de formulario sin esfuerzo con una variedad de tipos de documentos, incluidos, entre otros, documentos de Word, PDF, hojas de c\u00e1lculo de Excel o cualquier otro formato de documento que uno pueda requerir. Esta notable herramienta permite la creaci\u00f3n de flujos de trabajo automatizados que optimizan efectivamente el proceso de recopilaci\u00f3n de datos y generaci\u00f3n de documentos, lo que resulta en un ahorro significativo de tiempo y una eficiencia operativa mejorada. El complemento se integra sin problemas con las formas ninja, facilitando as\u00ed el dise\u00f1o de formas intrincadas que incorporan dise\u00f1os de l\u00f3gica condicional y m\u00faltiples p\u00e1ginas, capturando efectivamente la informaci\u00f3n necesaria. Ya sea que el objetivo de uno sea automatizar los procedimientos de facturaci\u00f3n, generar certificados o crear cartas personalizadas, tenga la seguridad de que Ninja Forms WebMerge es una soluci\u00f3n integral que puede satisfacer todos los requisitos.<\/p>\n","protected":false},"featured_media":167044,"comment_status":"open","ping_status":"open","template":"","meta":[],"product_brand":[2509],"product_cat":[1214,1206,1211],"product_tag":[1338],"class_list":{"0":"post-123614","1":"product","2":"type-product","3":"status-publish","4":"has-post-thumbnail","6":"product_brand-ninja-forms","7":"product_cat-personalizacion","8":"product_cat-plugins","9":"product_cat-wordpress-plugins","10":"product_tag-ninja-forms","11":"member-discount","12":"discount-restricted","14":"first","15":"instock","16":"sale","17":"downloadable","18":"virtual","19":"sold-individually","20":"purchasable","21":"product-type-simple"},"_links":{"self":[{"href":"https:\/\/gpl-love.com\/es\/wp-json\/wp\/v2\/product\/123614","targetHints":{"allow":["GET"]}}],"collection":[{"href":"https:\/\/gpl-love.com\/es\/wp-json\/wp\/v2\/product"}],"about":[{"href":"https:\/\/gpl-love.com\/es\/wp-json\/wp\/v2\/types\/product"}],"replies":[{"embeddable":true,"href":"https:\/\/gpl-love.com\/es\/wp-json\/wp\/v2\/comments?post=123614"}],"wp:featuredmedia":[{"embeddable":true,"href":"https:\/\/gpl-love.com\/es\/wp-json\/wp\/v2\/media\/167044"}],"wp:attachment":[{"href":"https:\/\/gpl-love.com\/es\/wp-json\/wp\/v2\/media?parent=123614"}],"wp:term":[{"taxonomy":"product_brand","embeddable":true,"href":"https:\/\/gpl-love.com\/es\/wp-json\/wp\/v2\/product_brand?post=123614"},{"taxonomy":"product_cat","embeddable":true,"href":"https:\/\/gpl-love.com\/es\/wp-json\/wp\/v2\/product_cat?post=123614"},{"taxonomy":"product_tag","embeddable":true,"href":"https:\/\/gpl-love.com\/es\/wp-json\/wp\/v2\/product_tag?post=123614"}],"curies":[{"name":"wp","href":"https:\/\/api.w.org\/{rel}","templated":true}]}}