{"id":123612,"date":"2022-02-17T00:00:00","date_gmt":"2022-02-17T05:00:00","guid":{"rendered":"https:\/\/gpl-love.com\/es\/producto\/ninja-forms-vimeo-uploader\/"},"modified":"2026-04-10T11:19:36","modified_gmt":"2026-04-10T16:19:36","slug":"ninja-forms-vimeo-uploader","status":"publish","type":"product","link":"https:\/\/gpl-love.com\/es\/producto\/ninja-forms-vimeo-uploader\/","title":{"rendered":"Ninja Forms Vimeo Uploader 3.0.2"},"content":{"rendered":"<h3>Ninja Forms Vimeo Uploader Caracteristicas<\/h3>\n<p>Ninja Forms Vimeo Supeader, un complemento de WordPress notablemente f\u00e1cil de usar, ofrece capacidades de carga de video perfectas de su sitio web a Vimeo. Este notable complemento le permite crear formularios personalizados, lo que permite a sus estimados visitantes del sitio web cargar videos sin esfuerzo directamente a su estimada cuenta de Vimeo. Adem\u00e1s, este complemento se integra perfectamente con los formularios ninja, asegurando la incorporaci\u00f3n sin esfuerzo en su sitio web preexistente. En particular, su interfaz simplista pero altamente intuitiva facilita una experiencia de carga de video sin esfuerzo para los usuarios, todo al tiempo que garantiza el cumplimiento de sus requisitos y directrices meticulosamente definidos. Ya sea que sea un estimado bloguero, un vendedor ingenioso o un ambicioso propietario de un negocio, Ninja Forms Vimeo Somnoader demuestra ser una herramienta invaluable, aumentando significativamente las capacidades de video de su sitio web.<\/p>\n<ul>\n<li>Integraci\u00f3n simple y perfecta con formularios ninja<\/li>\n<li>Permite a los usuarios cargar f\u00e1cilmente sus videos de Vimeo directamente desde el formulario.<\/li>\n<li>Admite m\u00faltiples cargas de video<\/li>\n<li>Genera autom\u00e1ticamente miniaturas de video para videos enviados<\/li>\n<li>Proporciona una barra de progreso para cargas de video<\/li>\n<li>Asegura que los archivos de video est\u00e9n formateados correctamente y cumplan con los requisitos de carga de Vimeo<\/li>\n<li>Ofrece opciones de personalizaci\u00f3n para t\u00edtulos de video, descripciones, configuraciones de privacidad y m\u00e1s<\/li>\n<li>Agiliza el proceso de recopilaci\u00f3n y administraci\u00f3n de contenido de video generado por el usuario<\/li>\n<li>Mejora la funcionalidad y la experiencia del usuario de su plataforma Ninja Forms<\/li>\n<li>Ahorra tiempo y reduce los esfuerzos manuales en la carga y gesti\u00f3n de video.<\/li>\n<\/ul>\n","protected":false},"excerpt":{"rendered":"<p>El Ninja Forms Vimeo Supeader, un complemento de WordPress notablemente potente, presenta a los usuarios la capacidad extraordinaria de enviar sin problemas sus videos a Vimeo directamente desde su sitio web. Esta herramienta notablemente f\u00e1cil de usar e intuitiva permite la incorporaci\u00f3n sin esfuerzo de los campos de carga de Vimeo en sus formularios, lo que permite a los visitantes enviar sin esfuerzo sus videos. Con la incorporaci\u00f3n de este complemento, uno puede despedirse de la exasperaci\u00f3n y el esfuerzo asociados con cargar manualmente videos a Vimeo. Abrace un flujo de trabajo m\u00e1s eficiente y simplificado al adquirir el cargador de Vimeo Ninja Forms hoy. Simplifique sus esfuerzos para compartir videos y adopta un enfoque m\u00e1s sin problemas.<\/p>\n","protected":false},"featured_media":167042,"comment_status":"open","ping_status":"open","template":"","meta":[],"product_brand":[2509],"product_cat":[1214,1206,1211],"product_tag":[1338],"class_list":{"0":"post-123612","1":"product","2":"type-product","3":"status-publish","4":"has-post-thumbnail","6":"product_brand-ninja-forms","7":"product_cat-personalizacion","8":"product_cat-plugins","9":"product_cat-wordpress-plugins","10":"product_tag-ninja-forms","11":"member-discount","12":"discount-restricted","14":"first","15":"instock","16":"sale","17":"downloadable","18":"virtual","19":"sold-individually","20":"purchasable","21":"product-type-simple"},"_links":{"self":[{"href":"https:\/\/gpl-love.com\/es\/wp-json\/wp\/v2\/product\/123612","targetHints":{"allow":["GET"]}}],"collection":[{"href":"https:\/\/gpl-love.com\/es\/wp-json\/wp\/v2\/product"}],"about":[{"href":"https:\/\/gpl-love.com\/es\/wp-json\/wp\/v2\/types\/product"}],"replies":[{"embeddable":true,"href":"https:\/\/gpl-love.com\/es\/wp-json\/wp\/v2\/comments?post=123612"}],"wp:featuredmedia":[{"embeddable":true,"href":"https:\/\/gpl-love.com\/es\/wp-json\/wp\/v2\/media\/167042"}],"wp:attachment":[{"href":"https:\/\/gpl-love.com\/es\/wp-json\/wp\/v2\/media?parent=123612"}],"wp:term":[{"taxonomy":"product_brand","embeddable":true,"href":"https:\/\/gpl-love.com\/es\/wp-json\/wp\/v2\/product_brand?post=123612"},{"taxonomy":"product_cat","embeddable":true,"href":"https:\/\/gpl-love.com\/es\/wp-json\/wp\/v2\/product_cat?post=123612"},{"taxonomy":"product_tag","embeddable":true,"href":"https:\/\/gpl-love.com\/es\/wp-json\/wp\/v2\/product_tag?post=123612"}],"curies":[{"name":"wp","href":"https:\/\/api.w.org\/{rel}","templated":true}]}}