{"id":123610,"date":"2025-06-08T00:00:00","date_gmt":"2025-06-08T05:00:00","guid":{"rendered":"https:\/\/gpl-love.com\/es\/producto\/ninja-forms-trello\/"},"modified":"2026-04-10T11:19:33","modified_gmt":"2026-04-10T16:19:33","slug":"ninja-forms-trello","status":"publish","type":"product","link":"https:\/\/gpl-love.com\/es\/producto\/ninja-forms-trello\/","title":{"rendered":"Ninja Forms Trello 3.0.6"},"content":{"rendered":"<h3>Ninja Forms Trello Caracteristicas<\/h3>\n<p>Ninja Forms Trello, una herramienta robusta creada especialmente para empresas y personas que buscan mejorar la eficiencia de su flujo de trabajo y la productividad general, ofrece una integraci\u00f3n perfecta entre los formularios ninja y el Trello, una plataforma de gesti\u00f3n de proyectos muy solicitada. A trav\u00e9s de esta integraci\u00f3n, los usuarios obtienen la capacidad de transmitir sin esfuerzo las presentaciones de formulario directamente a los tableros y tarjetas Trello, facilitando as\u00ed el seguimiento del progreso, la delegaci\u00f3n de tareas y la colaboraci\u00f3n en tiempo real con los miembros del equipo. Con una configuraci\u00f3n e interfaz f\u00e1cil de usar, Ninja Forms Trello presenta una gran cantidad de opciones personalizables que atienden a las diversas necesidades de sus usuarios. Independientemente de si uno est\u00e1 operando una empresa a peque\u00f1a escala o si supervisa un proyecto a gran escala, la utilizaci\u00f3n de formularios ninja Trello es indispensable para mantener el orden organizacional y realizar tareas de inmediato.<\/p>\n<ul>\n<li>Integre perfectamente las formas ninja con Trello<\/li>\n<li>Crear autom\u00e1ticamente tarjetas Trello para nuevas presentaciones de formulario<\/li>\n<li>Asigne tarjetas a tableros y listas espec\u00edficas en Trello<\/li>\n<li>Incluya datos de env\u00edo de formularios en la descripci\u00f3n o comentarios de la tarjeta Trello<\/li>\n<li>Automatizar el flujo de trabajo y la gesti\u00f3n de tareas con Trello<\/li>\n<li>Reducir la entrada de datos manuales y ahorrar tiempo<\/li>\n<li>Organizaci\u00f3n mejorada y colaboraci\u00f3n para la gesti\u00f3n de proyectos<\/li>\n<li>Configuraci\u00f3n f\u00e1cil y opciones personalizables para flujo de trabajo personalizado<\/li>\n<li>Compatible con las formas ninja y las apis trello<\/li>\n<li>Actualizaciones y soporte regulares para garantizar una integraci\u00f3n sencilla y satisfacci\u00f3n del usuario<\/li>\n<\/ul>\n","protected":false},"excerpt":{"rendered":"<p>Ninja Forms Trello, una integraci\u00f3n muy robusta, ofrece a los usuarios la capacidad de establecer sin esfuerzo una conexi\u00f3n entre su cuenta de Formularios Ninja y sus tableros Trello. Con solo unos pocos clics, las personas pueden automatizar convenientemente el proceso de env\u00edo de env\u00edos de formularios como tarjetas a su tablero Trello, facilitando as\u00ed el monitoreo del progreso y la gesti\u00f3n de las tareas. Independientemente de si uno est\u00e1 recopilando clientes potenciales, procesando \u00f3rdenes o adquiriendo comentarios, Ninja Forms Trello simplifica la tarea de organizar y racionalizar el flujo de trabajo de uno. Adem\u00e1s, la integraci\u00f3n cuenta con opciones de personalizaci\u00f3n avanzada que permiten a los usuarios adaptar el t\u00edtulo de la tarjeta, la descripci\u00f3n y otros componentes a sus especificaciones precisas, asegurando la organizaci\u00f3n de datos de una manera que satisfaga con precisi\u00f3n sus necesidades. \u00a1Emb\u00e1rcate en el viaje de explorar esta integraci\u00f3n perfecta hoy y dar testimonio del inmenso poder que posee!<\/p>\n","protected":false},"featured_media":167038,"comment_status":"open","ping_status":"open","template":"","meta":[],"product_brand":[2509],"product_cat":[1214,1206,1211],"product_tag":[1338],"class_list":{"0":"post-123610","1":"product","2":"type-product","3":"status-publish","4":"has-post-thumbnail","6":"product_brand-ninja-forms","7":"product_cat-personalizacion","8":"product_cat-plugins","9":"product_cat-wordpress-plugins","10":"product_tag-ninja-forms","11":"member-discount","12":"discount-restricted","14":"first","15":"instock","16":"sale","17":"downloadable","18":"virtual","19":"sold-individually","20":"purchasable","21":"product-type-simple"},"_links":{"self":[{"href":"https:\/\/gpl-love.com\/es\/wp-json\/wp\/v2\/product\/123610","targetHints":{"allow":["GET"]}}],"collection":[{"href":"https:\/\/gpl-love.com\/es\/wp-json\/wp\/v2\/product"}],"about":[{"href":"https:\/\/gpl-love.com\/es\/wp-json\/wp\/v2\/types\/product"}],"replies":[{"embeddable":true,"href":"https:\/\/gpl-love.com\/es\/wp-json\/wp\/v2\/comments?post=123610"}],"wp:featuredmedia":[{"embeddable":true,"href":"https:\/\/gpl-love.com\/es\/wp-json\/wp\/v2\/media\/167038"}],"wp:attachment":[{"href":"https:\/\/gpl-love.com\/es\/wp-json\/wp\/v2\/media?parent=123610"}],"wp:term":[{"taxonomy":"product_brand","embeddable":true,"href":"https:\/\/gpl-love.com\/es\/wp-json\/wp\/v2\/product_brand?post=123610"},{"taxonomy":"product_cat","embeddable":true,"href":"https:\/\/gpl-love.com\/es\/wp-json\/wp\/v2\/product_cat?post=123610"},{"taxonomy":"product_tag","embeddable":true,"href":"https:\/\/gpl-love.com\/es\/wp-json\/wp\/v2\/product_tag?post=123610"}],"curies":[{"name":"wp","href":"https:\/\/api.w.org\/{rel}","templated":true}]}}