{"id":123608,"date":"2022-02-17T00:00:00","date_gmt":"2022-02-17T05:00:00","guid":{"rendered":"https:\/\/gpl-love.com\/es\/producto\/ninja-forms-text-message-notifications\/"},"modified":"2026-04-10T11:19:32","modified_gmt":"2026-04-10T16:19:32","slug":"ninja-forms-text-message-notifications","status":"publish","type":"product","link":"https:\/\/gpl-love.com\/es\/producto\/ninja-forms-text-message-notifications\/","title":{"rendered":"Ninja Forms Text Message Notifications 1.1"},"content":{"rendered":"<h3>Ninja Forms Text Message Notifications Caracteristicas<\/h3>\n<p>La funcionalidad de notificaciones de mensajes de texto Ninja Forms es una herramienta innovadora que otorga a los usuarios la capacidad de recibir de inmediato mensajes de texto para cada env\u00edo de formulario que se env\u00eda a trav\u00e9s del complemento Ninja Forms. Al aprovechar esta caracter\u00edstica de vanguardia, los usuarios pueden mantenerse al d\u00eda sin esfuerzo con las presentaciones cruciales de formularios en tiempo real, simplificando as\u00ed la gesti\u00f3n de sus responsabilidades profesionales o esfuerzos comerciales. Adem\u00e1s, las notificaciones de mensajes de texto son totalmente personalizables, lo que brinda a los usuarios la oportunidad de personalizar el contenido y el formato de los mensajes para adaptarse a sus preferencias y especificaciones. Este notable atributo es particularmente ventajoso para individuos o empresas que requieren conectividad continua a sus formas, incluso durante los per\u00edodos de ausencia f\u00edsica de su estaci\u00f3n de computadora u espacio de trabajo de la oficina. Con la utilizaci\u00f3n de la utilidad de notificaciones de mensajes de texto Ninja Forms, los usuarios pueden optimizar efectivamente sus procesos de flujo de trabajo y garantizar que nunca vuelvan a pasar por alto una presentaci\u00f3n de formulario trascendental.<\/p>\n<ul>\n<li>Recibir instant\u00e1neamente notificaciones de mensajes de texto para nuevas presentaciones en los formularios Ninja de su sitio web<\/li>\n<li>Personalice el contenido del mensaje de texto para satisfacer sus necesidades espec\u00edficas<\/li>\n<li>Elija qu\u00e9 formulario los env\u00edos activan notificaciones de mensajes de texto<\/li>\n<li>Ideal para mantenerse actualizado en una actividad importante del sitio web incluso mientras<\/li>\n<li>Proceso de configuraci\u00f3n f\u00e1cil con instrucciones paso a paso proporcionadas<\/li>\n<li>Compatible con todos los principales portadores de tel\u00e9fonos celulares<\/li>\n<li>Opciones de precios asequibles disponibles para empresas de todos los tama\u00f1os<\/li>\n<\/ul>\n","protected":false},"excerpt":{"rendered":"<p>\u00a1Experimente la conectividad perfecta incluso mientras est\u00e1 en movimiento con la notable caracter\u00edstica de las notificaciones de mensajes de texto de los formularios ninja! Al integrar este conveniente complemento, se le notificar\u00e1 r\u00e1pidamente a trav\u00e9s de SMS cada vez que un visitante complete un formulario en su sitio web. Se actualice instant\u00e1neamente con notificaciones en tiempo real para nuevos clientes potenciales, consultas y valiosos comentarios de los clientes directamente en su dispositivo m\u00f3vil, independientemente de su ubicaci\u00f3n. Aseg\u00farese de que nunca se pierda oportunidades cruciales y mant\u00e9ngase completamente informado con las notificaciones de mensajes de texto excepcionales Ninja Forms.<\/p>\n","protected":false},"featured_media":167037,"comment_status":"open","ping_status":"open","template":"","meta":[],"product_brand":[2509],"product_cat":[1214,1206,1211],"product_tag":[1338],"class_list":{"0":"post-123608","1":"product","2":"type-product","3":"status-publish","4":"has-post-thumbnail","6":"product_brand-ninja-forms","7":"product_cat-personalizacion","8":"product_cat-plugins","9":"product_cat-wordpress-plugins","10":"product_tag-ninja-forms","11":"member-discount","12":"discount-restricted","14":"first","15":"instock","16":"sale","17":"downloadable","18":"virtual","19":"sold-individually","20":"purchasable","21":"product-type-simple"},"_links":{"self":[{"href":"https:\/\/gpl-love.com\/es\/wp-json\/wp\/v2\/product\/123608","targetHints":{"allow":["GET"]}}],"collection":[{"href":"https:\/\/gpl-love.com\/es\/wp-json\/wp\/v2\/product"}],"about":[{"href":"https:\/\/gpl-love.com\/es\/wp-json\/wp\/v2\/types\/product"}],"replies":[{"embeddable":true,"href":"https:\/\/gpl-love.com\/es\/wp-json\/wp\/v2\/comments?post=123608"}],"wp:featuredmedia":[{"embeddable":true,"href":"https:\/\/gpl-love.com\/es\/wp-json\/wp\/v2\/media\/167037"}],"wp:attachment":[{"href":"https:\/\/gpl-love.com\/es\/wp-json\/wp\/v2\/media?parent=123608"}],"wp:term":[{"taxonomy":"product_brand","embeddable":true,"href":"https:\/\/gpl-love.com\/es\/wp-json\/wp\/v2\/product_brand?post=123608"},{"taxonomy":"product_cat","embeddable":true,"href":"https:\/\/gpl-love.com\/es\/wp-json\/wp\/v2\/product_cat?post=123608"},{"taxonomy":"product_tag","embeddable":true,"href":"https:\/\/gpl-love.com\/es\/wp-json\/wp\/v2\/product_tag?post=123608"}],"curies":[{"name":"wp","href":"https:\/\/api.w.org\/{rel}","templated":true}]}}