{"id":123606,"date":"2022-07-18T00:00:00","date_gmt":"2022-07-18T05:00:00","guid":{"rendered":"https:\/\/gpl-love.com\/es\/producto\/mythemeshop-wp-notification-bar-pro\/"},"modified":"2026-04-10T11:18:33","modified_gmt":"2026-04-10T16:18:33","slug":"mythemeshop-wp-notification-bar-pro","status":"publish","type":"product","link":"https:\/\/gpl-love.com\/es\/producto\/mythemeshop-wp-notification-bar-pro\/","title":{"rendered":"MyThemeShop WP Notification Bar Pro 1.2.1"},"content":{"rendered":"<h3>MyThemeShop WP Notification Bar Pro Caracteristicas<\/h3>\n<p>Mythemeshop WP Notification Bar Pro es una herramienta incre\u00edblemente robusta que est\u00e1 espec\u00edficamente dise\u00f1ada para satisfacer las necesidades de los propietarios de sitios web que est\u00e1n ansiosos por captar la atenci\u00f3n de sus valiosos visitantes y, en \u00faltima instancia, generar conversiones. Al utilizar este complemento excepcional, tiene la notable capacidad de crear sin esfuerzo barras de notificaci\u00f3n visualmente llamativas que pueden colocarse estrat\u00e9gicamente en la secci\u00f3n superior o inferior de su estimado sitio web. Estas barras de notificaci\u00f3n no solo son est\u00e9ticamente agradables, sino que tambi\u00e9n le ofrecen la invaluable oportunidad para personalizar los mensajes y botones que se muestran dentro de ellos. Ya sea que su objetivo principal sea promover efectivamente una venta atractiva, alentar activamente a sus estimados visitantes a registrarse con entusiasmo para su bolet\u00edn altamente informativo, o incluso compartir fervientemente noticias fundamentales que simplemente no pueden ignorarse, la facilidad y comodidad incomparables ofrecidas por WP Notification Bar Pro Pro Pro Sin duda facilitar\u00e1 estos esfuerzos con facilidad sin igual. Adem\u00e1s, este complemento extraordinario tambi\u00e9n est\u00e1 equipado con una variedad de opciones de orientaci\u00f3n avanzada, lo que le permite mostrar selectivamente sus mensajes a medida a usuarios espec\u00edficos que cumplen con criterios predeterminados, como su ubicaci\u00f3n geogr\u00e1fica, fuente de referencia o incluso el dispositivo que son. Utilizando. Esta combinaci\u00f3n impecable de una interfaz genuinamente f\u00e1cil de usar y una variedad de caracter\u00edsticas potentes y de vanguardia establece realmente la barra de notificaci\u00f3n WP Pro como un activo indispensable para cualquier sitio web exigente que busca mejorar significativamente su nivel general de compromiso y, en \u00faltima instancia, impulsar un refuerzo exponencial. en venta.<\/p>\n<ul>\n<li>Aumentar el compromiso y las conversiones en su sitio web con una barra de notificaciones personalizable<\/li>\n<li>Incluye plantillas predise\u00f1adas para crear barras elegantes de manera r\u00e1pida y f\u00e1cil que coincida con su marca<\/li>\n<li>Elija entre una variedad de opciones de visualizaci\u00f3n, que incluyen barras fijas o flotantes, y configure los desencadenantes para cu\u00e1ndo y d\u00f3nde aparece la barra<\/li>\n<li>Crear urgencia con temporizadores de cuenta regresiva o prueba social con notificaciones de ventas recientes<\/li>\n<li>Agregue f\u00e1cilmente texto personalizado, botones y enlaces para impulsar el tr\u00e1fico a p\u00e1ginas importantes en su sitio web<\/li>\n<li>Obtenga informaci\u00f3n sobre c\u00f3mo su barra de notificaci\u00f3n est\u00e1 funcionando con an\u00e1lisis detallados y seguimiento de conversi\u00f3n<\/li>\n<li>Se integra a la perfecci\u00f3n con los populares servicios de marketing por correo electr\u00f3nico y plataformas de redes sociales<\/li>\n<li>Disfrute del apoyo las 24 horas del d\u00eda, los 7 d\u00edas de la semana, del equipo Mythemeshop para ayudarlo a aprovechar al m\u00e1ximo esta poderosa herramienta.<\/li>\n<\/ul>\n","protected":false},"excerpt":{"rendered":"<p>Mythemeshop WP Notification Bar Pro es una herramienta incre\u00edblemente robusta y vers\u00e1til espec\u00edficamente dise\u00f1ada para sitios web de WordPress. Le permite generar sin esfuerzo barras de notificaci\u00f3n hechas a medida que sirven como medios efectivos para promocionar sus \u00faltimos productos o contenido, capturar valiosas direcciones de correo electr\u00f3nico y, en \u00faltima instancia, mejorar el flujo de tr\u00e1fico a su sitio. Lo que distingue a WP Notification Bar Pro es su dise\u00f1o impecablemente elegante, una amplia gama de opciones de visualizaci\u00f3n y sus capacidades de orientaci\u00f3n avanzada inigualables, todas las cuales colectivamente lo capacitan para involucrarse efectivamente con su audiencia de manera novedosa e imaginativa. Ya sea que su objetivo es aumentar sustancialmente sus cifras de ventas, intensificar significativamente la participaci\u00f3n del usuario o simplemente mejorar la experiencia general del usuario, la barra de notificaci\u00f3n de WP pro indiscutible reina como una adici\u00f3n indispensable a su juego de herramientas de marketing.<\/p>\n","protected":false},"featured_media":166945,"comment_status":"open","ping_status":"open","template":"","meta":[],"product_brand":[2505],"product_cat":[1214,1206,1211],"product_tag":[1334],"class_list":{"0":"post-123606","1":"product","2":"type-product","3":"status-publish","4":"has-post-thumbnail","6":"product_brand-my-theme-shop","7":"product_cat-personalizacion","8":"product_cat-plugins","9":"product_cat-wordpress-plugins","10":"product_tag-my-theme-shop","11":"member-discount","12":"discount-restricted","14":"first","15":"instock","16":"sale","17":"downloadable","18":"virtual","19":"sold-individually","20":"purchasable","21":"product-type-simple"},"_links":{"self":[{"href":"https:\/\/gpl-love.com\/es\/wp-json\/wp\/v2\/product\/123606","targetHints":{"allow":["GET"]}}],"collection":[{"href":"https:\/\/gpl-love.com\/es\/wp-json\/wp\/v2\/product"}],"about":[{"href":"https:\/\/gpl-love.com\/es\/wp-json\/wp\/v2\/types\/product"}],"replies":[{"embeddable":true,"href":"https:\/\/gpl-love.com\/es\/wp-json\/wp\/v2\/comments?post=123606"}],"wp:featuredmedia":[{"embeddable":true,"href":"https:\/\/gpl-love.com\/es\/wp-json\/wp\/v2\/media\/166945"}],"wp:attachment":[{"href":"https:\/\/gpl-love.com\/es\/wp-json\/wp\/v2\/media?parent=123606"}],"wp:term":[{"taxonomy":"product_brand","embeddable":true,"href":"https:\/\/gpl-love.com\/es\/wp-json\/wp\/v2\/product_brand?post=123606"},{"taxonomy":"product_cat","embeddable":true,"href":"https:\/\/gpl-love.com\/es\/wp-json\/wp\/v2\/product_cat?post=123606"},{"taxonomy":"product_tag","embeddable":true,"href":"https:\/\/gpl-love.com\/es\/wp-json\/wp\/v2\/product_tag?post=123606"}],"curies":[{"name":"wp","href":"https:\/\/api.w.org\/{rel}","templated":true}]}}