{"id":123604,"date":"2022-02-17T00:00:00","date_gmt":"2022-02-17T05:00:00","guid":{"rendered":"https:\/\/gpl-love.com\/es\/producto\/mythemeshop-wordx-wordpress-theme\/"},"modified":"2026-04-10T11:18:33","modified_gmt":"2026-04-10T16:18:33","slug":"mythemeshop-wordx-wordpress-theme","status":"publish","type":"product","link":"https:\/\/gpl-love.com\/es\/producto\/mythemeshop-wordx-wordpress-theme\/","title":{"rendered":"MyThemeShop WordX WordPress Theme 1.3.8"},"content":{"rendered":"<h3>MyThemeShop WordX WordPress Theme Caracteristicas<\/h3>\n<p>El tema Mythemeshop Wordx WordPress es un tema de WordPress notablemente personalizable y lleno de funciones que satisface las necesidades de los bloggers, publicaciones en l\u00ednea y empresas que buscan establecer una presencia formidable en l\u00ednea. Con un dise\u00f1o contempor\u00e1neo y pr\u00edstino, una mir\u00edada de opciones de dise\u00f1o y un dise\u00f1o receptivo, este tema tambi\u00e9n est\u00e1 equipado con un poderoso panel de opciones, lo que permite la personalizaci\u00f3n sin esfuerzo de la apariencia del sitio, los colores, las fuentes y una variedad de otros elementos. Adem\u00e1s, este tema est\u00e1 meticulosamente optimizado para los motores de b\u00fasqueda, asegurando que su sitio web alcance una visibilidad prominente y se construya con \u00e9nfasis en la velocidad y el rendimiento, garantizando tiempos de carga r\u00e1pidos y eficientes. Con su host de caracter\u00edsticas avanzadas y la interfaz f\u00e1cil de usar, el tema Mythemeshop Wordx WordPress demuestra ser una opci\u00f3n excepcional para las personas en busca de crear un sitio web dominante y sofisticado.<\/p>\n<ul>\n<li>Dise\u00f1o profesional y moderno<\/li>\n<li>Receptivo m\u00f3vil y optimizado para SEO<\/li>\n<li>Caracter\u00edsticas incorporadas para formularios de suscripci\u00f3n de correo electr\u00f3nico y integraci\u00f3n de redes sociales<\/li>\n<li>Opciones de dise\u00f1o m\u00faltiples y widgets personalizados para una f\u00e1cil personalizaci\u00f3n<\/li>\n<li>Importar demostraci\u00f3n de un solo clic para configurar r\u00e1pidamente su sitio web<\/li>\n<li>Traducci\u00f3n lista para una audiencia global<\/li>\n<li>Equipo de soporte dedicado y documentaci\u00f3n extensa para un uso f\u00e1cil y soluci\u00f3n de problemas<\/li>\n<li>Compatible con complementos populares como WooCommerce para la funcionalidad de comercio electr\u00f3nico<\/li>\n<\/ul>\n","protected":false},"excerpt":{"rendered":"<p>El tema Mythemeshop Wordx WordPress, que est\u00e1 exquisitamente elaborado y altamente adaptable, ha sido ingeniosamente desarrollado para satisfacer las necesidades \u00fanicas de los bloggers y revistas en l\u00ednea. Orgullosamente muestra un dise\u00f1o elegante y contempor\u00e1neo que cautiva sin esfuerzo la atenci\u00f3n de los usuarios. Adem\u00e1s, ofrece una gran cantidad de dise\u00f1os de p\u00e1gina de inicio personalizables, otorgando a los usuarios la libertad de moldear su sitio web de acuerdo con sus requisitos espec\u00edficos. Adem\u00e1s, cuenta con una gran cantidad de dise\u00f1os de publicaci\u00f3n y p\u00e1gina, asegurando que cada pieza de contenido se muestre de la manera m\u00e1s atractiva y atractiva posible. Para colmo, el tema ofrece un panel de opciones robusto, que permite a los usuarios la capacidad de personalizar sin esfuerzo todos y cada uno de los aspectos de su sitio. Al aprovechar las capacidades notables de WordX, podr\u00e1 crear sin esfuerzo un sitio web que exude profesionalismo y encanto, todo en cuesti\u00f3n de solo minutos.<\/p>\n","protected":false},"featured_media":166944,"comment_status":"open","ping_status":"open","template":"","meta":[],"product_brand":[2505],"product_cat":[1245,1237,1238],"product_tag":[1334],"class_list":{"0":"post-123604","1":"product","2":"type-product","3":"status-publish","4":"has-post-thumbnail","6":"product_brand-my-theme-shop","7":"product_cat-blog-revista","8":"product_cat-temas","9":"product_cat-wordpress-temas","10":"product_tag-my-theme-shop","11":"member-discount","12":"discount-restricted","14":"first","15":"instock","16":"sale","17":"downloadable","18":"virtual","19":"sold-individually","20":"purchasable","21":"product-type-simple"},"_links":{"self":[{"href":"https:\/\/gpl-love.com\/es\/wp-json\/wp\/v2\/product\/123604","targetHints":{"allow":["GET"]}}],"collection":[{"href":"https:\/\/gpl-love.com\/es\/wp-json\/wp\/v2\/product"}],"about":[{"href":"https:\/\/gpl-love.com\/es\/wp-json\/wp\/v2\/types\/product"}],"replies":[{"embeddable":true,"href":"https:\/\/gpl-love.com\/es\/wp-json\/wp\/v2\/comments?post=123604"}],"wp:featuredmedia":[{"embeddable":true,"href":"https:\/\/gpl-love.com\/es\/wp-json\/wp\/v2\/media\/166944"}],"wp:attachment":[{"href":"https:\/\/gpl-love.com\/es\/wp-json\/wp\/v2\/media?parent=123604"}],"wp:term":[{"taxonomy":"product_brand","embeddable":true,"href":"https:\/\/gpl-love.com\/es\/wp-json\/wp\/v2\/product_brand?post=123604"},{"taxonomy":"product_cat","embeddable":true,"href":"https:\/\/gpl-love.com\/es\/wp-json\/wp\/v2\/product_cat?post=123604"},{"taxonomy":"product_tag","embeddable":true,"href":"https:\/\/gpl-love.com\/es\/wp-json\/wp\/v2\/product_tag?post=123604"}],"curies":[{"name":"wp","href":"https:\/\/api.w.org\/{rel}","templated":true}]}}