{"id":123602,"date":"2022-02-22T00:00:00","date_gmt":"2022-02-22T05:00:00","guid":{"rendered":"https:\/\/gpl-love.com\/es\/producto\/mythemeshop-wooshop-wordpress-theme\/"},"modified":"2026-04-10T11:18:32","modified_gmt":"2026-04-10T16:18:32","slug":"mythemeshop-wooshop-wordpress-theme","status":"publish","type":"product","link":"https:\/\/gpl-love.com\/es\/producto\/mythemeshop-wooshop-wordpress-theme\/","title":{"rendered":"MyThemeShop WooShop WordPress Theme 1.3.11"},"content":{"rendered":"<h3>MyThemeShop WooShop WordPress Theme Caracteristicas<\/h3>\n<p>El tema Mythemeshop Wooshop WordPress es un tema incre\u00edblemente robusto y altamente vers\u00e1til que ha sido dise\u00f1ado espec\u00edficamente con el prop\u00f3sito de facilitar las tiendas en l\u00ednea de WooCommerce. Con un dise\u00f1o limpio y contempor\u00e1neo, este tema proporciona a los usuarios una experiencia que no tiene esfuerzo y gratificante, gracias a su simple sistema de navegaci\u00f3n y su capacidad para adaptarse a pantallas de todos los tama\u00f1os a trav\u00e9s de su dise\u00f1o receptivo. Adem\u00e1s, este tema viene equipado con una gran cantidad de plantillas predise\u00f1adas, lo que permite un alto grado de personalizaci\u00f3n en t\u00e9rminos de esquemas de color y opciones de tipograf\u00eda para garantizar que su tienda en l\u00ednea posea una apariencia \u00fanica y profesional. Adem\u00e1s, Wooshop est\u00e1 equipado con una amplia gama de potentes caracter\u00edsticas de comercio electr\u00f3nico, que incluyen la vista r\u00e1pida del producto, el carrito AJAX y el filtrado de productos, todo lo cual sirve para mejorar la experiencia general del usuario. Adem\u00e1s, incluye un constructor de p\u00e1ginas de arrastrar y soltar incre\u00edblemente intuitivo y un importador de demostraci\u00f3n de un solo clic, racionalizando a\u00fan m\u00e1s el proceso de creaci\u00f3n de su tienda en l\u00ednea de manera r\u00e1pida y eficiente. A fin de cuentas, est\u00e1 muy claro que el tema Mythemeshop Wooshop WordPress es una elecci\u00f3n excepcional para las personas que esperan causar una impresi\u00f3n duradera con su tienda en l\u00ednea.<\/p>\n<ul>\n<li>Dise\u00f1o profesional y elegante adecuado para tiendas en l\u00ednea y sitios web de comercio electr\u00f3nico<\/li>\n<li>Totalmente receptivo y amigable para m\u00f3viles<\/li>\n<li>Integraci\u00f3n incorporada de WooCommerce con varias opciones de personalizaci\u00f3n<\/li>\n<li>Optimizado para la velocidad y el SEO, lo que resulta en una mejor clasificaci\u00f3n de motores de b\u00fasqueda y tiempos de carga m\u00e1s r\u00e1pidos<\/li>\n<li>F\u00e1cil de usar y altamente personalizable con varias opciones de dise\u00f1o, esquemas de color y configuraciones de tipograf\u00eda<\/li>\n<li>Viene con secciones de p\u00e1gina de inicio predise\u00f1adas, que incluyen un control deslizante, productos destacados y testimonios<\/li>\n<li>Incluye varios widgets y c\u00f3digos cortos para mayor funcionalidad y flexibilidad.<\/li>\n<li>Compatible con complementos populares como Yoast SEO, Contact Form 7 y WPML para soporte multiling\u00fce<\/li>\n<li>Actualizaciones regulares y una excelente atenci\u00f3n al cliente incluida para un rendimiento \u00f3ptimo y experiencia en el usuario.<\/li>\n<\/ul>\n","protected":false},"excerpt":{"rendered":"<p>El tema Mythemeshop Wooshop WordPress es un tema de comercio electr\u00f3nico notable y multifac\u00e9tico dise\u00f1ado espec\u00edficamente para facilitar la creaci\u00f3n r\u00e1pida y sin esfuerzo de una tienda en l\u00ednea. Este tema extraordinariamente dise\u00f1ado abarca una est\u00e9tica visualmente agradable pero contempor\u00e1nea, junto con una interfaz extremadamente f\u00e1cil de usar y un extenso repertorio de caracter\u00edsticas, todo lo cual lo capacita sin\u00e9rgicamente a personalizar su tienda sin problemas. En particular, este tema es totalmente receptivo, asegurando un rendimiento \u00f3ptimo en todos los dispositivos y tama\u00f1os de pantalla. Adem\u00e1s, se ha optimizado meticulosamente para la visibilidad del motor de b\u00fasqueda, lo que aumenta la presencia en l\u00ednea de su tienda. Adem\u00e1s, el tema Mythemeshop Wooshop WordPress se integra sin esfuerzo con complementos estimados como WooCommerce y su lista de deseos de WooCommerce, proporcionando as\u00ed una versatilidad y funcionalidad incomparables. Al aprovechar el potencial ilimitado de este tema, puede mostrar efectivamente sus productos, forjar conexiones sin esfuerzo con su estimada clientela e impulsar sistem\u00e1ticamente las ventas a alturas sin precedentes.<\/p>\n","protected":false},"featured_media":166943,"comment_status":"open","ping_status":"open","template":"","meta":[],"product_brand":[2505],"product_cat":[1263,1264,1237],"product_tag":[1334],"class_list":{"0":"post-123602","1":"product","2":"type-product","3":"status-publish","4":"has-post-thumbnail","6":"product_brand-my-theme-shop","7":"product_cat-comercio-electronico-temas","8":"product_cat-negocio","9":"product_cat-temas","10":"product_tag-my-theme-shop","11":"member-discount","12":"discount-restricted","14":"first","15":"instock","16":"sale","17":"downloadable","18":"virtual","19":"sold-individually","20":"purchasable","21":"product-type-simple"},"_links":{"self":[{"href":"https:\/\/gpl-love.com\/es\/wp-json\/wp\/v2\/product\/123602","targetHints":{"allow":["GET"]}}],"collection":[{"href":"https:\/\/gpl-love.com\/es\/wp-json\/wp\/v2\/product"}],"about":[{"href":"https:\/\/gpl-love.com\/es\/wp-json\/wp\/v2\/types\/product"}],"replies":[{"embeddable":true,"href":"https:\/\/gpl-love.com\/es\/wp-json\/wp\/v2\/comments?post=123602"}],"wp:featuredmedia":[{"embeddable":true,"href":"https:\/\/gpl-love.com\/es\/wp-json\/wp\/v2\/media\/166943"}],"wp:attachment":[{"href":"https:\/\/gpl-love.com\/es\/wp-json\/wp\/v2\/media?parent=123602"}],"wp:term":[{"taxonomy":"product_brand","embeddable":true,"href":"https:\/\/gpl-love.com\/es\/wp-json\/wp\/v2\/product_brand?post=123602"},{"taxonomy":"product_cat","embeddable":true,"href":"https:\/\/gpl-love.com\/es\/wp-json\/wp\/v2\/product_cat?post=123602"},{"taxonomy":"product_tag","embeddable":true,"href":"https:\/\/gpl-love.com\/es\/wp-json\/wp\/v2\/product_tag?post=123602"}],"curies":[{"name":"wp","href":"https:\/\/api.w.org\/{rel}","templated":true}]}}