{"id":123600,"date":"2022-02-25T00:00:00","date_gmt":"2022-02-25T05:00:00","guid":{"rendered":"https:\/\/gpl-love.com\/es\/producto\/mythemeshop-woocart-wordpress-theme\/"},"modified":"2026-04-10T11:18:31","modified_gmt":"2026-04-10T16:18:31","slug":"mythemeshop-woocart-wordpress-theme","status":"publish","type":"product","link":"https:\/\/gpl-love.com\/es\/producto\/mythemeshop-woocart-wordpress-theme\/","title":{"rendered":"MyThemeShop WooCart WordPress Theme 1.4.11"},"content":{"rendered":"<h3>MyThemeShop WooCart WordPress Theme Caracteristicas<\/h3>\n<p>El tema de Woocart WordPress, desarrollado por Mythemeshop, ofrece una multitud de beneficios y funcionalidades que satisfacen las diversas necesidades de las tiendas en l\u00ednea. Su versatilidad y facilidad de uso sirven como atributos prominentes, lo que lo convierte en una soluci\u00f3n ideal para empresas de comercio electr\u00f3nico. Con su dise\u00f1o elegante y visualmente atractivo, este tema sobresale en la presentaci\u00f3n de sus productos de manera atractiva, en consecuencia, facilitando una experiencia de compra mejorada y perfecta para sus estimados clientes. Adem\u00e1s, su capacidad de personalizaci\u00f3n le otorga la capacidad de adaptar su tienda en l\u00ednea para adaptarse a su marca y ofertas \u00fanicas. Adem\u00e1s, el tema es totalmente receptivo, lo que garantiza que su sitio web se adaptar\u00e1 sin esfuerzo a cualquier dispositivo, asegurando as\u00ed una experiencia de visualizaci\u00f3n \u00f3ptima para los usuarios en varias plataformas. Adem\u00e1s, este tema excepcional cuenta con una variedad de caracter\u00edsticas notables que incluyen un carrusel de producto, que permite una visualizaci\u00f3n atractiva de su mercanc\u00eda, una funci\u00f3n de vista r\u00e1pida del producto que permite a los compradores potenciales acceder r\u00e1pidamente a detalles vitales y una funci\u00f3n de lista de deseos que capacita a los clientes para curar Una lista personalizada de art\u00edculos deseados. Adem\u00e1s, Woocart se integra sin problemas con WooCommerce, un destacado complemento de comercio electr\u00f3nico, facilitando as\u00ed la gesti\u00f3n eficiente de su tienda en l\u00ednea. En conclusi\u00f3n, el tema de WordPress de Woocart de Mythemeshop es una elecci\u00f3n ejemplar para las personas que buscan establecer una tienda en l\u00ednea profesional y efectiva que atiende de manera experta a las diversas necesidades y preferencias de su p\u00fablico objetivo.<\/p>\n<ul>\n<li>Dise\u00f1o elegante y moderno que es perfecto para tiendas en l\u00ednea de todo tipo<\/li>\n<li>Soporte incorporado para el complemento popular de WooCommerce, que permite una f\u00e1cil gesti\u00f3n de productos, pedidos y pagos<\/li>\n<li>Dise\u00f1o totalmente receptivo que se ve muy bien en todos los dispositivos, desde escritorios hasta tel\u00e9fonos inteligentes<\/li>\n<li>M\u00faltiples dise\u00f1os de la p\u00e1gina de inicio y opciones de personalizaci\u00f3n para ayudarlo a crear la tienda en l\u00ednea perfecta para su marca<\/li>\n<li>C\u00f3digo amigable para SEO y dise\u00f1o optimizado que ayuda a su tienda a clasificar m\u00e1s alto en los motores de b\u00fasqueda<\/li>\n<li>Widgets y c\u00f3digos cortos personalizados para mejorar la funcionalidad y agregar caracter\u00edsticas adicionales a su sitio<\/li>\n<li>Construido con velocidad en mente, asegurando tiempos de carga r\u00e1pidos para sus clientes y una mejor experiencia general de usuario<\/li>\n<li>Documentaci\u00f3n integral y equipo de apoyo dedicado para ayudarlo a aprovechar al m\u00e1ximo su tema y tienda en l\u00ednea.<\/li>\n<\/ul>\n","protected":false},"excerpt":{"rendered":"<p>El tema Mythemeshop Woocart WordPress, que ha sido meticulosamente elaborado para las tiendas en l\u00ednea, cuenta con elegancia e intuici\u00f3n. Su dise\u00f1o cautivador, junto con su gran cantidad de funcionalidades avanzadas, le permite exhibir sus productos de la manera m\u00e1s favorable imaginable, lo que permite a sus clientes deleitarse en una extraordinaria expedici\u00f3n de compras. Entre los atributos notables que abarca Woocart se encuentran las capacidades de amplitud de productos, filtros, una variedad de opciones de clasificaci\u00f3n, un control deslizante verdaderamente personalizable y un dise\u00f1o vers\u00e1til que se adapta a la perfecci\u00f3n en todos los dispositivos. Armado con este notable tema, puede erigir sin esfuerzo un emporio de comercio electr\u00f3nico visualmente pulido, comenzando as\u00ed sin esfuerzo el proceso de expectaci\u00f3n de su mercanc\u00eda en el vasto reino en l\u00ednea.<\/p>\n","protected":false},"featured_media":166942,"comment_status":"open","ping_status":"open","template":"","meta":[],"product_brand":[2505],"product_cat":[1263,1264,1237],"product_tag":[1334],"class_list":{"0":"post-123600","1":"product","2":"type-product","3":"status-publish","4":"has-post-thumbnail","6":"product_brand-my-theme-shop","7":"product_cat-comercio-electronico-temas","8":"product_cat-negocio","9":"product_cat-temas","10":"product_tag-my-theme-shop","11":"member-discount","12":"discount-restricted","14":"first","15":"instock","16":"sale","17":"downloadable","18":"virtual","19":"sold-individually","20":"purchasable","21":"product-type-simple"},"_links":{"self":[{"href":"https:\/\/gpl-love.com\/es\/wp-json\/wp\/v2\/product\/123600","targetHints":{"allow":["GET"]}}],"collection":[{"href":"https:\/\/gpl-love.com\/es\/wp-json\/wp\/v2\/product"}],"about":[{"href":"https:\/\/gpl-love.com\/es\/wp-json\/wp\/v2\/types\/product"}],"replies":[{"embeddable":true,"href":"https:\/\/gpl-love.com\/es\/wp-json\/wp\/v2\/comments?post=123600"}],"wp:featuredmedia":[{"embeddable":true,"href":"https:\/\/gpl-love.com\/es\/wp-json\/wp\/v2\/media\/166942"}],"wp:attachment":[{"href":"https:\/\/gpl-love.com\/es\/wp-json\/wp\/v2\/media?parent=123600"}],"wp:term":[{"taxonomy":"product_brand","embeddable":true,"href":"https:\/\/gpl-love.com\/es\/wp-json\/wp\/v2\/product_brand?post=123600"},{"taxonomy":"product_cat","embeddable":true,"href":"https:\/\/gpl-love.com\/es\/wp-json\/wp\/v2\/product_cat?post=123600"},{"taxonomy":"product_tag","embeddable":true,"href":"https:\/\/gpl-love.com\/es\/wp-json\/wp\/v2\/product_tag?post=123600"}],"curies":[{"name":"wp","href":"https:\/\/api.w.org\/{rel}","templated":true}]}}