{"id":123598,"date":"2023-06-09T00:00:00","date_gmt":"2023-06-09T05:00:00","guid":{"rendered":"https:\/\/gpl-love.com\/es\/producto\/mythemeshop-school-wordpress-theme\/"},"modified":"2026-04-10T11:18:21","modified_gmt":"2026-04-10T16:18:21","slug":"mythemeshop-school-wordpress-theme","status":"publish","type":"product","link":"https:\/\/gpl-love.com\/es\/producto\/mythemeshop-school-wordpress-theme\/","title":{"rendered":"MyThemeShop School WordPress Theme 2.0.2"},"content":{"rendered":"<h3>MyThemeShop School WordPress Theme Caracteristicas<\/h3>\n<p>El tema de WordPress de Mythemeshop School, que es un tema integral y personalizable, ha sido dise\u00f1ado exclusivamente para satisfacer las necesidades de las instituciones educativas. Su interfaz f\u00e1cil de usar facilita la gesti\u00f3n f\u00e1cil de navegaci\u00f3n y contenido, mientras que su dise\u00f1o limpio y moderno garantiza una presencia en l\u00ednea profesional y cautivadora. Adem\u00e1s, el tema ofrece una gran cantidad de opciones de personalizaci\u00f3n, incluidos m\u00faltiples dise\u00f1os de encabezado y pie de p\u00e1gina, esquemas de color y fuentes, lo que permite a las escuelas y universidades adaptar su sitio web de acuerdo con su marca y estilo \u00fanicos. Adem\u00e1s de su flexibilidad, este tema tambi\u00e9n cuenta con una variedad de caracter\u00edsticas \u00fatiles, como un calendario de eventos, un sistema de gesti\u00f3n de cursos y galer\u00eda, que facilita sin esfuerzo la exhibici\u00f3n de actividades acad\u00e9micas y extracurriculares. En conclusi\u00f3n, el tema de WordPress de Mythemeshop School es una elecci\u00f3n excepcional para las instituciones educativas que buscan establecer una plataforma en l\u00ednea interactiva y sofisticada.<\/p>\n<ul>\n<li>Dise\u00f1o profesional y moderno para sitios web educativos<\/li>\n<li>Dise\u00f1o totalmente receptivo y amigable para m\u00f3viles<\/li>\n<li>P\u00e1gina de inicio personalizable con secciones de arrastre y ca\u00edda<\/li>\n<li>Sistema de gesti\u00f3n de eventos y cursos incorporados<\/li>\n<li>Integraci\u00f3n f\u00e1cil con complementos LMS populares<\/li>\n<li>M\u00faltiples esquemas de color y opciones de tipograf\u00eda<\/li>\n<li>Optimizado para SEO y velocidad de carga r\u00e1pida<\/li>\n<li>Compatible con complementos populares de WordPress<\/li>\n<li>Documentaci\u00f3n extensa y tutoriales en video incluidos<\/li>\n<li>24\/7 Soporte dedicado del equipo Mythemeshop.<\/li>\n<\/ul>\n","protected":false},"excerpt":{"rendered":"<p>El tema de WordPress de Mythemeshop School ha sido meticulosamente elaborado para satisfacer las necesidades de las escuelas, colegios, universidades y otros sitios web educativos similares. Con un dise\u00f1o de vanguardia y un aura profesional, este tema es un testimonio de la modernidad. Su interfaz f\u00e1cil de usar garantiza una experiencia perfecta para los usuarios, mientras que su dise\u00f1o receptivo garantiza la compatibilidad en todos los dispositivos. Adem\u00e1s, este tema proporciona la flexibilidad para personalizar su p\u00e1gina de inicio, lo que le permite personalizarla de acuerdo con sus preferencias. Adem\u00e1s, ofrece una variedad de secciones dedicadas a resaltar sus cursos, testimonios y eventos, mejorando a\u00fan m\u00e1s el atractivo general de su sitio web. Con su dise\u00f1o distintivo y una amplia gama de opciones de personalizaci\u00f3n avanzada, este tema de WordPress es un paquete integral que lo equipa con todas las herramientas necesarias para crear un sitio web impresionante y altamente funcional para su estimada instituci\u00f3n educativa.<\/p>\n","protected":false},"featured_media":166930,"comment_status":"open","ping_status":"open","template":"","meta":[],"product_brand":[2505],"product_cat":[1267,1237,1238],"product_tag":[1334],"class_list":{"0":"post-123598","1":"product","2":"type-product","3":"status-publish","4":"has-post-thumbnail","6":"product_brand-my-theme-shop","7":"product_cat-creativo","8":"product_cat-temas","9":"product_cat-wordpress-temas","10":"product_tag-my-theme-shop","11":"member-discount","12":"discount-restricted","14":"first","15":"instock","16":"sale","17":"downloadable","18":"virtual","19":"sold-individually","20":"purchasable","21":"product-type-simple"},"_links":{"self":[{"href":"https:\/\/gpl-love.com\/es\/wp-json\/wp\/v2\/product\/123598","targetHints":{"allow":["GET"]}}],"collection":[{"href":"https:\/\/gpl-love.com\/es\/wp-json\/wp\/v2\/product"}],"about":[{"href":"https:\/\/gpl-love.com\/es\/wp-json\/wp\/v2\/types\/product"}],"replies":[{"embeddable":true,"href":"https:\/\/gpl-love.com\/es\/wp-json\/wp\/v2\/comments?post=123598"}],"wp:featuredmedia":[{"embeddable":true,"href":"https:\/\/gpl-love.com\/es\/wp-json\/wp\/v2\/media\/166930"}],"wp:attachment":[{"href":"https:\/\/gpl-love.com\/es\/wp-json\/wp\/v2\/media?parent=123598"}],"wp:term":[{"taxonomy":"product_brand","embeddable":true,"href":"https:\/\/gpl-love.com\/es\/wp-json\/wp\/v2\/product_brand?post=123598"},{"taxonomy":"product_cat","embeddable":true,"href":"https:\/\/gpl-love.com\/es\/wp-json\/wp\/v2\/product_cat?post=123598"},{"taxonomy":"product_tag","embeddable":true,"href":"https:\/\/gpl-love.com\/es\/wp-json\/wp\/v2\/product_tag?post=123598"}],"curies":[{"name":"wp","href":"https:\/\/api.w.org\/{rel}","templated":true}]}}