{"id":123596,"date":"2022-03-08T00:00:00","date_gmt":"2022-03-08T05:00:00","guid":{"rendered":"https:\/\/gpl-love.com\/es\/producto\/mythemeshop-salvation-wordpress-theme\/"},"modified":"2026-04-10T11:18:20","modified_gmt":"2026-04-10T16:18:20","slug":"mythemeshop-salvation-wordpress-theme","status":"publish","type":"product","link":"https:\/\/gpl-love.com\/es\/producto\/mythemeshop-salvation-wordpress-theme\/","title":{"rendered":"MyThemeShop Salvation WordPress Theme 1.2.12"},"content":{"rendered":"<h3>MyThemeShop Salvation WordPress Theme Caracteristicas<\/h3>\n<p>El tema Mythemeshop Salvation WordPress, con un dise\u00f1o contempor\u00e1neo y adaptable, tiene como objetivo facilitar la creaci\u00f3n perfecta de sitios web visualmente llamativos. El encanto inherente de este tema se encuentra en su dise\u00f1o inmaculado y receptivo, lo que lo convierte en una opci\u00f3n impecable para cualquier sitio web, independientemente del dispositivo desde el que se acceda. En particular, est\u00e1 equipado con una amplia gama de opciones de personalizaci\u00f3n, lo que permite a los usuarios adaptar sus sitios web para cumplir con sus especificaciones \u00fanicas. Adem\u00e1s, abarca una gran cantidad de caracter\u00edsticas invaluables, como un panel de opciones robusto y una variedad de widgets personalizados, entre otros. Con su interfaz intuitivamente navegable, este tema atiende a las necesidades de los usuarios novatos y experimentados por igual. A fin de cuentas, el tema de WordPress de salvaci\u00f3n Mythemeshop surge como una selecci\u00f3n excepcional para las personas que buscan crear un sitio web que exude profesionalismo y encanto visual.<\/p>\n<ul>\n<li>Un tema profesional y elegante de WordPress que es perfecto para blogueros, escritores y editores en l\u00ednea.<\/li>\n<li>Viene con un dise\u00f1o totalmente receptivo, asegurando que su sitio web se vea genial en cualquier dispositivo.<\/li>\n<li>Construido con SEO en mente, lo que facilita que su sitio web se clasifique m\u00e1s alto en las p\u00e1ginas de resultados del motor de b\u00fasqueda.<\/li>\n<li>Ofrece una serie de opciones de personalizaci\u00f3n, incluidos m\u00faltiples dise\u00f1os de p\u00e1gina de inicio y opciones para fondos, fuentes y colores personalizados.<\/li>\n<li>Incluye un poderoso panel de opciones que le permite personalizar f\u00e1cilmente varios aspectos de su sitio web, incluido el encabezado, el pie de p\u00e1gina y los widgets.<\/li>\n<li>Construido para la velocidad y el rendimiento, asegurando que su sitio web se cargue de manera r\u00e1pida y sin problemas para sus visitantes.<\/li>\n<li>Incluye soporte incorporado para la integraci\u00f3n de las redes sociales, lo que le facilita conectarse con su audiencia en Facebook, Twitter y otras plataformas.<\/li>\n<li>Viene con documentaci\u00f3n detallada y soporte del equipo de Mythemeshop, asegurando que pueda ponerse en funcionamiento de manera r\u00e1pida y f\u00e1cil.<\/li>\n<\/ul>\n","protected":false},"excerpt":{"rendered":"<p>El tema de Salvation WordPress de Mythemeshop cuenta con un dise\u00f1o altamente receptivo e incre\u00edblemente flexible, lo que lo hace ideal para una amplia gama de sitios web. Su est\u00e9tica limpia y profesional se complementa con una amplia gama de opciones y caracter\u00edsticas de personalizaci\u00f3n, lo que permite a los propietarios de sitios web adaptar su sitio a sus especificaciones exactas. El tema incluye adem\u00e1s un panel de opciones robusto, que proporciona opciones de color ilimitadas y una gran cantidad de opciones de dise\u00f1o, asegurando un dise\u00f1o de sitio web perfecto y eficiente. Su estilo de vanguardia y sofisticado muestra sin esfuerzo publicaciones de blog, carteras, servicios comerciales y otro contenido, al tiempo que mantiene la compatibilidad con todos los principales navegadores y dispositivos. Adem\u00e1s, est\u00e1 equipado con un control deslizante de \u00faltima generaci\u00f3n, widgets de redes sociales y una variedad de caracter\u00edsticas incorporadas, lo que lo convierte en una opci\u00f3n excepcional y contempor\u00e1nea para las personas que buscan un dise\u00f1o excepcional y moderno para su sitio de WordPress. Como tal, ya sea un blogger o un profesional, el tema de Salvation WordPress de Mythemeshop es sin duda vale la pena explorar.<\/p>\n","protected":false},"featured_media":166928,"comment_status":"open","ping_status":"open","template":"","meta":[],"product_brand":[2505],"product_cat":[1267,1237,1238],"product_tag":[1334],"class_list":{"0":"post-123596","1":"product","2":"type-product","3":"status-publish","4":"has-post-thumbnail","6":"product_brand-my-theme-shop","7":"product_cat-creativo","8":"product_cat-temas","9":"product_cat-wordpress-temas","10":"product_tag-my-theme-shop","11":"member-discount","12":"discount-restricted","14":"first","15":"instock","16":"sale","17":"downloadable","18":"virtual","19":"sold-individually","20":"purchasable","21":"product-type-simple"},"_links":{"self":[{"href":"https:\/\/gpl-love.com\/es\/wp-json\/wp\/v2\/product\/123596","targetHints":{"allow":["GET"]}}],"collection":[{"href":"https:\/\/gpl-love.com\/es\/wp-json\/wp\/v2\/product"}],"about":[{"href":"https:\/\/gpl-love.com\/es\/wp-json\/wp\/v2\/types\/product"}],"replies":[{"embeddable":true,"href":"https:\/\/gpl-love.com\/es\/wp-json\/wp\/v2\/comments?post=123596"}],"wp:featuredmedia":[{"embeddable":true,"href":"https:\/\/gpl-love.com\/es\/wp-json\/wp\/v2\/media\/166928"}],"wp:attachment":[{"href":"https:\/\/gpl-love.com\/es\/wp-json\/wp\/v2\/media?parent=123596"}],"wp:term":[{"taxonomy":"product_brand","embeddable":true,"href":"https:\/\/gpl-love.com\/es\/wp-json\/wp\/v2\/product_brand?post=123596"},{"taxonomy":"product_cat","embeddable":true,"href":"https:\/\/gpl-love.com\/es\/wp-json\/wp\/v2\/product_cat?post=123596"},{"taxonomy":"product_tag","embeddable":true,"href":"https:\/\/gpl-love.com\/es\/wp-json\/wp\/v2\/product_tag?post=123596"}],"curies":[{"name":"wp","href":"https:\/\/api.w.org\/{rel}","templated":true}]}}